{"id":17780,"date":"2025-09-15T12:40:15","date_gmt":"2025-09-15T10:40:15","guid":{"rendered":"https:\/\/stone-heap.com\/?post_type=product&#038;p=17780"},"modified":"2026-04-24T00:00:45","modified_gmt":"2026-04-23T22:00:45","slug":"ice-1-bordrestaurant","status":"publish","type":"product","link":"https:\/\/stone-heap.com\/en\/shop\/komplettsets\/produkt\/ice-1-bordrestaurant\/","title":{"rendered":"ICE 1 on-board restaurant"},"content":{"rendered":"<p><strong>The item offered here is a complete set including clamping blocks, printed instructions, and a fully printed box!<\/strong><\/p>\n<p>Anzahl der Steine: 1.432<br \/>\nLevel of difficulty: Medium<br \/>\nModellgr\u00f6\u00dfe: 53 cm x 7 cm x 10 cm<br \/>\nAge recommendation: 14+<br \/>\nMindestradius: R40<\/p>\n<p>Das Bordrestaurant des legend\u00e4ren ICE 1 gibt es jetzt als hochwertiges Klemmbausteinmodell \u2013 ganz ohne Sticker, ausschlie\u00dflich mit aufwendig bedruckten Teilen. Der Wagen \u00fcberzeugt nicht nur durch seine originalgetreue Au\u00dfenoptik mit pr\u00e4zise bedruckten Logos und Schriftz\u00fcgen, sondern vor allem durch seinen detailreich ausgestalteten Innenraum.<\/p>\n<p>Von Sitzbankgruppen und Sofaecken bis hin zur komplett eingerichteten K\u00fcche ist alles vorhanden, was das Reisen im Original so besonders macht. Damit erg\u00e4nzt dieser Wagen perfekt deine ICE 1 Sammlung und bringt echtes Bahnfeeling auf deine Klemmbaustein-Schienen.<\/p>","protected":false},"excerpt":{"rendered":"<p>Bei dem hier angebotenen Artikel handelt es sich um ein Komplettset inklusive Klemmbausteine, bedruckte Anleitung und voll bedruckte Schachtel! Anzahl der Steine: 1.432 Schwierigkeitsgrad: mittel Modellgr\u00f6\u00dfe: 53 cm x 7 cm x 10 cm Altersempfehlung: 14+ Mindestradius: R40 Das Bordrestaurant des legend\u00e4ren ICE 1 gibt es jetzt als hochwertiges Klemmbausteinmodell \u2013 ganz ohne Sticker, ausschlie\u00dflich [&hellip;]<\/p>","protected":false},"featured_media":18402,"comment_status":"open","ping_status":"closed","template":"","meta":[],"product_brand":[],"product_cat":[44,140,555],"product_tag":[550,87],"class_list":{"0":"post-17780","1":"product","2":"type-product","3":"status-publish","4":"has-post-thumbnail","6":"product_cat-komplettsets","7":"product_cat-stone-heap","8":"product_cat-eisenbahn","9":"product_tag-eisenbahn","10":"product_tag-personenwagen","11":"product_shipping_class-set-versand-neu","13":"first","14":"instock","15":"taxable","16":"shipping-taxable","17":"purchasable","18":"product-type-simple"},"jetpack_sharing_enabled":true,"_links":{"self":[{"href":"https:\/\/stone-heap.com\/en\/wp-json\/wp\/v2\/product\/17780","targetHints":{"allow":["GET"]}}],"collection":[{"href":"https:\/\/stone-heap.com\/en\/wp-json\/wp\/v2\/product"}],"about":[{"href":"https:\/\/stone-heap.com\/en\/wp-json\/wp\/v2\/types\/product"}],"replies":[{"embeddable":true,"href":"https:\/\/stone-heap.com\/en\/wp-json\/wp\/v2\/comments?post=17780"}],"version-history":[{"count":6,"href":"https:\/\/stone-heap.com\/en\/wp-json\/wp\/v2\/product\/17780\/revisions"}],"predecessor-version":[{"id":18904,"href":"https:\/\/stone-heap.com\/en\/wp-json\/wp\/v2\/product\/17780\/revisions\/18904"}],"wp:featuredmedia":[{"embeddable":true,"href":"https:\/\/stone-heap.com\/en\/wp-json\/wp\/v2\/media\/18402"}],"wp:attachment":[{"href":"https:\/\/stone-heap.com\/en\/wp-json\/wp\/v2\/media?parent=17780"}],"wp:term":[{"taxonomy":"product_brand","embeddable":true,"href":"https:\/\/stone-heap.com\/en\/wp-json\/wp\/v2\/product_brand?post=17780"},{"taxonomy":"product_cat","embeddable":true,"href":"https:\/\/stone-heap.com\/en\/wp-json\/wp\/v2\/product_cat?post=17780"},{"taxonomy":"product_tag","embeddable":true,"href":"https:\/\/stone-heap.com\/en\/wp-json\/wp\/v2\/product_tag?post=17780"}],"curies":[{"name":"wp","href":"https:\/\/api.w.org\/{rel}","templated":true}]}}