{"id":17788,"date":"2025-09-15T14:06:22","date_gmt":"2025-09-15T12:06:22","guid":{"rendered":"https:\/\/stone-heap.com\/?post_type=product&#038;p=17788"},"modified":"2026-04-03T22:35:00","modified_gmt":"2026-04-03T20:35:00","slug":"eaos-offener-gueterwagen","status":"publish","type":"product","link":"https:\/\/stone-heap.com\/en\/shop\/komplettsets\/produkt\/eaos-offener-gueterwagen\/","title":{"rendered":"Eaos Open freight car"},"content":{"rendered":"<p><strong>The item offered here is a complete set including clamping blocks, printed instructions, and a fully printed box!<\/strong><\/p>\n<p>Anzahl der Steine: 813<br \/>\nLevel of difficulty: Medium<br \/>\nModellgr\u00f6\u00dfe: 31,5 cm x 8 cm x 8 cm<br \/>\nAge recommendation: 14+<br \/>\nMindestradius: R40<\/p>\n<p>Der EAOS G\u00fcterwagen der SBB erg\u00e4nzt ideal die BR 193 &#8222;Vectron&#8220; Lokomotive von SBB Cargo International im Klemmbausteinma\u00dfstab. Mit seinem robusten Design, voll bedruckten Bauteilen (keine Sticker!) und originalgetreuer Farbgebung steht er f\u00fcr modernen G\u00fcterverkehr auf europ\u00e4ischen Schienen.<\/p>\n<p>Dank offizieller Lizenz der Schweizer Bundesbahnen (SBB) \u00fcberzeugt das Modell nicht nur optisch, sondern auch durch seine Detailtreue. Ideal zum selbst beladen und kombinieren \u2013 ein Muss f\u00fcr alle, die ihre SBB Cargo-Z\u00fcge authentisch erweitern wollen.<\/p>","protected":false},"excerpt":{"rendered":"<p>Bei dem hier angebotenen Artikel handelt es sich um ein Komplettset inklusive Klemmbausteine, bedruckte Anleitung und voll bedruckte Schachtel! Anzahl der Steine: 813 Schwierigkeitsgrad: mittel Modellgr\u00f6\u00dfe: 31,5 cm x 8 cm x 8 cm Altersempfehlung: 14+ Mindestradius: R40 Der EAOS G\u00fcterwagen der SBB erg\u00e4nzt ideal die BR 193 &#8222;Vectron&#8220; Lokomotive von SBB Cargo International im [&hellip;]<\/p>","protected":false},"featured_media":18403,"comment_status":"open","ping_status":"closed","template":"","meta":[],"product_brand":[],"product_cat":[44,555,140],"product_tag":[550,79],"class_list":{"0":"post-17788","1":"product","2":"type-product","3":"status-publish","4":"has-post-thumbnail","6":"product_cat-komplettsets","7":"product_cat-eisenbahn","8":"product_cat-stone-heap","9":"product_tag-eisenbahn","10":"product_tag-gueterwagen","11":"product_shipping_class-set-versand-neu","13":"first","14":"instock","15":"taxable","16":"shipping-taxable","17":"purchasable","18":"product-type-simple"},"jetpack_sharing_enabled":true,"_links":{"self":[{"href":"https:\/\/stone-heap.com\/en\/wp-json\/wp\/v2\/product\/17788","targetHints":{"allow":["GET"]}}],"collection":[{"href":"https:\/\/stone-heap.com\/en\/wp-json\/wp\/v2\/product"}],"about":[{"href":"https:\/\/stone-heap.com\/en\/wp-json\/wp\/v2\/types\/product"}],"replies":[{"embeddable":true,"href":"https:\/\/stone-heap.com\/en\/wp-json\/wp\/v2\/comments?post=17788"}],"version-history":[{"count":3,"href":"https:\/\/stone-heap.com\/en\/wp-json\/wp\/v2\/product\/17788\/revisions"}],"predecessor-version":[{"id":18006,"href":"https:\/\/stone-heap.com\/en\/wp-json\/wp\/v2\/product\/17788\/revisions\/18006"}],"wp:featuredmedia":[{"embeddable":true,"href":"https:\/\/stone-heap.com\/en\/wp-json\/wp\/v2\/media\/18403"}],"wp:attachment":[{"href":"https:\/\/stone-heap.com\/en\/wp-json\/wp\/v2\/media?parent=17788"}],"wp:term":[{"taxonomy":"product_brand","embeddable":true,"href":"https:\/\/stone-heap.com\/en\/wp-json\/wp\/v2\/product_brand?post=17788"},{"taxonomy":"product_cat","embeddable":true,"href":"https:\/\/stone-heap.com\/en\/wp-json\/wp\/v2\/product_cat?post=17788"},{"taxonomy":"product_tag","embeddable":true,"href":"https:\/\/stone-heap.com\/en\/wp-json\/wp\/v2\/product_tag?post=17788"}],"curies":[{"name":"wp","href":"https:\/\/api.w.org\/{rel}","templated":true}]}}