{"id":17830,"date":"2025-09-17T14:22:33","date_gmt":"2025-09-17T12:22:33","guid":{"rendered":"https:\/\/stone-heap.com\/?post_type=product&#038;p=17830"},"modified":"2026-04-08T17:50:25","modified_gmt":"2026-04-08T15:50:25","slug":"hafenmodul-aussenkurve","status":"publish","type":"product","link":"https:\/\/stone-heap.com\/en\/shop\/komplettsets\/produkt\/hafenmodul-aussenkurve\/","title":{"rendered":"Port module outer curve"},"content":{"rendered":"<p>The article offered here is a complete set <strong>Including clamp bricks, printed instructions and fully printed box!<\/strong><\/p>\n<p>Anzahl der Steine: 102<br \/>\nLevel of difficulty: Easy<br \/>\nModellgr\u00f6\u00dfe: 12,5 cm x 12,5 cm x 5 cm<br \/>\nAge recommendation: 10+<\/p>\n<p>Verbinde alle drei Hafenmodule und gestalte dir eine eigene Hafenszenerie so gro\u00df wie du m\u00f6chtest. Nutze die Fahrrillen der Module f\u00fcr unser Containerterminal, schm\u00fccke dein Hafen mit unseren kleinen und gro\u00dfen Zubeh\u00f6rprodukten aus oder verlade schwere G\u00fcter vom Containerschiff auf unseren LKW oder Containertragwagen.<\/p>","protected":false},"excerpt":{"rendered":"<p>Bei dem hier angebotenen Artikel handelt es sich um ein Komplettset inklusive Klemmbausteine, bedruckte Anleitung und voll bedruckte Schachtel! Anzahl der Steine: 102 Schwierigkeitsgrad: leicht Modellgr\u00f6\u00dfe: 12,5 cm x 12,5 cm x 5 cm Altersempfehlung: 10+ Verbinde alle drei Hafenmodule und gestalte dir eine eigene Hafenszenerie so gro\u00df wie du m\u00f6chtest. Nutze die Fahrrillen der [&hellip;]<\/p>","protected":false},"featured_media":18526,"comment_status":"open","ping_status":"closed","template":"","meta":[],"product_brand":[],"product_cat":[44,140,556],"product_tag":[527],"class_list":{"0":"post-17830","1":"product","2":"type-product","3":"status-publish","4":"has-post-thumbnail","6":"product_cat-komplettsets","7":"product_cat-stone-heap","8":"product_cat-hafen","9":"product_tag-hafen","10":"product_shipping_class-set-versand-neu","12":"first","13":"instock","14":"taxable","15":"shipping-taxable","16":"purchasable","17":"product-type-simple"},"jetpack_sharing_enabled":true,"_links":{"self":[{"href":"https:\/\/stone-heap.com\/en\/wp-json\/wp\/v2\/product\/17830","targetHints":{"allow":["GET"]}}],"collection":[{"href":"https:\/\/stone-heap.com\/en\/wp-json\/wp\/v2\/product"}],"about":[{"href":"https:\/\/stone-heap.com\/en\/wp-json\/wp\/v2\/types\/product"}],"replies":[{"embeddable":true,"href":"https:\/\/stone-heap.com\/en\/wp-json\/wp\/v2\/comments?post=17830"}],"version-history":[{"count":2,"href":"https:\/\/stone-heap.com\/en\/wp-json\/wp\/v2\/product\/17830\/revisions"}],"predecessor-version":[{"id":18527,"href":"https:\/\/stone-heap.com\/en\/wp-json\/wp\/v2\/product\/17830\/revisions\/18527"}],"wp:featuredmedia":[{"embeddable":true,"href":"https:\/\/stone-heap.com\/en\/wp-json\/wp\/v2\/media\/18526"}],"wp:attachment":[{"href":"https:\/\/stone-heap.com\/en\/wp-json\/wp\/v2\/media?parent=17830"}],"wp:term":[{"taxonomy":"product_brand","embeddable":true,"href":"https:\/\/stone-heap.com\/en\/wp-json\/wp\/v2\/product_brand?post=17830"},{"taxonomy":"product_cat","embeddable":true,"href":"https:\/\/stone-heap.com\/en\/wp-json\/wp\/v2\/product_cat?post=17830"},{"taxonomy":"product_tag","embeddable":true,"href":"https:\/\/stone-heap.com\/en\/wp-json\/wp\/v2\/product_tag?post=17830"}],"curies":[{"name":"wp","href":"https:\/\/api.w.org\/{rel}","templated":true}]}}