{"id":17856,"date":"2025-09-17T18:11:19","date_gmt":"2025-09-17T16:11:19","guid":{"rendered":"https:\/\/stone-heap.com\/?post_type=product&#038;p=17856"},"modified":"2026-04-08T17:50:24","modified_gmt":"2026-04-08T15:50:24","slug":"grosses-hafenzubehoer","status":"publish","type":"product","link":"https:\/\/stone-heap.com\/en\/shop\/komplettsets\/produkt\/grosses-hafenzubehoer\/","title":{"rendered":"Large harbor accessories"},"content":{"rendered":"<p>The article offered here is a complete set <strong>Including clamp bricks, printed instructions and fully printed box!<\/strong><\/p>\n<p>Anzahl der Steine: 233<br \/>\nLevel of difficulty: Easy<br \/>\nAge recommendation: 12+<\/p>\n<p>Dieses umfangreiche Zubeh\u00f6rset bringt authentische Hafenatmosph\u00e4re in deine Klemmbaustein-Welt. Mit dabei: ein voll beweglicher Gabelstapler, verschiedene Paletten mit Frachtgut wie Gasflaschen, Werkzeugtr\u00e4ger und Holzkisten sowie eine Hafenlaterne.<br data-start=\"307\" data-end=\"310\" \/>Alle Details sind mit Bedruckungen gel\u00f6st, keine Sticker. Die gro\u00dfe Zubeh\u00f6rvielfalt macht das Set zur idealen Erg\u00e4nzung f\u00fcr Lagerhallen, Industrieanlagen oder unsere weiteren Hafenartikel.<\/p>","protected":false},"excerpt":{"rendered":"<p>Bei dem hier angebotenen Artikel handelt es sich um ein Komplettset inklusive Klemmbausteine, bedruckte Anleitung und voll bedruckte Schachtel! Anzahl der Steine: 233 Schwierigkeitsgrad: leicht Altersempfehlung: 12+ Dieses umfangreiche Zubeh\u00f6rset bringt authentische Hafenatmosph\u00e4re in deine Klemmbaustein-Welt. Mit dabei: ein voll beweglicher Gabelstapler, verschiedene Paletten mit Frachtgut wie Gasflaschen, Werkzeugtr\u00e4ger und Holzkisten sowie eine Hafenlaterne.Alle Details [&hellip;]<\/p>","protected":false},"featured_media":18525,"comment_status":"open","ping_status":"closed","template":"","meta":[],"product_brand":[],"product_cat":[44,140,556],"product_tag":[527],"class_list":{"0":"post-17856","1":"product","2":"type-product","3":"status-publish","4":"has-post-thumbnail","6":"product_cat-komplettsets","7":"product_cat-stone-heap","8":"product_cat-hafen","9":"product_tag-hafen","10":"product_shipping_class-set-versand-neu","12":"first","13":"instock","14":"taxable","15":"shipping-taxable","16":"purchasable","17":"product-type-simple"},"jetpack_sharing_enabled":true,"_links":{"self":[{"href":"https:\/\/stone-heap.com\/en\/wp-json\/wp\/v2\/product\/17856","targetHints":{"allow":["GET"]}}],"collection":[{"href":"https:\/\/stone-heap.com\/en\/wp-json\/wp\/v2\/product"}],"about":[{"href":"https:\/\/stone-heap.com\/en\/wp-json\/wp\/v2\/types\/product"}],"replies":[{"embeddable":true,"href":"https:\/\/stone-heap.com\/en\/wp-json\/wp\/v2\/comments?post=17856"}],"version-history":[{"count":2,"href":"https:\/\/stone-heap.com\/en\/wp-json\/wp\/v2\/product\/17856\/revisions"}],"predecessor-version":[{"id":17861,"href":"https:\/\/stone-heap.com\/en\/wp-json\/wp\/v2\/product\/17856\/revisions\/17861"}],"wp:featuredmedia":[{"embeddable":true,"href":"https:\/\/stone-heap.com\/en\/wp-json\/wp\/v2\/media\/18525"}],"wp:attachment":[{"href":"https:\/\/stone-heap.com\/en\/wp-json\/wp\/v2\/media?parent=17856"}],"wp:term":[{"taxonomy":"product_brand","embeddable":true,"href":"https:\/\/stone-heap.com\/en\/wp-json\/wp\/v2\/product_brand?post=17856"},{"taxonomy":"product_cat","embeddable":true,"href":"https:\/\/stone-heap.com\/en\/wp-json\/wp\/v2\/product_cat?post=17856"},{"taxonomy":"product_tag","embeddable":true,"href":"https:\/\/stone-heap.com\/en\/wp-json\/wp\/v2\/product_tag?post=17856"}],"curies":[{"name":"wp","href":"https:\/\/api.w.org\/{rel}","templated":true}]}}