{"id":17862,"date":"2025-09-17T18:39:57","date_gmt":"2025-09-17T16:39:57","guid":{"rendered":"https:\/\/stone-heap.com\/?post_type=product&#038;p=17862"},"modified":"2026-03-20T10:56:49","modified_gmt":"2026-03-20T09:56:49","slug":"containerschiff","status":"publish","type":"product","link":"https:\/\/stone-heap.com\/en\/shop\/komplettsets\/produkt\/containerschiff\/","title":{"rendered":"container ship"},"content":{"rendered":"<p>The article offered here is a complete set <strong>Including clamp bricks, printed instructions and fully printed box!<\/strong><\/p>\n<p>Anzahl der Steine: 2.410<br \/>\nLevel of difficulty: Medium<br \/>\nModellgr\u00f6\u00dfe: 58 cm x 20 cm x 26,5 cm<br \/>\nAge recommendation: 12+<\/p>\n<p>Dieses detailreiche Containerschiff bringt echtes Hafen-Feeling in deine Klemmbausteinwelt. In jedem Mittelelement lassen sich bis zu 8 Container im 20-Fu\u00df-Ma\u00df oder 4 Container im 40-Fu\u00df-Ma\u00df stapeln \u2013 genau wie beim Vorbild auf hoher See.<\/p>\n<p>Dank des Erweiterungssets SH-4011 ist das Schiff beliebig verl\u00e4ngerbar, sodass du deine Flotte flexibel anpassen kannst. Perfekt erg\u00e4nzt wird es durch das Containerterminal SH-4001, mit dem du Container realistisch verladen kannst. Die H\u00f6he des Schiffs ist zudem exakt auf die Hafenmodule SH-4002 bis SH-4004 abgestimmt \u2013 f\u00fcr ein stimmiges Gesamtbild in deinem Brick Port.<\/p>","protected":false},"excerpt":{"rendered":"<p>Bei dem hier angebotenen Artikel handelt es sich um ein Komplettset inklusive Klemmbausteine, bedruckte Anleitung und voll bedruckte Schachtel! Anzahl der Steine: 2.410 Schwierigkeitsgrad: mittel Modellgr\u00f6\u00dfe: 58 cm x 20 cm x 26,5 cm Altersempfehlung: 12+ Dieses detailreiche Containerschiff bringt echtes Hafen-Feeling in deine Klemmbausteinwelt. In jedem Mittelelement lassen sich bis zu 8 Container im [&hellip;]<\/p>","protected":false},"featured_media":18523,"comment_status":"open","ping_status":"closed","template":"","meta":[],"product_brand":[],"product_cat":[44,140,556],"product_tag":[527],"class_list":{"0":"post-17862","1":"product","2":"type-product","3":"status-publish","4":"has-post-thumbnail","6":"product_cat-komplettsets","7":"product_cat-stone-heap","8":"product_cat-hafen","9":"product_tag-hafen","10":"product_shipping_class-set-versand-neu","12":"first","13":"instock","14":"taxable","15":"shipping-taxable","16":"purchasable","17":"product-type-simple"},"jetpack_sharing_enabled":true,"_links":{"self":[{"href":"https:\/\/stone-heap.com\/en\/wp-json\/wp\/v2\/product\/17862","targetHints":{"allow":["GET"]}}],"collection":[{"href":"https:\/\/stone-heap.com\/en\/wp-json\/wp\/v2\/product"}],"about":[{"href":"https:\/\/stone-heap.com\/en\/wp-json\/wp\/v2\/types\/product"}],"replies":[{"embeddable":true,"href":"https:\/\/stone-heap.com\/en\/wp-json\/wp\/v2\/comments?post=17862"}],"version-history":[{"count":3,"href":"https:\/\/stone-heap.com\/en\/wp-json\/wp\/v2\/product\/17862\/revisions"}],"predecessor-version":[{"id":19207,"href":"https:\/\/stone-heap.com\/en\/wp-json\/wp\/v2\/product\/17862\/revisions\/19207"}],"wp:featuredmedia":[{"embeddable":true,"href":"https:\/\/stone-heap.com\/en\/wp-json\/wp\/v2\/media\/18523"}],"wp:attachment":[{"href":"https:\/\/stone-heap.com\/en\/wp-json\/wp\/v2\/media?parent=17862"}],"wp:term":[{"taxonomy":"product_brand","embeddable":true,"href":"https:\/\/stone-heap.com\/en\/wp-json\/wp\/v2\/product_brand?post=17862"},{"taxonomy":"product_cat","embeddable":true,"href":"https:\/\/stone-heap.com\/en\/wp-json\/wp\/v2\/product_cat?post=17862"},{"taxonomy":"product_tag","embeddable":true,"href":"https:\/\/stone-heap.com\/en\/wp-json\/wp\/v2\/product_tag?post=17862"}],"curies":[{"name":"wp","href":"https:\/\/api.w.org\/{rel}","templated":true}]}}