{"id":17887,"date":"2025-09-18T12:42:41","date_gmt":"2025-09-18T10:42:41","guid":{"rendered":"https:\/\/stone-heap.com\/?post_type=product&#038;p=17887"},"modified":"2026-02-02T18:12:41","modified_gmt":"2026-02-02T17:12:41","slug":"radlader","status":"publish","type":"product","link":"https:\/\/stone-heap.com\/en\/shop\/komplettsets\/produkt\/radlader\/","title":{"rendered":"wheel loader"},"content":{"rendered":"<p><strong>The item offered here is a complete set including clamping blocks, printed instructions, and a fully printed box!<\/strong><\/p>\n<p>Anzahl der Steine: 484<br \/>\nLevel of difficulty: Medium<br \/>\nModellgr\u00f6\u00dfe: 28 cm x 9 cm x 15 cm<br \/>\nAge recommendation: 14+<br \/>\nMotorisierungsart: 2x Micro Motoren<\/p>\n<p>Mit diesem kraftvollen Klemmbaustein-Radlader holst du dir echte Baustellen-Action nach Hause! Das Modell \u00fcberzeugt durch ausschlie\u00dflich bedruckte Teile, ganz ohne Sticker und sorgt so f\u00fcr eine langlebige, detailgetreue Optik. Die Schaufel ist heb- und senkbar und macht das Verladen von Baumaterialien zum echten Spielerlebnis.<br data-start=\"370\" data-end=\"373\" \/>F\u00fcr alle, die noch mehr Power wollen, ist der Radlader zus\u00e4tzlich motorisierbar \u2013 f\u00fcr volle Beweglichkeit auf deiner Klemmbaustein-Baustelle.<\/p>\n<p>&nbsp;<\/p>","protected":false},"excerpt":{"rendered":"<p>Bei dem hier angebotenen Artikel handelt es sich um ein Komplettset inklusive Klemmbausteine, bedruckte Anleitung und voll bedruckte Schachtel! Anzahl der Steine: 484 Schwierigkeitsgrad: mittel Modellgr\u00f6\u00dfe: 28 cm x 9 cm x 15 cm Altersempfehlung: 14+ Motorisierungsart: 2x Micro Motoren Mit diesem kraftvollen Klemmbaustein-Radlader holst du dir echte Baustellen-Action nach Hause! Das Modell \u00fcberzeugt durch [&hellip;]<\/p>","protected":false},"featured_media":18508,"comment_status":"open","ping_status":"closed","template":"","meta":[],"product_brand":[],"product_cat":[44,557,140],"product_tag":[544],"class_list":{"0":"post-17887","1":"product","2":"type-product","3":"status-publish","4":"has-post-thumbnail","6":"product_cat-komplettsets","7":"product_cat-baustelle","8":"product_cat-stone-heap","9":"product_tag-baustelle","10":"product_shipping_class-set-versand-neu","12":"first","13":"instock","14":"taxable","15":"shipping-taxable","16":"product-type-simple"},"jetpack_sharing_enabled":true,"_links":{"self":[{"href":"https:\/\/stone-heap.com\/en\/wp-json\/wp\/v2\/product\/17887","targetHints":{"allow":["GET"]}}],"collection":[{"href":"https:\/\/stone-heap.com\/en\/wp-json\/wp\/v2\/product"}],"about":[{"href":"https:\/\/stone-heap.com\/en\/wp-json\/wp\/v2\/types\/product"}],"replies":[{"embeddable":true,"href":"https:\/\/stone-heap.com\/en\/wp-json\/wp\/v2\/comments?post=17887"}],"version-history":[{"count":2,"href":"https:\/\/stone-heap.com\/en\/wp-json\/wp\/v2\/product\/17887\/revisions"}],"predecessor-version":[{"id":18015,"href":"https:\/\/stone-heap.com\/en\/wp-json\/wp\/v2\/product\/17887\/revisions\/18015"}],"wp:featuredmedia":[{"embeddable":true,"href":"https:\/\/stone-heap.com\/en\/wp-json\/wp\/v2\/media\/18508"}],"wp:attachment":[{"href":"https:\/\/stone-heap.com\/en\/wp-json\/wp\/v2\/media?parent=17887"}],"wp:term":[{"taxonomy":"product_brand","embeddable":true,"href":"https:\/\/stone-heap.com\/en\/wp-json\/wp\/v2\/product_brand?post=17887"},{"taxonomy":"product_cat","embeddable":true,"href":"https:\/\/stone-heap.com\/en\/wp-json\/wp\/v2\/product_cat?post=17887"},{"taxonomy":"product_tag","embeddable":true,"href":"https:\/\/stone-heap.com\/en\/wp-json\/wp\/v2\/product_tag?post=17887"}],"curies":[{"name":"wp","href":"https:\/\/api.w.org\/{rel}","templated":true}]}}