{"id":17907,"date":"2025-09-18T13:30:28","date_gmt":"2025-09-18T11:30:28","guid":{"rendered":"https:\/\/stone-heap.com\/?post_type=product&#038;p=17907"},"modified":"2026-04-11T18:50:22","modified_gmt":"2026-04-11T16:50:22","slug":"strassensperren","status":"publish","type":"product","link":"https:\/\/stone-heap.com\/en\/shop\/komplettsets\/produkt\/strassensperren\/","title":{"rendered":"roadblocks"},"content":{"rendered":"<p><strong>The item offered here is a complete set including clamping blocks, printed instructions, and a fully printed box!<\/strong><\/p>\n<p>Anzahl der Steine: 178<br \/>\nLevel of difficulty: Easy<br \/>\nAge recommendation: 10+<\/p>\n<p>Mit diesem vielseitigen Set aus Klemmbaustein-Stra\u00dfensperren lassen sich Baustellenszenen realit\u00e4tsnah nachbauen. Enthalten sind bedruckte Umleitungsschilder, Verkehrsh\u00fctchen sowie bedruckte Verkehrsschilder \u2013 komplett ohne Sticker!<\/p>\n<p>Die Elemente lassen sich beliebig anordnen und sind ideal geeignet f\u00fcr gro\u00dfe und kleine Baustellenszenarien. Ein Muss f\u00fcr alle, die ihre Stadt- oder Baustellenwelt originalgetreu erweitern m\u00f6chten<\/p>","protected":false},"excerpt":{"rendered":"<p>Bei dem hier angebotenen Artikel handelt es sich um ein Komplettset inklusive Klemmbausteine, bedruckte Anleitung und voll bedruckte Schachtel! Anzahl der Steine: 178 Schwierigkeitsgrad: leicht Altersempfehlung: 10+ Mit diesem vielseitigen Set aus Klemmbaustein-Stra\u00dfensperren lassen sich Baustellenszenen realit\u00e4tsnah nachbauen. Enthalten sind bedruckte Umleitungsschilder, Verkehrsh\u00fctchen sowie bedruckte Verkehrsschilder \u2013 komplett ohne Sticker! Die Elemente lassen sich beliebig [&hellip;]<\/p>","protected":false},"featured_media":18506,"comment_status":"open","ping_status":"closed","template":"","meta":[],"product_brand":[],"product_cat":[44,140,557],"product_tag":[544],"class_list":{"0":"post-17907","1":"product","2":"type-product","3":"status-publish","4":"has-post-thumbnail","6":"product_cat-komplettsets","7":"product_cat-stone-heap","8":"product_cat-baustelle","9":"product_tag-baustelle","10":"product_shipping_class-set-versand-neu","12":"first","13":"instock","14":"taxable","15":"shipping-taxable","16":"purchasable","17":"product-type-simple"},"jetpack_sharing_enabled":true,"_links":{"self":[{"href":"https:\/\/stone-heap.com\/en\/wp-json\/wp\/v2\/product\/17907","targetHints":{"allow":["GET"]}}],"collection":[{"href":"https:\/\/stone-heap.com\/en\/wp-json\/wp\/v2\/product"}],"about":[{"href":"https:\/\/stone-heap.com\/en\/wp-json\/wp\/v2\/types\/product"}],"replies":[{"embeddable":true,"href":"https:\/\/stone-heap.com\/en\/wp-json\/wp\/v2\/comments?post=17907"}],"version-history":[{"count":2,"href":"https:\/\/stone-heap.com\/en\/wp-json\/wp\/v2\/product\/17907\/revisions"}],"predecessor-version":[{"id":18516,"href":"https:\/\/stone-heap.com\/en\/wp-json\/wp\/v2\/product\/17907\/revisions\/18516"}],"wp:featuredmedia":[{"embeddable":true,"href":"https:\/\/stone-heap.com\/en\/wp-json\/wp\/v2\/media\/18506"}],"wp:attachment":[{"href":"https:\/\/stone-heap.com\/en\/wp-json\/wp\/v2\/media?parent=17907"}],"wp:term":[{"taxonomy":"product_brand","embeddable":true,"href":"https:\/\/stone-heap.com\/en\/wp-json\/wp\/v2\/product_brand?post=17907"},{"taxonomy":"product_cat","embeddable":true,"href":"https:\/\/stone-heap.com\/en\/wp-json\/wp\/v2\/product_cat?post=17907"},{"taxonomy":"product_tag","embeddable":true,"href":"https:\/\/stone-heap.com\/en\/wp-json\/wp\/v2\/product_tag?post=17907"}],"curies":[{"name":"wp","href":"https:\/\/api.w.org\/{rel}","templated":true}]}}