{"id":17947,"date":"2025-09-18T16:48:15","date_gmt":"2025-09-18T14:48:15","guid":{"rendered":"https:\/\/stone-heap.com\/?post_type=product&#038;p=17947"},"modified":"2026-03-17T12:23:33","modified_gmt":"2026-03-17T11:23:33","slug":"walze","status":"publish","type":"product","link":"https:\/\/stone-heap.com\/en\/shop\/komplettsets\/produkt\/walze\/","title":{"rendered":"Walze"},"content":{"rendered":"<p><strong>The item offered here is a complete set including clamping blocks, printed instructions, and a fully printed box!<\/strong><\/p>\n<p>Anzahl der Steine: 210<br \/>\nLevel of difficulty: Easy<br \/>\nModellgr\u00f6\u00dfe: 12 cm x 6,5 cm x 8 cm<br \/>\nAge recommendation: 10+<\/p>\n<p>Diese Stra\u00dfenwalze aus Klemmbausteinen \u00fcberzeugt mit zahlreichen bedruckten Einzelteilen \u2013 komplett ohne Sticker! Sowohl die vordere als auch hintere Walze sind beweglich, wobei die vordere Walze zus\u00e4tzlich \u00fcber ein gelenkiges Element flexibel gelagert ist. Ein realistisches und funktionales Modell f\u00fcr Bau-Fans, ideal zum Spielen oder als Erg\u00e4nzung zur Baustellenkulisse.<\/p>","protected":false},"excerpt":{"rendered":"<p>Bei dem hier angebotenen Artikel handelt es sich um ein Komplettset inklusive Klemmbausteine, bedruckte Anleitung und voll bedruckte Schachtel! Anzahl der Steine: 210 Schwierigkeitsgrad: leicht Modellgr\u00f6\u00dfe: 12 cm x 6,5 cm x 8 cm Altersempfehlung: 10+ Diese Stra\u00dfenwalze aus Klemmbausteinen \u00fcberzeugt mit zahlreichen bedruckten Einzelteilen \u2013 komplett ohne Sticker! Sowohl die vordere als auch hintere [&hellip;]<\/p>","protected":false},"featured_media":18510,"comment_status":"open","ping_status":"closed","template":"","meta":[],"product_brand":[],"product_cat":[44,140,557],"product_tag":[544],"class_list":{"0":"post-17947","1":"product","2":"type-product","3":"status-publish","4":"has-post-thumbnail","6":"product_cat-komplettsets","7":"product_cat-stone-heap","8":"product_cat-baustelle","9":"product_tag-baustelle","10":"product_shipping_class-set-versand-neu","12":"first","13":"instock","14":"taxable","15":"shipping-taxable","16":"purchasable","17":"product-type-simple"},"jetpack_sharing_enabled":true,"_links":{"self":[{"href":"https:\/\/stone-heap.com\/en\/wp-json\/wp\/v2\/product\/17947","targetHints":{"allow":["GET"]}}],"collection":[{"href":"https:\/\/stone-heap.com\/en\/wp-json\/wp\/v2\/product"}],"about":[{"href":"https:\/\/stone-heap.com\/en\/wp-json\/wp\/v2\/types\/product"}],"replies":[{"embeddable":true,"href":"https:\/\/stone-heap.com\/en\/wp-json\/wp\/v2\/comments?post=17947"}],"version-history":[{"count":1,"href":"https:\/\/stone-heap.com\/en\/wp-json\/wp\/v2\/product\/17947\/revisions"}],"predecessor-version":[{"id":17952,"href":"https:\/\/stone-heap.com\/en\/wp-json\/wp\/v2\/product\/17947\/revisions\/17952"}],"wp:featuredmedia":[{"embeddable":true,"href":"https:\/\/stone-heap.com\/en\/wp-json\/wp\/v2\/media\/18510"}],"wp:attachment":[{"href":"https:\/\/stone-heap.com\/en\/wp-json\/wp\/v2\/media?parent=17947"}],"wp:term":[{"taxonomy":"product_brand","embeddable":true,"href":"https:\/\/stone-heap.com\/en\/wp-json\/wp\/v2\/product_brand?post=17947"},{"taxonomy":"product_cat","embeddable":true,"href":"https:\/\/stone-heap.com\/en\/wp-json\/wp\/v2\/product_cat?post=17947"},{"taxonomy":"product_tag","embeddable":true,"href":"https:\/\/stone-heap.com\/en\/wp-json\/wp\/v2\/product_tag?post=17947"}],"curies":[{"name":"wp","href":"https:\/\/api.w.org\/{rel}","templated":true}]}}