{"id":17975,"date":"2025-09-18T17:28:15","date_gmt":"2025-09-18T15:28:15","guid":{"rendered":"https:\/\/stone-heap.com\/?post_type=product&#038;p=17975"},"modified":"2026-02-07T19:55:28","modified_gmt":"2026-02-07T18:55:28","slug":"et-2010-avg-stadtbahn","status":"publish","type":"product","link":"https:\/\/stone-heap.com\/en\/shop\/komplettsets\/produkt\/et-2010-avg-stadtbahn\/","title":{"rendered":"ET-2010 AVG light rail vehicle"},"content":{"rendered":"<p><strong>The item offered here is a complete set including clamping blocks, printed instructions, and a fully printed box!<\/strong><\/p>\n<p>Dieses Set wird erst wieder 2027 verf\u00fcgbar sein!<\/p>\n<p>Anzahl der Steine:\u00a02.605<br \/>\nLevel of difficulty: Medium<br \/>\nModellgr\u00f6\u00dfe: 83,5 cm x 6,5 cm x 12 cm<br \/>\nAge recommendation: 16+<br \/>\nMindestradius: R40<br \/>\nMotorisierungsart: 2x <a href=\"https:\/\/stone-heap.com\/en\/shop\/zubehoer\/produkt\/red-l-motor\/\">RED L-Motor<\/a><\/p>\n<p>Mit diesem detailgetreuen Set bringst du die Karlsruher Stadtbahn direkt in deine Sammlung. Der ET 2010 erscheint unter offizieller Lizenz der AVG und des KVV und \u00fcberzeugt durch zahlreiche hochwertige Bedruckungen f\u00fcr Logos und Fahrzeuggrafiken. Die beiliegenden Sticker f\u00fcr die Linienziele erg\u00e4nzen das Modell perfekt.<\/p>\n<p>Im Inneren erwartet dich ein liebevoll gestalteter Innenraum mit vielen Sitzm\u00f6glichkeiten. Besonderes Highlight ist die originalgetreue Nachbildung des Dachgartens, die das Fahrzeug unverwechselbar macht. Dank modular abnehmbarer D\u00e4cher bleibt der Innenraum jederzeit zug\u00e4nglich. Das Modell ist motorisierbar (Komponenten separat erh\u00e4ltlich).<\/p>\n<p>Warum ist der ET 2010 so besonders?<br \/>\nAls modernes Zweisystemfahrzeug ist er in der Region flexibel einsetzbar. Der ET 2010 kann sowohl auf Stra\u00dfenbahnstrecken als auch auf klassischen Eisenbahntrassen fahren. So verbindet er Karlsruhe direkt mit St\u00e4dten wie Heilbronn, Baden-Baden, Germersheim oder Pforzheim. Dieses &#8222;Karlsruher Modell&#8220; gilt international als Vorbild und macht die Stadtbahn zu einem echten Pionier im Nahverkehr.<\/p>","protected":false},"excerpt":{"rendered":"<p>Bei dem hier angebotenen Artikel handelt es sich um ein Komplettset inklusive Klemmbausteine, bedruckte Anleitung und voll bedruckte Schachtel! Dieses Set wird erst wieder 2027 verf\u00fcgbar sein! Anzahl der Steine:\u00a02.605 Schwierigkeitsgrad: mittel Modellgr\u00f6\u00dfe: 83,5 cm x 6,5 cm x 12 cm Altersempfehlung: 16+ Mindestradius: R40 Motorisierungsart: 2x RED L-Motor Mit diesem detailgetreuen Set bringst du [&hellip;]<\/p>","protected":false},"featured_media":19879,"comment_status":"open","ping_status":"closed","template":"","meta":[],"product_brand":[],"product_cat":[44,140,554],"product_tag":[127],"class_list":{"0":"post-17975","1":"product","2":"type-product","3":"status-publish","4":"has-post-thumbnail","6":"product_cat-komplettsets","7":"product_cat-stone-heap","8":"product_cat-town-life","9":"product_tag-strassenbahn","10":"product_shipping_class-set-versand-neu","12":"first","13":"outofstock","14":"taxable","15":"shipping-taxable","16":"product-type-simple"},"jetpack_sharing_enabled":true,"_links":{"self":[{"href":"https:\/\/stone-heap.com\/en\/wp-json\/wp\/v2\/product\/17975","targetHints":{"allow":["GET"]}}],"collection":[{"href":"https:\/\/stone-heap.com\/en\/wp-json\/wp\/v2\/product"}],"about":[{"href":"https:\/\/stone-heap.com\/en\/wp-json\/wp\/v2\/types\/product"}],"replies":[{"embeddable":true,"href":"https:\/\/stone-heap.com\/en\/wp-json\/wp\/v2\/comments?post=17975"}],"version-history":[{"count":10,"href":"https:\/\/stone-heap.com\/en\/wp-json\/wp\/v2\/product\/17975\/revisions"}],"predecessor-version":[{"id":19882,"href":"https:\/\/stone-heap.com\/en\/wp-json\/wp\/v2\/product\/17975\/revisions\/19882"}],"wp:featuredmedia":[{"embeddable":true,"href":"https:\/\/stone-heap.com\/en\/wp-json\/wp\/v2\/media\/19879"}],"wp:attachment":[{"href":"https:\/\/stone-heap.com\/en\/wp-json\/wp\/v2\/media?parent=17975"}],"wp:term":[{"taxonomy":"product_brand","embeddable":true,"href":"https:\/\/stone-heap.com\/en\/wp-json\/wp\/v2\/product_brand?post=17975"},{"taxonomy":"product_cat","embeddable":true,"href":"https:\/\/stone-heap.com\/en\/wp-json\/wp\/v2\/product_cat?post=17975"},{"taxonomy":"product_tag","embeddable":true,"href":"https:\/\/stone-heap.com\/en\/wp-json\/wp\/v2\/product_tag?post=17975"}],"curies":[{"name":"wp","href":"https:\/\/api.w.org\/{rel}","templated":true}]}}