{"id":18156,"date":"2025-10-08T21:18:02","date_gmt":"2025-10-08T19:18:02","guid":{"rendered":"https:\/\/stone-heap.com\/?post_type=product&#038;p=18156"},"modified":"2025-10-19T14:49:11","modified_gmt":"2025-10-19T12:49:11","slug":"rhein-neckar-tram-3-teiliges-starterset","status":"publish","type":"product","link":"https:\/\/stone-heap.com\/en\/shop\/komplettsets\/produkt\/rhein-neckar-tram-3-teiliges-starterset\/","title":{"rendered":"Rhein Neckar Tram 3-piece starter set"},"content":{"rendered":"<p><strong>The item offered here is a complete set including clamping blocks, printed instructions, and a fully printed box!<\/strong><\/p>\n<p>Anzahl der Steine: 1.669<br \/>\nLevel of difficulty: Medium<br \/>\nModellgr\u00f6\u00dfe: 65 cm x 5 cm x 12 cm<br \/>\nAge recommendation: 12+<br \/>\nMindestradius: R40<br \/>\nMotorisierungsart: 1x <a href=\"https:\/\/stone-heap.com\/en\/shop\/zubehoer\/produkt\/l-motor\/\">L-Motor<\/a><\/p>\n<p>Erlebe die Rhein-Neckar-Tram jetzt als detailliertes Klemmbausteinmodell. Dieses Set bildet die dreiteilige Basisvariante der Rhein-Neckar Tram nach. Das Set begeistert mit der authentischen Formgebung und liebevoll gestalteten Innenraum in den beiden Triebk\u00f6pfen. Das Modell l\u00e4sst sich dank modularer Dachkonstruktion bequem \u00f6ffnen und bietet Platz f\u00fcr individuelle Gestaltungen.<\/p>\n<p>F\u00fcr alle, die mehr Bewegung wollen: Der Mittelwagen kann nach Wunsch mit einem L-Motor sowie einer Akkubox und Fernbedienung (nicht im Set enthalten) motorisiert werden.<\/p>\n<p>Ein Stickerbogen mit folgenden Linien liegt bei:<br \/>\n\u2013 Linie 5: Heidelberg \u2013 Mannheim<br \/>\n\u2013 Linie 1: Sch\u00f6nau \u2013 Rheinau Bf.<\/p>\n<p>Mit dem Erweiterungsset SH-2006 l\u00e4sst sich die Tram zu einer vier- oder sechsteiligen Version ausbauen. Jeder Erweiterungswagen (SH-2006) kann zudem auch motorisiert werden.<\/p>\n<p>Kompatibel mit Klemmbausteinen anderer Marken und g\u00e4ngigen Gleissystemen.<\/p>\n<p>&nbsp;<\/p>","protected":false},"excerpt":{"rendered":"<p>Bei dem hier angebotenen Artikel handelt es sich um ein Komplettset inklusive Klemmbausteine, bedruckte Anleitung und voll bedruckte Schachtel! Anzahl der Steine: 1.669 Schwierigkeitsgrad: mittel Modellgr\u00f6\u00dfe: 65 cm x 5 cm x 12 cm Altersempfehlung: 12+ Mindestradius: R40 Motorisierungsart: 1x L-Motor Erlebe die Rhein-Neckar-Tram jetzt als detailliertes Klemmbausteinmodell. Dieses Set bildet die dreiteilige Basisvariante der [&hellip;]<\/p>","protected":false},"featured_media":18389,"comment_status":"open","ping_status":"closed","template":"","meta":[],"product_brand":[],"product_cat":[44,140,554],"product_tag":[127],"class_list":{"0":"post-18156","1":"product","2":"type-product","3":"status-publish","4":"has-post-thumbnail","6":"product_cat-komplettsets","7":"product_cat-stone-heap","8":"product_cat-town-life","9":"product_tag-strassenbahn","10":"product_shipping_class-set-versand-neu","12":"first","13":"instock","14":"taxable","15":"shipping-taxable","16":"product-type-simple"},"jetpack_sharing_enabled":true,"_links":{"self":[{"href":"https:\/\/stone-heap.com\/en\/wp-json\/wp\/v2\/product\/18156","targetHints":{"allow":["GET"]}}],"collection":[{"href":"https:\/\/stone-heap.com\/en\/wp-json\/wp\/v2\/product"}],"about":[{"href":"https:\/\/stone-heap.com\/en\/wp-json\/wp\/v2\/types\/product"}],"replies":[{"embeddable":true,"href":"https:\/\/stone-heap.com\/en\/wp-json\/wp\/v2\/comments?post=18156"}],"version-history":[{"count":2,"href":"https:\/\/stone-heap.com\/en\/wp-json\/wp\/v2\/product\/18156\/revisions"}],"predecessor-version":[{"id":21610,"href":"https:\/\/stone-heap.com\/en\/wp-json\/wp\/v2\/product\/18156\/revisions\/21610"}],"wp:featuredmedia":[{"embeddable":true,"href":"https:\/\/stone-heap.com\/en\/wp-json\/wp\/v2\/media\/18389"}],"wp:attachment":[{"href":"https:\/\/stone-heap.com\/en\/wp-json\/wp\/v2\/media?parent=18156"}],"wp:term":[{"taxonomy":"product_brand","embeddable":true,"href":"https:\/\/stone-heap.com\/en\/wp-json\/wp\/v2\/product_brand?post=18156"},{"taxonomy":"product_cat","embeddable":true,"href":"https:\/\/stone-heap.com\/en\/wp-json\/wp\/v2\/product_cat?post=18156"},{"taxonomy":"product_tag","embeddable":true,"href":"https:\/\/stone-heap.com\/en\/wp-json\/wp\/v2\/product_tag?post=18156"}],"curies":[{"name":"wp","href":"https:\/\/api.w.org\/{rel}","templated":true}]}}