{"id":18177,"date":"2025-10-08T22:33:47","date_gmt":"2025-10-08T20:33:47","guid":{"rendered":"https:\/\/stone-heap.com\/?post_type=product&#038;p=18177"},"modified":"2026-03-02T18:01:18","modified_gmt":"2026-03-02T17:01:18","slug":"rnv-fahrkartenautomat","status":"publish","type":"product","link":"https:\/\/stone-heap.com\/en\/shop\/komplettsets\/produkt\/rnv-fahrkartenautomat\/","title":{"rendered":"RNV ticket machine"},"content":{"rendered":"<p>The article offered here is a complete set <strong>inklusive Klemmbausteine, bedruckte Anleitung, bedruckte Steine und bedruckte Schachtel! <\/strong><\/p>\n<p>Anzahl der Steine: 64<br \/>\nLevel of difficulty: Easy<br \/>\nModellgr\u00f6\u00dfe: 4 cm x 2 cm x 7 cm<br \/>\nAge recommendation: 12+<\/p>\n<p>Erweitere deine RNV-Klemmbausteinwelt mit diesem detailgetreuen Zubeh\u00f6rartikel: dem RNV Fahrkartenautomaten. Perfekt abgestimmt auf den RNV Linienbus und die Rhein-Neckar-Tram, rundet dieser Automat dein Stadt- oder Nahverkehrs-Diorama ideal ab. Alle Logos und Schriftz\u00fcge sind hochwertig direkt auf den Bausteinen aufgedruckt, ganz ohne Sticker. Ein kleines, aber unverzichtbares Detail f\u00fcr alle Fans der RNV-Klemmbausteinserie.<\/p>","protected":false},"excerpt":{"rendered":"<p>Bei dem hier angebotenen Artikel handelt es sich um ein Komplettset inklusive Klemmbausteine, bedruckte Anleitung, bedruckte Steine und bedruckte Schachtel! Anzahl der Steine: 64 Schwierigkeitsgrad: leicht Modellgr\u00f6\u00dfe: 4 cm x 2 cm x 7 cm Altersempfehlung: 12+ Erweitere deine RNV-Klemmbausteinwelt mit diesem detailgetreuen Zubeh\u00f6rartikel: dem RNV Fahrkartenautomaten. Perfekt abgestimmt auf den RNV Linienbus und die [&hellip;]<\/p>","protected":false},"featured_media":18181,"comment_status":"open","ping_status":"closed","template":"","meta":[],"product_brand":[],"product_cat":[44,140,554],"product_tag":[549],"class_list":{"0":"post-18177","1":"product","2":"type-product","3":"status-publish","4":"has-post-thumbnail","6":"product_cat-komplettsets","7":"product_cat-stone-heap","8":"product_cat-town-life","9":"product_tag-town-life","10":"product_shipping_class-set-versand-neu","12":"first","13":"instock","14":"taxable","15":"shipping-taxable","16":"product-type-simple"},"jetpack_sharing_enabled":true,"_links":{"self":[{"href":"https:\/\/stone-heap.com\/en\/wp-json\/wp\/v2\/product\/18177","targetHints":{"allow":["GET"]}}],"collection":[{"href":"https:\/\/stone-heap.com\/en\/wp-json\/wp\/v2\/product"}],"about":[{"href":"https:\/\/stone-heap.com\/en\/wp-json\/wp\/v2\/types\/product"}],"replies":[{"embeddable":true,"href":"https:\/\/stone-heap.com\/en\/wp-json\/wp\/v2\/comments?post=18177"}],"version-history":[{"count":3,"href":"https:\/\/stone-heap.com\/en\/wp-json\/wp\/v2\/product\/18177\/revisions"}],"predecessor-version":[{"id":21608,"href":"https:\/\/stone-heap.com\/en\/wp-json\/wp\/v2\/product\/18177\/revisions\/21608"}],"wp:featuredmedia":[{"embeddable":true,"href":"https:\/\/stone-heap.com\/en\/wp-json\/wp\/v2\/media\/18181"}],"wp:attachment":[{"href":"https:\/\/stone-heap.com\/en\/wp-json\/wp\/v2\/media?parent=18177"}],"wp:term":[{"taxonomy":"product_brand","embeddable":true,"href":"https:\/\/stone-heap.com\/en\/wp-json\/wp\/v2\/product_brand?post=18177"},{"taxonomy":"product_cat","embeddable":true,"href":"https:\/\/stone-heap.com\/en\/wp-json\/wp\/v2\/product_cat?post=18177"},{"taxonomy":"product_tag","embeddable":true,"href":"https:\/\/stone-heap.com\/en\/wp-json\/wp\/v2\/product_tag?post=18177"}],"curies":[{"name":"wp","href":"https:\/\/api.w.org\/{rel}","templated":true}]}}