{"id":18187,"date":"2025-10-08T23:01:00","date_gmt":"2025-10-08T21:01:00","guid":{"rendered":"https:\/\/stone-heap.com\/?post_type=product&#038;p=18187"},"modified":"2026-03-02T18:01:06","modified_gmt":"2026-03-02T17:01:06","slug":"rnv-linienbus","status":"publish","type":"product","link":"https:\/\/stone-heap.com\/en\/shop\/komplettsets\/produkt\/rnv-linienbus\/","title":{"rendered":"RNV public bus"},"content":{"rendered":"<p><strong>The item offered here is a complete set including clamping blocks, printed instructions, and a fully printed box!<\/strong><\/p>\n<p>Anzahl der Steine: 409<br \/>\nLevel of difficulty: Medium<br \/>\nModellgr\u00f6\u00dfe: 29,5 cm x 7,5 cm x 9,5 cm<br \/>\nAge recommendation: 12+<\/p>\n<p>Entdecke neben der Rhein Neckar Tram aus Klemmbausteinen jetzt auch den RNV-Linienbus aus Klemmbausteinen.<br \/>\nDas Modell zeichnet sich durch seine vielf\u00e4ltigen Funktionen aus. So ist das Dach modular leicht abnehmbar und beide T\u00fcren sind leicht zu \u00f6ffnen. Dem Bus liegen 3 mit Stickern individuell aufbringbare Linienziele bei.<\/p>\n<p>Folgende Linienziele sind als Sticker inkludiert:<\/p>\n<p>53 K\u00e4fertal<br \/>\n65 Hochschule West<br \/>\n60 Ulmenweg \u00fc. Herzogenried<\/p>\n<p>&nbsp;<\/p>","protected":false},"excerpt":{"rendered":"<p>Bei dem hier angebotenen Artikel handelt es sich um ein Komplettset inklusive Klemmbausteine, bedruckte Anleitung und voll bedruckte Schachtel! Anzahl der Steine: 409 Schwierigkeitsgrad: mittel Modellgr\u00f6\u00dfe: 29,5 cm x 7,5 cm x 9,5 cm Altersempfehlung: 12+ Entdecke neben der Rhein Neckar Tram aus Klemmbausteinen jetzt auch den RNV-Linienbus aus Klemmbausteinen. Das Modell zeichnet sich durch [&hellip;]<\/p>","protected":false},"featured_media":18392,"comment_status":"open","ping_status":"closed","template":"","meta":[],"product_brand":[],"product_cat":[44,140,554],"product_tag":[121],"class_list":{"0":"post-18187","1":"product","2":"type-product","3":"status-publish","4":"has-post-thumbnail","6":"product_cat-komplettsets","7":"product_cat-stone-heap","8":"product_cat-town-life","9":"product_tag-bus","10":"product_shipping_class-set-versand-neu","12":"first","13":"instock","14":"taxable","15":"shipping-taxable","16":"product-type-simple"},"jetpack_sharing_enabled":true,"_links":{"self":[{"href":"https:\/\/stone-heap.com\/en\/wp-json\/wp\/v2\/product\/18187","targetHints":{"allow":["GET"]}}],"collection":[{"href":"https:\/\/stone-heap.com\/en\/wp-json\/wp\/v2\/product"}],"about":[{"href":"https:\/\/stone-heap.com\/en\/wp-json\/wp\/v2\/types\/product"}],"replies":[{"embeddable":true,"href":"https:\/\/stone-heap.com\/en\/wp-json\/wp\/v2\/comments?post=18187"}],"version-history":[{"count":2,"href":"https:\/\/stone-heap.com\/en\/wp-json\/wp\/v2\/product\/18187\/revisions"}],"predecessor-version":[{"id":21607,"href":"https:\/\/stone-heap.com\/en\/wp-json\/wp\/v2\/product\/18187\/revisions\/21607"}],"wp:featuredmedia":[{"embeddable":true,"href":"https:\/\/stone-heap.com\/en\/wp-json\/wp\/v2\/media\/18392"}],"wp:attachment":[{"href":"https:\/\/stone-heap.com\/en\/wp-json\/wp\/v2\/media?parent=18187"}],"wp:term":[{"taxonomy":"product_brand","embeddable":true,"href":"https:\/\/stone-heap.com\/en\/wp-json\/wp\/v2\/product_brand?post=18187"},{"taxonomy":"product_cat","embeddable":true,"href":"https:\/\/stone-heap.com\/en\/wp-json\/wp\/v2\/product_cat?post=18187"},{"taxonomy":"product_tag","embeddable":true,"href":"https:\/\/stone-heap.com\/en\/wp-json\/wp\/v2\/product_tag?post=18187"}],"curies":[{"name":"wp","href":"https:\/\/api.w.org\/{rel}","templated":true}]}}