{"id":18290,"date":"2025-10-16T10:36:01","date_gmt":"2025-10-16T08:36:01","guid":{"rendered":"https:\/\/stone-heap.com\/?post_type=product&#038;p=18290"},"modified":"2026-04-08T23:15:16","modified_gmt":"2026-04-08T21:15:16","slug":"containerterminal","status":"publish","type":"product","link":"https:\/\/stone-heap.com\/en\/shop\/komplettsets\/produkt\/containerterminal\/","title":{"rendered":"container port"},"content":{"rendered":"<p>The article offered here is a complete set <strong>Including clamp bricks, printed instructions and fully printed box!<br \/>\nEs sind keine Hafenmodule sowie Container im Set enthalten.<br \/>\n<\/strong><\/p>\n<p>Anzahl der Steine: 1.583<br \/>\nLevel of difficulty: Medium<br \/>\nModellgr\u00f6\u00dfe: 75 cm x 33 cm x 35 cm<br \/>\nAge recommendation: 12+<\/p>\n<p>Dieses detailreiche Containerterminal bringt realistische Verlade-Action in deine Klemmbausteinszenerie. Alle Logos und Verzierungen sind hochwertig bedruckt und sorgen so f\u00fcr eine langlebige, authentische Optik wie beim gro\u00dfen Vorbild.<\/p>\n<p>Das Terminal ist sowohl f\u00fcr 20-Fu\u00df-Container als auch f\u00fcr 40-Fu\u00df-Container geeignet. In Kombination mit den passenden Hafenmodulen ist es sogar beweglich und kann flexibel in deinem Hafen eingesetzt werden.<br \/>\nEgal ob Containertragwagen, LKW oder Containerschiffe \u2013 deine Fracht l\u00e4sst sich originalgetreu be- und entladen. F\u00fcr noch mehr Spielspa\u00df kann das Containerterminal zudem motorisiert werden, sodass du deine Hafenlogistik voll automatisieren kannst.<\/p>\n<p><strong>Wichtig: Damit dein Containerterminal eine stabile und realistische Basis hat, ben\u00f6tigst du min. folgende Grundmodule:<\/strong><br \/>\n3x\u00a0<a href=\"https:\/\/stone-heap.com\/en\/shop\/komplettsets\/produkt\/hafenmodul-mitte\/\">Central port module<\/a><br \/>\n6x\u00a0<a href=\"https:\/\/stone-heap.com\/en\/shop\/komplettsets\/produkt\/hafenmodul-gerade\/\">Port module Straight<br \/>\n<\/a><\/p>\n<p>&nbsp;<\/p>\n<p>&nbsp;<\/p>\n<p>&nbsp;<\/p>","protected":false},"excerpt":{"rendered":"<p>Bei dem hier angebotenen Artikel handelt es sich um ein Komplettset inklusive Klemmbausteine, bedruckte Anleitung und voll bedruckte Schachtel! Es sind keine Hafenmodule sowie Container im Set enthalten. Anzahl der Steine: 1.583 Schwierigkeitsgrad: mittel Modellgr\u00f6\u00dfe: 75 cm x 33 cm x 35 cm Altersempfehlung: 12+ Dieses detailreiche Containerterminal bringt realistische Verlade-Action in deine Klemmbausteinszenerie. Alle [&hellip;]<\/p>","protected":false},"featured_media":18520,"comment_status":"open","ping_status":"closed","template":"","meta":[],"product_brand":[],"product_cat":[44,140,556],"product_tag":[527],"class_list":{"0":"post-18290","1":"product","2":"type-product","3":"status-publish","4":"has-post-thumbnail","6":"product_cat-komplettsets","7":"product_cat-stone-heap","8":"product_cat-hafen","9":"product_tag-hafen","10":"product_shipping_class-set-versand-neu","12":"first","13":"instock","14":"taxable","15":"shipping-taxable","16":"purchasable","17":"product-type-simple"},"jetpack_sharing_enabled":true,"_links":{"self":[{"href":"https:\/\/stone-heap.com\/en\/wp-json\/wp\/v2\/product\/18290","targetHints":{"allow":["GET"]}}],"collection":[{"href":"https:\/\/stone-heap.com\/en\/wp-json\/wp\/v2\/product"}],"about":[{"href":"https:\/\/stone-heap.com\/en\/wp-json\/wp\/v2\/types\/product"}],"replies":[{"embeddable":true,"href":"https:\/\/stone-heap.com\/en\/wp-json\/wp\/v2\/comments?post=18290"}],"version-history":[{"count":3,"href":"https:\/\/stone-heap.com\/en\/wp-json\/wp\/v2\/product\/18290\/revisions"}],"predecessor-version":[{"id":18299,"href":"https:\/\/stone-heap.com\/en\/wp-json\/wp\/v2\/product\/18290\/revisions\/18299"}],"wp:featuredmedia":[{"embeddable":true,"href":"https:\/\/stone-heap.com\/en\/wp-json\/wp\/v2\/media\/18520"}],"wp:attachment":[{"href":"https:\/\/stone-heap.com\/en\/wp-json\/wp\/v2\/media?parent=18290"}],"wp:term":[{"taxonomy":"product_brand","embeddable":true,"href":"https:\/\/stone-heap.com\/en\/wp-json\/wp\/v2\/product_brand?post=18290"},{"taxonomy":"product_cat","embeddable":true,"href":"https:\/\/stone-heap.com\/en\/wp-json\/wp\/v2\/product_cat?post=18290"},{"taxonomy":"product_tag","embeddable":true,"href":"https:\/\/stone-heap.com\/en\/wp-json\/wp\/v2\/product_tag?post=18290"}],"curies":[{"name":"wp","href":"https:\/\/api.w.org\/{rel}","templated":true}]}}