{"id":18300,"date":"2025-10-16T11:01:25","date_gmt":"2025-10-16T09:01:25","guid":{"rendered":"https:\/\/stone-heap.com\/?post_type=product&#038;p=18300"},"modified":"2026-04-08T14:59:10","modified_gmt":"2026-04-08T12:59:10","slug":"m-motor","status":"publish","type":"product","link":"https:\/\/stone-heap.com\/en\/shop\/zubehoer\/produkt\/m-motor\/","title":{"rendered":"M-Motor"},"content":{"rendered":"<p data-start=\"173\" data-end=\"425\">R\u00fcste deine Modelle mit unserem M-Motor aus \u2013 perfekt f\u00fcr kleinere Z\u00fcge, leichte Fahrzeuge und gem\u00fctliche Fahrten. Er bietet eine gleichm\u00e4\u00dfige, ruhige Kraft\u00fcbertragung und ist ideal, wenn keine hohe Zugkraft oder Geschwindigkeit ben\u00f6tigt wird.<\/p>\n<p data-start=\"427\" data-end=\"446\">Lieferumfang:<strong data-start=\"427\" data-end=\"444\"><br \/>\n<\/strong>1\u00d7 M-Motor<\/p>\n<p data-start=\"427\" data-end=\"446\">Technische Daten:<br \/>\nRPM: 500 U\/min<br \/>\nTorque: 0,9 kg*cm<\/p>\n<p>Highlights:<br \/>\nOptimal f\u00fcr kleinere Z\u00fcge und gem\u00fctliche Fahrten \u2013 gleichm\u00e4\u00dfige Leistung \u00fcber lange Strecken<br \/>\nKompatibel mit g\u00e4ngigen Akkuboxen und Power-Systemen verschiedener Hersteller<br \/>\nLaufruhig &amp; effizient<br \/>\nPerfekt in Kombination mit Fernbedienungssystemen nutzbar<\/p>\n<p data-start=\"984\" data-end=\"1122\">Der M-Motor ist ideal f\u00fcr pr\u00e4zise, zuverl\u00e4ssige Bewegungen und sanftes Fahrverhalten. Wenn du jedoch mehr Power und Geschwindigkeit f\u00fcr gro\u00dfe Z\u00fcge oder anspruchsvolle Modelle suchst, ist der <a href=\"https:\/\/stone-heap.com\/en\/shop\/komplettsets\/produkt\/red-m-motor\/\">RED M-Motor<\/a> die bessere Wahl.<\/p>","protected":false},"excerpt":{"rendered":"<p>R\u00fcste deine Modelle mit unserem M-Motor aus \u2013 perfekt f\u00fcr kleinere Z\u00fcge, leichte Fahrzeuge und gem\u00fctliche Fahrten. Er bietet eine gleichm\u00e4\u00dfige, ruhige Kraft\u00fcbertragung und ist ideal, wenn keine hohe Zugkraft oder Geschwindigkeit ben\u00f6tigt wird. Lieferumfang: 1\u00d7 M-Motor Technische Daten: RPM: 500 U\/min Torque: 0,9 kg*cm Highlights: Optimal f\u00fcr kleinere Z\u00fcge und gem\u00fctliche Fahrten \u2013 gleichm\u00e4\u00dfige [&hellip;]<\/p>","protected":false},"featured_media":18302,"comment_status":"open","ping_status":"closed","template":"","meta":[],"product_brand":[],"product_cat":[98,541],"product_tag":[542,123],"class_list":{"0":"post-18300","1":"product","2":"type-product","3":"status-publish","4":"has-post-thumbnail","6":"product_cat-zubehoer","7":"product_cat-motorisierung","8":"product_tag-motor","9":"product_tag-zubehoer","10":"product_shipping_class-set-versand-neu","12":"first","13":"instock","14":"taxable","15":"shipping-taxable","16":"purchasable","17":"product-type-simple"},"jetpack_sharing_enabled":true,"_links":{"self":[{"href":"https:\/\/stone-heap.com\/en\/wp-json\/wp\/v2\/product\/18300","targetHints":{"allow":["GET"]}}],"collection":[{"href":"https:\/\/stone-heap.com\/en\/wp-json\/wp\/v2\/product"}],"about":[{"href":"https:\/\/stone-heap.com\/en\/wp-json\/wp\/v2\/types\/product"}],"replies":[{"embeddable":true,"href":"https:\/\/stone-heap.com\/en\/wp-json\/wp\/v2\/comments?post=18300"}],"version-history":[{"count":7,"href":"https:\/\/stone-heap.com\/en\/wp-json\/wp\/v2\/product\/18300\/revisions"}],"predecessor-version":[{"id":18990,"href":"https:\/\/stone-heap.com\/en\/wp-json\/wp\/v2\/product\/18300\/revisions\/18990"}],"wp:featuredmedia":[{"embeddable":true,"href":"https:\/\/stone-heap.com\/en\/wp-json\/wp\/v2\/media\/18302"}],"wp:attachment":[{"href":"https:\/\/stone-heap.com\/en\/wp-json\/wp\/v2\/media?parent=18300"}],"wp:term":[{"taxonomy":"product_brand","embeddable":true,"href":"https:\/\/stone-heap.com\/en\/wp-json\/wp\/v2\/product_brand?post=18300"},{"taxonomy":"product_cat","embeddable":true,"href":"https:\/\/stone-heap.com\/en\/wp-json\/wp\/v2\/product_cat?post=18300"},{"taxonomy":"product_tag","embeddable":true,"href":"https:\/\/stone-heap.com\/en\/wp-json\/wp\/v2\/product_tag?post=18300"}],"curies":[{"name":"wp","href":"https:\/\/api.w.org\/{rel}","templated":true}]}}