{"id":18304,"date":"2025-10-16T11:30:33","date_gmt":"2025-10-16T09:30:33","guid":{"rendered":"https:\/\/stone-heap.com\/?post_type=product&#038;p=18304"},"modified":"2026-04-19T11:00:05","modified_gmt":"2026-04-19T09:00:05","slug":"motorisierungskit-circuit-cubes","status":"publish","type":"product","link":"https:\/\/stone-heap.com\/en\/shop\/zubehoer\/produkt\/motorisierungskit-circuit-cubes\/","title":{"rendered":"Motorization kit \u2013 Circuit Cubes"},"content":{"rendered":"<p data-start=\"173\" data-end=\"425\">R\u00fcste deine Modelle mit unserem Motorisierungskit aus \u2013 ideal f\u00fcr den Antrieb von der <a href=\"https:\/\/stone-heap.com\/en\/shop\/komplettsets\/produkt\/br-323-koef-ii\/\">K\u00f6f II<\/a> und kleinen Fahrzeugen. Dank ausgewogener Leistung bietet er eine ruhige und gleichm\u00e4\u00dfige Kraft\u00fcbertragung.<\/p>\n<p data-start=\"173\" data-end=\"425\">Lieferumfang:<strong data-start=\"427\" data-end=\"444\"><br \/>\n<\/strong>1x Bluetooth Battery Cube<br \/>\n1x Cubit Motor Cube<br \/>\n1x Ladekabel<br \/>\n1x Steckerkabel<\/p>\n<p><strong data-start=\"462\" data-end=\"484\">Wichtige Hinweise:<br \/>\n<\/strong>Dieses Produkt ist ausschlie\u00dflich mit der Circuit Cubes App verwendbar (verf\u00fcgbar im Apple App Store und Google Play Store unter dem Namen Circuit Cubes).<br \/>\nKeine gedruckte Anleitung enthalten. Die vollst\u00e4ndige Bedienung und Einrichtung wird in der App Schritt f\u00fcr Schritt erkl\u00e4rt.<br \/>\nEmpfohlen ab 14 Jahren.<\/p>\n<p>Highlights:<br \/>\nOptimal f\u00fcr kleine Z\u00fcge \u2013 konstante Leistung f\u00fcr lange Fahrstrecken<br \/>\nLaufruhig &amp; effizient<br \/>\nApp gesteuert<br \/>\n<a href=\"https:\/\/apps.apple.com\/de\/app\/circuit-cubes\/id1530623322\" rel=\"nofollow noopener\" target=\"_blank\">Apple<\/a><br \/>\n<a href=\"https:\/\/play.google.com\/store\/apps\/details?id=com.tenkalabs&amp;hl=de&amp;pli=1\" rel=\"nofollow noopener\" target=\"_blank\">Google Play<\/a><\/p>\n<p data-start=\"984\" data-end=\"1122\">Das Motorisierungskit ist die beste Wahl f\u00fcr pr\u00e4zise, zuverl\u00e4ssige Bewegungen \u2013 wenn du jedoch mehr Leistung f\u00fcr gro\u00dfe Z\u00fcge- oder Rennmodelle ben\u00f6tigst, empfiehlt sich der st\u00e4rkere <a href=\"https:\/\/stone-heap.com\/en\/shop\/zubehoer\/produkt\/m-motor\/\">M-Motor<\/a>.<\/p>","protected":false},"excerpt":{"rendered":"<p>R\u00fcste deine Modelle mit unserem Motorisierungskit aus \u2013 ideal f\u00fcr den Antrieb von der K\u00f6f II und kleinen Fahrzeugen. Dank ausgewogener Leistung bietet er eine ruhige und gleichm\u00e4\u00dfige Kraft\u00fcbertragung. Lieferumfang: 1x Bluetooth Battery Cube 1x Cubit Motor Cube 1x Ladekabel 1x Steckerkabel Wichtige Hinweise: Dieses Produkt ist ausschlie\u00dflich mit der Circuit Cubes App verwendbar (verf\u00fcgbar [&hellip;]<\/p>","protected":false},"featured_media":18307,"comment_status":"open","ping_status":"closed","template":"","meta":[],"product_brand":[],"product_cat":[98,541],"product_tag":[542,123],"class_list":{"0":"post-18304","1":"product","2":"type-product","3":"status-publish","4":"has-post-thumbnail","6":"product_cat-zubehoer","7":"product_cat-motorisierung","8":"product_tag-motor","9":"product_tag-zubehoer","10":"product_shipping_class-set-versand-neu","12":"first","13":"instock","14":"taxable","15":"shipping-taxable","16":"purchasable","17":"product-type-simple"},"jetpack_sharing_enabled":true,"_links":{"self":[{"href":"https:\/\/stone-heap.com\/en\/wp-json\/wp\/v2\/product\/18304","targetHints":{"allow":["GET"]}}],"collection":[{"href":"https:\/\/stone-heap.com\/en\/wp-json\/wp\/v2\/product"}],"about":[{"href":"https:\/\/stone-heap.com\/en\/wp-json\/wp\/v2\/types\/product"}],"replies":[{"embeddable":true,"href":"https:\/\/stone-heap.com\/en\/wp-json\/wp\/v2\/comments?post=18304"}],"version-history":[{"count":7,"href":"https:\/\/stone-heap.com\/en\/wp-json\/wp\/v2\/product\/18304\/revisions"}],"predecessor-version":[{"id":18312,"href":"https:\/\/stone-heap.com\/en\/wp-json\/wp\/v2\/product\/18304\/revisions\/18312"}],"wp:featuredmedia":[{"embeddable":true,"href":"https:\/\/stone-heap.com\/en\/wp-json\/wp\/v2\/media\/18307"}],"wp:attachment":[{"href":"https:\/\/stone-heap.com\/en\/wp-json\/wp\/v2\/media?parent=18304"}],"wp:term":[{"taxonomy":"product_brand","embeddable":true,"href":"https:\/\/stone-heap.com\/en\/wp-json\/wp\/v2\/product_brand?post=18304"},{"taxonomy":"product_cat","embeddable":true,"href":"https:\/\/stone-heap.com\/en\/wp-json\/wp\/v2\/product_cat?post=18304"},{"taxonomy":"product_tag","embeddable":true,"href":"https:\/\/stone-heap.com\/en\/wp-json\/wp\/v2\/product_tag?post=18304"}],"curies":[{"name":"wp","href":"https:\/\/api.w.org\/{rel}","templated":true}]}}