{"id":18538,"date":"2025-10-22T02:46:15","date_gmt":"2025-10-22T00:46:15","guid":{"rendered":"https:\/\/stone-heap.com\/?post_type=product&#038;p=18538"},"modified":"2026-03-13T18:09:21","modified_gmt":"2026-03-13T17:09:21","slug":"o-bus-solaris-trollino-18-kiepe-imc","status":"publish","type":"product","link":"https:\/\/stone-heap.com\/en\/shop\/komplettsets\/produkt\/o-bus-solaris-trollino-18-kiepe-imc\/","title":{"rendered":"O-Bus Solaris Trollino 18 Kiepe IMC"},"content":{"rendered":"<p><strong>The item offered here is a complete set including clamping blocks, printed instructions, and a fully printed box!<\/strong><\/p>\n<p>Anzahl der Steine: 1.111<br \/>\nLevel of difficulty: Hard<br \/>\nModellgr\u00f6\u00dfe: 51 cm x 25,5 cm x 18,5 cm<br \/>\nAge recommendation: 14+<\/p>\n<p>Die brandenburgische Kreisstadt Eberswalde ist neben Solingen und Esslingen am Neckar eine von drei deutschen St\u00e4dten, in denen Oberleitungsbusse im Linienverkehr unterwegs sind. Das heute von der Barnimer Busgesellschaft (BBG) betriebene System wurde 1940 er\u00f6ffnet und ist damit der \u00e4lteste aktive O-Bus-Verkehr in Deutschland. Heute bef\u00f6rdert die O-Bus-Flotte der BBG j\u00e4hrlich rund 4,2 Millionen Fahrg\u00e4ste. Das 85-j\u00e4hrige O-Bus-Jubil\u00e4um feiert die BBG unter anderem mit diesem detailgetreuen Klemmbausteinmodell eines 2024 in Betrieb genommenen Oberleitungsbusses der neuesten Generation. Der \u201eTrollino 18 Kiepe IMC\u201c ist ein 18 Meter langes, niederfluriges Fahrzeug des polnischen Herstellers Solaris. Der Stromabnehmer kann automatisch abgezogen und angelegt werden. Dank seiner \u201eIn Motion Charging\u201c-Technologie kann der Bus w\u00e4hrend der Fahrt unter der Oberleitung gleichzeitig seine Batterien aufladen und Fahrten aus der Stadt Eberswald in die Nachbargemeinde Finowfurt emissionsfrei bew\u00e4ltigen, indem er sich vom Fahrdraht abkoppelt und den oberleitungsfreien Streckenabschnitt mit Akkubetrieb zur\u00fccklegt.<\/p>","protected":false},"excerpt":{"rendered":"<p>Bei dem hier angebotenen Artikel handelt es sich um ein Komplettset inklusive Klemmbausteine, bedruckte Anleitung und voll bedruckte Schachtel! Anzahl der Steine: 1.111 Schwierigkeitsgrad: schwer Modellgr\u00f6\u00dfe: 51 cm x 25,5 cm x 18,5 cm Altersempfehlung: 14+ Die brandenburgische Kreisstadt Eberswalde ist neben Solingen und Esslingen am Neckar eine von drei deutschen St\u00e4dten, in denen Oberleitungsbusse [&hellip;]<\/p>","protected":false},"featured_media":18394,"comment_status":"open","ping_status":"closed","template":"","meta":[],"product_brand":[],"product_cat":[44,554,140],"product_tag":[121],"class_list":{"0":"post-18538","1":"product","2":"type-product","3":"status-publish","4":"has-post-thumbnail","6":"product_cat-komplettsets","7":"product_cat-town-life","8":"product_cat-stone-heap","9":"product_tag-bus","10":"product_shipping_class-set-versand-neu","12":"first","13":"instock","14":"taxable","15":"shipping-taxable","16":"purchasable","17":"product-type-simple"},"jetpack_sharing_enabled":true,"_links":{"self":[{"href":"https:\/\/stone-heap.com\/en\/wp-json\/wp\/v2\/product\/18538","targetHints":{"allow":["GET"]}}],"collection":[{"href":"https:\/\/stone-heap.com\/en\/wp-json\/wp\/v2\/product"}],"about":[{"href":"https:\/\/stone-heap.com\/en\/wp-json\/wp\/v2\/types\/product"}],"replies":[{"embeddable":true,"href":"https:\/\/stone-heap.com\/en\/wp-json\/wp\/v2\/comments?post=18538"}],"version-history":[{"count":2,"href":"https:\/\/stone-heap.com\/en\/wp-json\/wp\/v2\/product\/18538\/revisions"}],"predecessor-version":[{"id":19855,"href":"https:\/\/stone-heap.com\/en\/wp-json\/wp\/v2\/product\/18538\/revisions\/19855"}],"wp:featuredmedia":[{"embeddable":true,"href":"https:\/\/stone-heap.com\/en\/wp-json\/wp\/v2\/media\/18394"}],"wp:attachment":[{"href":"https:\/\/stone-heap.com\/en\/wp-json\/wp\/v2\/media?parent=18538"}],"wp:term":[{"taxonomy":"product_brand","embeddable":true,"href":"https:\/\/stone-heap.com\/en\/wp-json\/wp\/v2\/product_brand?post=18538"},{"taxonomy":"product_cat","embeddable":true,"href":"https:\/\/stone-heap.com\/en\/wp-json\/wp\/v2\/product_cat?post=18538"},{"taxonomy":"product_tag","embeddable":true,"href":"https:\/\/stone-heap.com\/en\/wp-json\/wp\/v2\/product_tag?post=18538"}],"curies":[{"name":"wp","href":"https:\/\/api.w.org\/{rel}","templated":true}]}}