{"id":18583,"date":"2025-10-23T14:53:46","date_gmt":"2025-10-23T12:53:46","guid":{"rendered":"https:\/\/stone-heap.com\/?post_type=product&#038;p=18583"},"modified":"2026-04-04T04:22:01","modified_gmt":"2026-04-04T02:22:01","slug":"red-m-motor","status":"publish","type":"product","link":"https:\/\/stone-heap.com\/en\/shop\/zubehoer\/produkt\/red-m-motor\/","title":{"rendered":"RED M-Motor"},"content":{"rendered":"<p data-start=\"173\" data-end=\"425\">R\u00fcste deine Modelle mit unserem RED M-Motor aus \u2013 dem leistungsstarken Upgrade f\u00fcr besonders kraftvolle Antriebe. Mit deutlich mehr Power als der normale M-Motor sorgt er f\u00fcr eine starke Zugkraft und dynamische Beschleunigung \u2013 ideal f\u00fcr Z\u00fcge, schwere Fahrzeuge und anspruchsvolle Technik-Modelle.<\/p>\n<p data-start=\"427\" data-end=\"446\">Lieferumfang:<strong data-start=\"427\" data-end=\"444\"><br \/>\n<\/strong>1\u00d7 RED M-Motor<\/p>\n<p data-start=\"427\" data-end=\"446\">Technische Daten:<br \/>\nRPM: 620 U\/min<br \/>\nTorque: 3,4 kg*cm<\/p>\n<p>Highlights:<br \/>\nExtra Power f\u00fcr gro\u00dfe Modelle \u2013 hohe Zugkraft und starke Beschleunigung<br \/>\nOptimal f\u00fcr Z\u00fcge, schwere Fahrzeuge und Technik-Modelle<br \/>\nKompatibel mit g\u00e4ngigen Akkuboxen und Power-Systemen verschiedener Hersteller<br \/>\nLaufruhig &amp; effizient trotz hoher Leistung<br \/>\nPerfekt in Kombination mit Fernbedienungssystemen nutzbar<\/p>\n<p data-start=\"984\" data-end=\"1122\">Der RED M-Motor ist die beste Wahl f\u00fcr pr\u00e4zise, zuverl\u00e4ssige Bewegungen \u2013 wenn du jedoch mehr Leistung f\u00fcr gro\u00dfe Z\u00fcge- oder Rennmodelle ben\u00f6tigst, empfiehlt sich der st\u00e4rkere <a href=\"https:\/\/stone-heap.com\/en\/shop\/zubehoer\/produkt\/buggymotor\/\">Buggy-Motor<\/a>.<\/p>","protected":false},"excerpt":{"rendered":"<p>R\u00fcste deine Modelle mit unserem RED M-Motor aus \u2013 dem leistungsstarken Upgrade f\u00fcr besonders kraftvolle Antriebe. Mit deutlich mehr Power als der normale M-Motor sorgt er f\u00fcr eine starke Zugkraft und dynamische Beschleunigung \u2013 ideal f\u00fcr Z\u00fcge, schwere Fahrzeuge und anspruchsvolle Technik-Modelle. Lieferumfang: 1\u00d7 RED M-Motor Technische Daten: RPM: 620 U\/min Torque: 3,4 kg*cm Highlights: [&hellip;]<\/p>","protected":false},"featured_media":18581,"comment_status":"open","ping_status":"closed","template":"","meta":[],"product_brand":[],"product_cat":[98,541],"product_tag":[542,123],"class_list":{"0":"post-18583","1":"product","2":"type-product","3":"status-publish","4":"has-post-thumbnail","6":"product_cat-zubehoer","7":"product_cat-motorisierung","8":"product_tag-motor","9":"product_tag-zubehoer","10":"product_shipping_class-set-versand-neu","12":"first","13":"instock","14":"taxable","15":"shipping-taxable","16":"purchasable","17":"product-type-simple"},"jetpack_sharing_enabled":true,"_links":{"self":[{"href":"https:\/\/stone-heap.com\/en\/wp-json\/wp\/v2\/product\/18583","targetHints":{"allow":["GET"]}}],"collection":[{"href":"https:\/\/stone-heap.com\/en\/wp-json\/wp\/v2\/product"}],"about":[{"href":"https:\/\/stone-heap.com\/en\/wp-json\/wp\/v2\/types\/product"}],"replies":[{"embeddable":true,"href":"https:\/\/stone-heap.com\/en\/wp-json\/wp\/v2\/comments?post=18583"}],"version-history":[{"count":5,"href":"https:\/\/stone-heap.com\/en\/wp-json\/wp\/v2\/product\/18583\/revisions"}],"predecessor-version":[{"id":19247,"href":"https:\/\/stone-heap.com\/en\/wp-json\/wp\/v2\/product\/18583\/revisions\/19247"}],"wp:featuredmedia":[{"embeddable":true,"href":"https:\/\/stone-heap.com\/en\/wp-json\/wp\/v2\/media\/18581"}],"wp:attachment":[{"href":"https:\/\/stone-heap.com\/en\/wp-json\/wp\/v2\/media?parent=18583"}],"wp:term":[{"taxonomy":"product_brand","embeddable":true,"href":"https:\/\/stone-heap.com\/en\/wp-json\/wp\/v2\/product_brand?post=18583"},{"taxonomy":"product_cat","embeddable":true,"href":"https:\/\/stone-heap.com\/en\/wp-json\/wp\/v2\/product_cat?post=18583"},{"taxonomy":"product_tag","embeddable":true,"href":"https:\/\/stone-heap.com\/en\/wp-json\/wp\/v2\/product_tag?post=18583"}],"curies":[{"name":"wp","href":"https:\/\/api.w.org\/{rel}","templated":true}]}}