{"id":19077,"date":"2025-11-16T01:49:01","date_gmt":"2025-11-16T00:49:01","guid":{"rendered":"https:\/\/stone-heap.com\/?post_type=product&#038;p=19077"},"modified":"2026-05-03T18:58:13","modified_gmt":"2026-05-03T16:58:13","slug":"rheinmetall-panther-kf51","status":"publish","type":"product","link":"https:\/\/stone-heap.com\/en\/shop\/komplettsets\/stone-heap\/military\/produkt\/rheinmetall-panther-kf51\/","title":{"rendered":"Rheinmetall &#8211; Panther KF51"},"content":{"rendered":"<p><strong>The item offered here is a complete set including clamping blocks, printed instructions, and a fully printed box!<\/strong><\/p>\n<p>Anzahl der Steine: 912<br \/>\nLevel of difficulty: Medium<br \/>\nModellgr\u00f6\u00dfe: 30 cm x 10,5 cm x 17,5 cm<br \/>\nAge recommendation: 18+<\/p>\n<p>Der Panther KF51 ist ein wahrer Game-Changer auf dem Gefechtsfeld der Zukunft. Das Kampfpanzerkonzept setzt in allen Bereichen \u2013 Wirkung, Schutz, Aufkl\u00e4rungsf\u00e4higkeit, Vernetzung und Mobilit\u00e4t \u2013 neue Ma\u00dfst\u00e4be. Mit seiner Hauptbewaffnung, dem 130mm Rheinmetall Future Gun System, bietet der Kampfpanzer \u00fcberlegene Feuerkraft. Diese wird durch weitere Bewaffnungsoptionen erg\u00e4nzt, um eine konzentrierte Kampfkraft f\u00fcr weitreichende Schl\u00e4ge und gegen Mehrfachziele zu gew\u00e4hrleisten. Das Fahrzeug verf\u00fcgt \u00fcber ein voll integriertes Schutzkonzept, bei welchem aktive, reaktive und passive Schutztechnologien zum Einsatz kommen.<\/p>","protected":false},"excerpt":{"rendered":"<p>Bei dem hier angebotenen Artikel handelt es sich um ein Komplettset inklusive Klemmbausteine, bedruckte Anleitung und voll bedruckte Schachtel! Anzahl der Steine: 912 Schwierigkeitsgrad: mittel Modellgr\u00f6\u00dfe: 30 cm x 10,5 cm x 17,5 cm Altersempfehlung: 18+ Der Panther KF51 ist ein wahrer Game-Changer auf dem Gefechtsfeld der Zukunft. Das Kampfpanzerkonzept setzt in allen Bereichen \u2013 [&hellip;]<\/p>","protected":false},"featured_media":19262,"comment_status":"open","ping_status":"closed","template":"","meta":[],"product_brand":[],"product_cat":[559,44,140],"product_tag":[560],"class_list":{"0":"post-19077","1":"product","2":"type-product","3":"status-publish","4":"has-post-thumbnail","6":"product_cat-military","7":"product_cat-komplettsets","8":"product_cat-stone-heap","9":"product_tag-panzer","10":"product_shipping_class-set-versand-neu","12":"first","13":"instock","14":"taxable","15":"shipping-taxable","16":"purchasable","17":"product-type-simple"},"jetpack_sharing_enabled":true,"_links":{"self":[{"href":"https:\/\/stone-heap.com\/en\/wp-json\/wp\/v2\/product\/19077","targetHints":{"allow":["GET"]}}],"collection":[{"href":"https:\/\/stone-heap.com\/en\/wp-json\/wp\/v2\/product"}],"about":[{"href":"https:\/\/stone-heap.com\/en\/wp-json\/wp\/v2\/types\/product"}],"replies":[{"embeddable":true,"href":"https:\/\/stone-heap.com\/en\/wp-json\/wp\/v2\/comments?post=19077"}],"version-history":[{"count":2,"href":"https:\/\/stone-heap.com\/en\/wp-json\/wp\/v2\/product\/19077\/revisions"}],"predecessor-version":[{"id":19281,"href":"https:\/\/stone-heap.com\/en\/wp-json\/wp\/v2\/product\/19077\/revisions\/19281"}],"wp:featuredmedia":[{"embeddable":true,"href":"https:\/\/stone-heap.com\/en\/wp-json\/wp\/v2\/media\/19262"}],"wp:attachment":[{"href":"https:\/\/stone-heap.com\/en\/wp-json\/wp\/v2\/media?parent=19077"}],"wp:term":[{"taxonomy":"product_brand","embeddable":true,"href":"https:\/\/stone-heap.com\/en\/wp-json\/wp\/v2\/product_brand?post=19077"},{"taxonomy":"product_cat","embeddable":true,"href":"https:\/\/stone-heap.com\/en\/wp-json\/wp\/v2\/product_cat?post=19077"},{"taxonomy":"product_tag","embeddable":true,"href":"https:\/\/stone-heap.com\/en\/wp-json\/wp\/v2\/product_tag?post=19077"}],"curies":[{"name":"wp","href":"https:\/\/api.w.org\/{rel}","templated":true}]}}