{"id":19079,"date":"2025-11-16T01:49:47","date_gmt":"2025-11-16T00:49:47","guid":{"rendered":"https:\/\/stone-heap.com\/?post_type=product&#038;p=19079"},"modified":"2026-05-08T15:50:56","modified_gmt":"2026-05-08T13:50:56","slug":"rheinmetall-boxer-lance-2","status":"publish","type":"product","link":"https:\/\/stone-heap.com\/en\/shop\/komplettsets\/military\/produkt\/rheinmetall-boxer-lance-2\/","title":{"rendered":"Rheinmetall &#8211; Boxer Lance 2"},"content":{"rendered":"<p><strong>The item offered here is a complete set including clamping blocks, printed instructions, and a fully printed box!<\/strong><\/p>\n<p>Anzahl der Steine: 667<br \/>\nLevel of difficulty: Medium<br \/>\nModellgr\u00f6\u00dfe: 22,5 cm x 8 cm x 19 cm<br \/>\nAge recommendation: 18+<\/p>\n<p>Der Boxer ist ein modernes, gepanzertes 8&#215;8-Fahrzeug, das weltweit bei verschiedenen Streitkr\u00e4ften im Einsatz ist. Gefertigt unter dem Dach der ARTEC GmbH, einem Joint Venture von Rheinmetall und KNDS Deutschland, bietet der Boxer den Besatzungen maximalen Schutz und verf\u00fcgt \u00fcber ein sehr hohes Ma\u00df an Feuerkraft und Mobilit\u00e4t. Die Fahrzeugfamilie besteht aus einem einheitlichen Fahrmodul sowie austauschbaren, nutzerspezifischen Missionsmodulen. Die Sch\u00fctzenpanzer-Variante auf der dieses Modell basiert, ist mit einem hochmodernen Lance 2 Turm mit 30mm Mittelkaliber-Bewaffnung ausgestattet.<\/p>","protected":false},"excerpt":{"rendered":"<p>Bei dem hier angebotenen Artikel handelt es sich um ein Komplettset inklusive Klemmbausteine, bedruckte Anleitung und voll bedruckte Schachtel! Anzahl der Steine: 667 Schwierigkeitsgrad: mittel Modellgr\u00f6\u00dfe: 22,5 cm x 8 cm x 19 cm Altersempfehlung: 18+ Der Boxer ist ein modernes, gepanzertes 8&#215;8-Fahrzeug, das weltweit bei verschiedenen Streitkr\u00e4ften im Einsatz ist. Gefertigt unter dem Dach [&hellip;]<\/p>","protected":false},"featured_media":19271,"comment_status":"open","ping_status":"closed","template":"","meta":[],"product_brand":[],"product_cat":[559,44,140],"product_tag":[560],"class_list":{"0":"post-19079","1":"product","2":"type-product","3":"status-publish","4":"has-post-thumbnail","6":"product_cat-military","7":"product_cat-komplettsets","8":"product_cat-stone-heap","9":"product_tag-panzer","10":"product_shipping_class-set-versand-neu","12":"first","13":"instock","14":"taxable","15":"shipping-taxable","16":"purchasable","17":"product-type-simple"},"jetpack_sharing_enabled":true,"_links":{"self":[{"href":"https:\/\/stone-heap.com\/en\/wp-json\/wp\/v2\/product\/19079","targetHints":{"allow":["GET"]}}],"collection":[{"href":"https:\/\/stone-heap.com\/en\/wp-json\/wp\/v2\/product"}],"about":[{"href":"https:\/\/stone-heap.com\/en\/wp-json\/wp\/v2\/types\/product"}],"replies":[{"embeddable":true,"href":"https:\/\/stone-heap.com\/en\/wp-json\/wp\/v2\/comments?post=19079"}],"version-history":[{"count":2,"href":"https:\/\/stone-heap.com\/en\/wp-json\/wp\/v2\/product\/19079\/revisions"}],"predecessor-version":[{"id":19081,"href":"https:\/\/stone-heap.com\/en\/wp-json\/wp\/v2\/product\/19079\/revisions\/19081"}],"wp:featuredmedia":[{"embeddable":true,"href":"https:\/\/stone-heap.com\/en\/wp-json\/wp\/v2\/media\/19271"}],"wp:attachment":[{"href":"https:\/\/stone-heap.com\/en\/wp-json\/wp\/v2\/media?parent=19079"}],"wp:term":[{"taxonomy":"product_brand","embeddable":true,"href":"https:\/\/stone-heap.com\/en\/wp-json\/wp\/v2\/product_brand?post=19079"},{"taxonomy":"product_cat","embeddable":true,"href":"https:\/\/stone-heap.com\/en\/wp-json\/wp\/v2\/product_cat?post=19079"},{"taxonomy":"product_tag","embeddable":true,"href":"https:\/\/stone-heap.com\/en\/wp-json\/wp\/v2\/product_tag?post=19079"}],"curies":[{"name":"wp","href":"https:\/\/api.w.org\/{rel}","templated":true}]}}