{"id":19083,"date":"2025-11-16T01:55:51","date_gmt":"2025-11-16T00:55:51","guid":{"rendered":"https:\/\/stone-heap.com\/?post_type=product&#038;p=19083"},"modified":"2026-05-05T20:08:03","modified_gmt":"2026-05-05T18:08:03","slug":"rheinmetall-hx-8x8-wls","status":"publish","type":"product","link":"https:\/\/stone-heap.com\/en\/shop\/komplettsets\/stone-heap\/military\/produkt\/rheinmetall-hx-8x8-wls\/","title":{"rendered":"Rheinmetall &#8211; HX 8&#215;8 WLS"},"content":{"rendered":"<p><strong>The item offered here is a complete set including clamping blocks, printed instructions, and a fully printed box!<\/strong><\/p>\n<p>Anzahl der Steine: 656<br \/>\nLevel of difficulty: Medium<br \/>\nModellgr\u00f6\u00dfe: 27 cm x 8 cm x 13 cm<br \/>\nAge recommendation: 18+<\/p>\n<p data-start=\"38\" data-end=\"538\">Die HX-Fahrzeugfamilie von Rheinmetall MAN Military Vehicles ist speziell f\u00fcr den milit\u00e4rischen Einsatz konzipiert und bietet hervorragende Mobilit\u00e4t auch in schwierigem Gel\u00e4nde. Die HX-Serie bietet ein H\u00f6chstma\u00df an baugleichen Komponenten f\u00fcr Achskonfigurationen von 4&#215;4 bis 10&#215;10. Die gesch\u00fctzte Kabine wird den h\u00e4rtesten Anforderungen gerecht und bietet Schutz gegen Ballistik, Minen und Sprengfallen (IED). Der Modellbausatz basiert auf einem HX 8&#215;8 mit integriertem Wechselladersystem (WLS).<\/p>\n<hr data-start=\"540\" data-end=\"543\" \/>","protected":false},"excerpt":{"rendered":"<p>Bei dem hier angebotenen Artikel handelt es sich um ein Komplettset inklusive Klemmbausteine, bedruckte Anleitung und voll bedruckte Schachtel! Anzahl der Steine: 656 Schwierigkeitsgrad: mittel Modellgr\u00f6\u00dfe: 27 cm x 8 cm x 13 cm Altersempfehlung: 18+ Die HX-Fahrzeugfamilie von Rheinmetall MAN Military Vehicles ist speziell f\u00fcr den milit\u00e4rischen Einsatz konzipiert und bietet hervorragende Mobilit\u00e4t auch [&hellip;]<\/p>","protected":false},"featured_media":19277,"comment_status":"open","ping_status":"closed","template":"","meta":[],"product_brand":[],"product_cat":[559,44,140],"product_tag":[244],"class_list":{"0":"post-19083","1":"product","2":"type-product","3":"status-publish","4":"has-post-thumbnail","6":"product_cat-military","7":"product_cat-komplettsets","8":"product_cat-stone-heap","9":"product_tag-fahrzeug","10":"product_shipping_class-set-versand-neu","12":"first","13":"instock","14":"taxable","15":"shipping-taxable","16":"purchasable","17":"product-type-simple"},"jetpack_sharing_enabled":true,"_links":{"self":[{"href":"https:\/\/stone-heap.com\/en\/wp-json\/wp\/v2\/product\/19083","targetHints":{"allow":["GET"]}}],"collection":[{"href":"https:\/\/stone-heap.com\/en\/wp-json\/wp\/v2\/product"}],"about":[{"href":"https:\/\/stone-heap.com\/en\/wp-json\/wp\/v2\/types\/product"}],"replies":[{"embeddable":true,"href":"https:\/\/stone-heap.com\/en\/wp-json\/wp\/v2\/comments?post=19083"}],"version-history":[{"count":3,"href":"https:\/\/stone-heap.com\/en\/wp-json\/wp\/v2\/product\/19083\/revisions"}],"predecessor-version":[{"id":19282,"href":"https:\/\/stone-heap.com\/en\/wp-json\/wp\/v2\/product\/19083\/revisions\/19282"}],"wp:featuredmedia":[{"embeddable":true,"href":"https:\/\/stone-heap.com\/en\/wp-json\/wp\/v2\/media\/19277"}],"wp:attachment":[{"href":"https:\/\/stone-heap.com\/en\/wp-json\/wp\/v2\/media?parent=19083"}],"wp:term":[{"taxonomy":"product_brand","embeddable":true,"href":"https:\/\/stone-heap.com\/en\/wp-json\/wp\/v2\/product_brand?post=19083"},{"taxonomy":"product_cat","embeddable":true,"href":"https:\/\/stone-heap.com\/en\/wp-json\/wp\/v2\/product_cat?post=19083"},{"taxonomy":"product_tag","embeddable":true,"href":"https:\/\/stone-heap.com\/en\/wp-json\/wp\/v2\/product_tag?post=19083"}],"curies":[{"name":"wp","href":"https:\/\/api.w.org\/{rel}","templated":true}]}}