{"id":19720,"date":"2025-12-07T03:41:17","date_gmt":"2025-12-07T02:41:17","guid":{"rendered":"https:\/\/stone-heap.com\/?post_type=product&#038;p=19720"},"modified":"2025-12-16T03:45:01","modified_gmt":"2025-12-16T02:45:01","slug":"stone-heap-wertgutschein","status":"publish","type":"product","link":"https:\/\/stone-heap.com\/en\/shop\/zubehoer\/produkt\/stone-heap-wertgutschein\/","title":{"rendered":"Stone Heap &#8211; Geschenkgutschein"},"content":{"rendered":"<p>Mit dem digitalen Stone Heap Geschenkgutschein verschenkst du echte Klemmbaustein-Freude!<br \/>\nFlexibel, sofort verf\u00fcgbar und ausschlie\u00dflich digital.<br \/>\nDer Gutschein wird automatisch per E-Mail verschickt und kann f\u00fcr alle Produkte im Stone Heap Onlineshop eingel\u00f6st werden.<\/p>\n<p>Ob detailreiche Lokomotiven, historische Wagen oder moderne Technikmodelle, der oder die Beschenkte entscheidet selbst, welches Set als N\u00e4chstes gebaut wird.<\/p>\n<p><strong>Wichtiger Hinweis<br \/>\n<\/strong>Bei diesem Artikel handelt es sich ausschlie\u00dflich um einen digitalen Geschenkgutschein.<br \/>\nDas dargestellte Produktbild dient ausschlie\u00dflich als Beispiel \/ Symbolbild.<br \/>\n<strong>Es erfolgt kein physischer Versand.<\/strong> Der Gutscheincode wird nur per E-Mail bereitgestellt.<\/p>","protected":false},"excerpt":{"rendered":"<p>Mit dem digitalen Stone Heap Geschenkgutschein verschenkst du echte Klemmbaustein-Freude! Flexibel, sofort verf\u00fcgbar und ausschlie\u00dflich digital. Der Gutschein wird automatisch per E-Mail verschickt und kann f\u00fcr alle Produkte im Stone Heap Onlineshop eingel\u00f6st werden. Ob detailreiche Lokomotiven, historische Wagen oder moderne Technikmodelle, der oder die Beschenkte entscheidet selbst, welches Set als N\u00e4chstes gebaut wird. Wichtiger [&hellip;]<\/p>","protected":false},"featured_media":20173,"comment_status":"open","ping_status":"closed","template":"","meta":[],"product_brand":[],"product_cat":[98],"product_tag":[564],"class_list":{"0":"post-19720","1":"product","2":"type-product","3":"status-publish","4":"has-post-thumbnail","6":"product_cat-zubehoer","7":"product_tag-gutschein","9":"first","10":"instock","11":"purchasable","12":"product-type-pw-gift-card"},"jetpack_sharing_enabled":true,"_links":{"self":[{"href":"https:\/\/stone-heap.com\/en\/wp-json\/wp\/v2\/product\/19720","targetHints":{"allow":["GET"]}}],"collection":[{"href":"https:\/\/stone-heap.com\/en\/wp-json\/wp\/v2\/product"}],"about":[{"href":"https:\/\/stone-heap.com\/en\/wp-json\/wp\/v2\/types\/product"}],"replies":[{"embeddable":true,"href":"https:\/\/stone-heap.com\/en\/wp-json\/wp\/v2\/comments?post=19720"}],"version-history":[{"count":4,"href":"https:\/\/stone-heap.com\/en\/wp-json\/wp\/v2\/product\/19720\/revisions"}],"predecessor-version":[{"id":20186,"href":"https:\/\/stone-heap.com\/en\/wp-json\/wp\/v2\/product\/19720\/revisions\/20186"}],"wp:featuredmedia":[{"embeddable":true,"href":"https:\/\/stone-heap.com\/en\/wp-json\/wp\/v2\/media\/20173"}],"wp:attachment":[{"href":"https:\/\/stone-heap.com\/en\/wp-json\/wp\/v2\/media?parent=19720"}],"wp:term":[{"taxonomy":"product_brand","embeddable":true,"href":"https:\/\/stone-heap.com\/en\/wp-json\/wp\/v2\/product_brand?post=19720"},{"taxonomy":"product_cat","embeddable":true,"href":"https:\/\/stone-heap.com\/en\/wp-json\/wp\/v2\/product_cat?post=19720"},{"taxonomy":"product_tag","embeddable":true,"href":"https:\/\/stone-heap.com\/en\/wp-json\/wp\/v2\/product_tag?post=19720"}],"curies":[{"name":"wp","href":"https:\/\/api.w.org\/{rel}","templated":true}]}}