{"id":2020,"date":"2021-08-12T00:40:27","date_gmt":"2021-08-11T22:40:27","guid":{"rendered":"http:\/\/stone-heap-instructions.at\/?post_type=product&#038;p=2020"},"modified":"2025-08-02T21:41:39","modified_gmt":"2025-08-02T19:41:39","slug":"wiener-linien-minifiguren","status":"publish","type":"product","link":"https:\/\/stone-heap.com\/en\/shop\/komplettsets\/produkt\/wiener-linien-minifiguren\/","title":{"rendered":"Wiener Linien - Minifigures"},"content":{"rendered":"<p>Number of stones: 8<br \/>\nLevel of difficulty: Easy<br \/>\nAge recommendation: 7+<br \/>\nDesigner: <a href=\"https:\/\/derklassiker.at\/\" rel=\"nofollow noopener\" target=\"_blank\">derKlassiker<\/a><br \/>\nLicensing partner: <a href=\"https:\/\/www.wienerlinien.at\/\" rel=\"nofollow noopener\" target=\"_blank\">Wiener Linien<\/a><\/p>\n<p>The Wiener Linien minifigures are the perfect addition to your buses, trams and underground trains. As a driver, you have control over your models at all times and can control your trains and buses.<br \/>\nTake passengers to their desired destination in the city using the public transport of their choice.<\/p>","protected":false},"excerpt":{"rendered":"<p>Anzahl der Steine: 8 Schwierigkeitsgrad: Leicht Altersempfehlung: 7+ Designer: derKlassiker Lizenzpartner: Wiener Linien Die Wiener Linien Minifiguren sind die perfekte Erg\u00e4nzung zu deinen Bussen, Stra\u00dfenbahnen und U-Bahn Z\u00fcgen. Als Fahrer oder Fahrerin hast du jederzeit die Kontrolle \u00fcber deine Modelle und kannst deine Fahrg\u00e4ste in der City mit den \u00d6ffentlichen Verkehrsmitteln deiner Wahl zum gew\u00fcnschten [&hellip;]<\/p>","protected":false},"featured_media":5157,"comment_status":"open","ping_status":"closed","template":"","meta":[],"product_brand":[],"product_cat":[44,128],"product_tag":[120,71,119],"class_list":{"0":"post-2020","1":"product","2":"type-product","3":"status-publish","4":"has-post-thumbnail","6":"product_cat-komplettsets","7":"product_cat-derklassiker","8":"product_tag-komplettsets","9":"product_tag-minifiguren","10":"product_tag-wiener-linien","11":"product_shipping_class-kleinartikel-versand","13":"first","14":"outofstock","15":"taxable","16":"shipping-taxable","17":"purchasable","18":"product-type-simple"},"jetpack_sharing_enabled":true,"_links":{"self":[{"href":"https:\/\/stone-heap.com\/en\/wp-json\/wp\/v2\/product\/2020","targetHints":{"allow":["GET"]}}],"collection":[{"href":"https:\/\/stone-heap.com\/en\/wp-json\/wp\/v2\/product"}],"about":[{"href":"https:\/\/stone-heap.com\/en\/wp-json\/wp\/v2\/types\/product"}],"replies":[{"embeddable":true,"href":"https:\/\/stone-heap.com\/en\/wp-json\/wp\/v2\/comments?post=2020"}],"version-history":[{"count":1,"href":"https:\/\/stone-heap.com\/en\/wp-json\/wp\/v2\/product\/2020\/revisions"}],"predecessor-version":[{"id":15786,"href":"https:\/\/stone-heap.com\/en\/wp-json\/wp\/v2\/product\/2020\/revisions\/15786"}],"wp:featuredmedia":[{"embeddable":true,"href":"https:\/\/stone-heap.com\/en\/wp-json\/wp\/v2\/media\/5157"}],"wp:attachment":[{"href":"https:\/\/stone-heap.com\/en\/wp-json\/wp\/v2\/media?parent=2020"}],"wp:term":[{"taxonomy":"product_brand","embeddable":true,"href":"https:\/\/stone-heap.com\/en\/wp-json\/wp\/v2\/product_brand?post=2020"},{"taxonomy":"product_cat","embeddable":true,"href":"https:\/\/stone-heap.com\/en\/wp-json\/wp\/v2\/product_cat?post=2020"},{"taxonomy":"product_tag","embeddable":true,"href":"https:\/\/stone-heap.com\/en\/wp-json\/wp\/v2\/product_tag?post=2020"}],"curies":[{"name":"wp","href":"https:\/\/api.w.org\/{rel}","templated":true}]}}