{"id":20653,"date":"2026-01-03T15:24:29","date_gmt":"2026-01-03T14:24:29","guid":{"rendered":"https:\/\/stone-heap.com\/?post_type=product&#038;p=20653"},"modified":"2026-04-08T21:43:33","modified_gmt":"2026-04-08T19:43:33","slug":"schwebebahn-kaiserwagen","status":"publish","type":"product","link":"https:\/\/stone-heap.com\/en\/shop\/komplettsets\/stone-heap\/produkt\/schwebebahn-kaiserwagen\/","title":{"rendered":"Schwebebahn \u2013 Kaiserwagen"},"content":{"rendered":"<p><strong>The item offered here is a complete set including clamping blocks, printed instructions, and a fully printed box!<\/strong><\/p>\n<p>Anzahl der Steine: 1.730<br \/>\nLevel of difficulty: Medium<br \/>\nModellgr\u00f6\u00dfe: 51 cm x 25,5 cm x 20 cm<br \/>\nAge recommendation: 12+<br \/>\nBauschrittunterteilung: Ja (4)<br \/>\nQR Code zur PDF Anleitung: Nein<br \/>\nSeitenanzahl: 84<br \/>\nPrints: Ja<br \/>\nSticker: Nein<\/p>\n<p><strong data-start=\"46\" data-end=\"58\">Hinweis:<\/strong><br data-start=\"58\" data-end=\"61\" \/>Die im Set enthaltenen Traversen weichen optisch von der Darstellung auf Verpackung und Anleitung ab (nur senkrechte Streben statt schr\u00e4ger).<br data-start=\"202\" data-end=\"205\" \/>Das Modell ist dennoch vollst\u00e4ndig und problemlos baubar.<\/p>\n<p data-start=\"238\" data-end=\"637\">Der Schwebebahn \u2013 Kaiserwagen bringt ein St\u00fcck deutscher Technik- und Stadtgeschichte als detailgetreues Klemmbausteinmodell in die eigene Sammlung. Inspiriert vom historischen Original der Wuppertaler Schwebebahn wurde dieses Modell als Standmodell konzipiert, l\u00e4sst sich jedoch h\u00e4ndisch auf der Schwebebahnstrecke bewegen und vermittelt so den besonderen Charakter dieses legend\u00e4ren Fahrzeugs.<\/p>\n<p data-start=\"639\" data-end=\"1065\">Zum Set geh\u00f6ren bedruckte Stra\u00dfenplatten sowie Nachbildungen der charakteristischen Landst\u00fctzen, die das Modell authentisch in Szene setzen. Ein besonderes Augenmerk liegt auf den aufwendig umgesetzten Verzierungen und Beschriftungen, die vollst\u00e4ndig gedruckt und ohne Sticker realisiert wurden. Diese hochwertigen Details unterstreichen den Sammleranspruch des Modells und machen den Kaiserwagen zu einem eleganten Blickfang.<\/p>\n<p data-start=\"1067\" data-end=\"1489\">Der Schwebebahn \u2013 Kaiserwagen ist nahtlos kompatibel mit der Wuppertaler Schwebebahn Streckenerg\u00e4nzung SH-8007 sowie der Wuppertaler Schwebebahn GTW2015 und l\u00e4sst sich damit flexibel in bestehende Schwebebahn-Layouts integrieren. Das Modell wird inklusive gedruckter Bauanleitung geliefert, ist Teil einer Produktserie und richtet sich an alle, die die Geschichte und \u00c4sthetik der Wuppertaler Schwebebahn sch\u00e4tzen.<\/p>\n<p>&nbsp;<\/p>","protected":false},"excerpt":{"rendered":"<p>Bei dem hier angebotenen Artikel handelt es sich um ein Komplettset inklusive Klemmbausteine, bedruckte Anleitung und voll bedruckte Schachtel! Anzahl der Steine: 1.730 Schwierigkeitsgrad: mittel Modellgr\u00f6\u00dfe: 51 cm x 25,5 cm x 20 cm Altersempfehlung: 12+ Bauschrittunterteilung: Ja (4) QR Code zur PDF Anleitung: Nein Seitenanzahl: 84 Prints: Ja Sticker: Nein Hinweis:Die im Set enthaltenen [&hellip;]<\/p>","protected":false},"featured_media":20657,"comment_status":"open","ping_status":"closed","template":"","meta":[],"product_brand":[],"product_cat":[140,44],"product_tag":[567],"class_list":{"0":"post-20653","1":"product","2":"type-product","3":"status-publish","4":"has-post-thumbnail","6":"product_cat-stone-heap","7":"product_cat-komplettsets","8":"product_tag-schwebebahn","9":"product_shipping_class-set-versand-neu","11":"first","12":"instock","13":"taxable","14":"shipping-taxable","15":"purchasable","16":"product-type-simple"},"jetpack_sharing_enabled":true,"_links":{"self":[{"href":"https:\/\/stone-heap.com\/en\/wp-json\/wp\/v2\/product\/20653","targetHints":{"allow":["GET"]}}],"collection":[{"href":"https:\/\/stone-heap.com\/en\/wp-json\/wp\/v2\/product"}],"about":[{"href":"https:\/\/stone-heap.com\/en\/wp-json\/wp\/v2\/types\/product"}],"replies":[{"embeddable":true,"href":"https:\/\/stone-heap.com\/en\/wp-json\/wp\/v2\/comments?post=20653"}],"version-history":[{"count":3,"href":"https:\/\/stone-heap.com\/en\/wp-json\/wp\/v2\/product\/20653\/revisions"}],"predecessor-version":[{"id":21632,"href":"https:\/\/stone-heap.com\/en\/wp-json\/wp\/v2\/product\/20653\/revisions\/21632"}],"wp:featuredmedia":[{"embeddable":true,"href":"https:\/\/stone-heap.com\/en\/wp-json\/wp\/v2\/media\/20657"}],"wp:attachment":[{"href":"https:\/\/stone-heap.com\/en\/wp-json\/wp\/v2\/media?parent=20653"}],"wp:term":[{"taxonomy":"product_brand","embeddable":true,"href":"https:\/\/stone-heap.com\/en\/wp-json\/wp\/v2\/product_brand?post=20653"},{"taxonomy":"product_cat","embeddable":true,"href":"https:\/\/stone-heap.com\/en\/wp-json\/wp\/v2\/product_cat?post=20653"},{"taxonomy":"product_tag","embeddable":true,"href":"https:\/\/stone-heap.com\/en\/wp-json\/wp\/v2\/product_tag?post=20653"}],"curies":[{"name":"wp","href":"https:\/\/api.w.org\/{rel}","templated":true}]}}