{"id":4156,"date":"2022-01-01T18:39:52","date_gmt":"2022-01-01T17:39:52","guid":{"rendered":"https:\/\/stone-heap.com\/?post_type=product&#038;p=4156"},"modified":"2025-08-02T21:41:39","modified_gmt":"2025-08-02T19:41:39","slug":"wiener-linien-pferdetram","status":"publish","type":"product","link":"https:\/\/stone-heap.com\/en\/shop\/komplettsets\/produkt\/wiener-linien-pferdetram\/","title":{"rendered":"Wiener Linien - Horse tram"},"content":{"rendered":"<p>Number of stones: 241<br \/>\nLevel of difficulty: Easy<br \/>\nAge recommendation: 7+<br \/>\nLength: 28 cm<br \/>\nDesigner: <a href=\"https:\/\/derklassiker.at\/\" rel=\"nofollow noopener\" target=\"_blank\">derKlassiker<\/a><br \/>\nLicensing partner: <a href=\"https:\/\/www.wienerlinien.at\/\" rel=\"nofollow noopener\" target=\"_blank\">Wiener Linien<\/a><\/p>\n<p>This set is a special set, it is the first tram that ran in Vienna. The horse tram, faithfully reproduced in detail, contains both terminus stickers. Just like in real life, the direction of travel can be changed by simply moving the horses from the front to the back. The yellow and red lamp panels on the roof can be changed and the train can set off in the other direction. The set can also be played with LEGO\u00ae FRIENDS\u00ae figures.<\/p>","protected":false},"excerpt":{"rendered":"<p>Anzahl der Steine: 241 Schwierigkeitsgrad: Leicht Altersempfehlung: 7+ L\u00e4nge: 28 cm Designer: derKlassiker Lizenzpartner: Wiener Linien Dieses Set ist ein besonderes Set, es ist die erste Stra\u00dfenbahn welche in Wien gefahren ist. Die Pferdetram, detailgetreu nachgebaut enth\u00e4lt beide Endstationsaufkleber. Wie in echt ist durch einfaches umh\u00e4ngen der Pferde vom Vorderteil auf den Hinterteil die Fahrtrichtung [&hellip;]<\/p>","protected":false},"featured_media":4173,"comment_status":"open","ping_status":"closed","template":"","meta":[],"product_brand":[],"product_cat":[44,128],"product_tag":[120,127,119],"class_list":{"0":"post-4156","1":"product","2":"type-product","3":"status-publish","4":"has-post-thumbnail","6":"product_cat-komplettsets","7":"product_cat-derklassiker","8":"product_tag-komplettsets","9":"product_tag-strassenbahn","10":"product_tag-wiener-linien","11":"product_shipping_class-set-versand-neu","13":"first","14":"instock","15":"taxable","16":"shipping-taxable","17":"purchasable","18":"product-type-simple"},"jetpack_sharing_enabled":true,"_links":{"self":[{"href":"https:\/\/stone-heap.com\/en\/wp-json\/wp\/v2\/product\/4156","targetHints":{"allow":["GET"]}}],"collection":[{"href":"https:\/\/stone-heap.com\/en\/wp-json\/wp\/v2\/product"}],"about":[{"href":"https:\/\/stone-heap.com\/en\/wp-json\/wp\/v2\/types\/product"}],"replies":[{"embeddable":true,"href":"https:\/\/stone-heap.com\/en\/wp-json\/wp\/v2\/comments?post=4156"}],"version-history":[{"count":1,"href":"https:\/\/stone-heap.com\/en\/wp-json\/wp\/v2\/product\/4156\/revisions"}],"predecessor-version":[{"id":15847,"href":"https:\/\/stone-heap.com\/en\/wp-json\/wp\/v2\/product\/4156\/revisions\/15847"}],"wp:featuredmedia":[{"embeddable":true,"href":"https:\/\/stone-heap.com\/en\/wp-json\/wp\/v2\/media\/4173"}],"wp:attachment":[{"href":"https:\/\/stone-heap.com\/en\/wp-json\/wp\/v2\/media?parent=4156"}],"wp:term":[{"taxonomy":"product_brand","embeddable":true,"href":"https:\/\/stone-heap.com\/en\/wp-json\/wp\/v2\/product_brand?post=4156"},{"taxonomy":"product_cat","embeddable":true,"href":"https:\/\/stone-heap.com\/en\/wp-json\/wp\/v2\/product_cat?post=4156"},{"taxonomy":"product_tag","embeddable":true,"href":"https:\/\/stone-heap.com\/en\/wp-json\/wp\/v2\/product_tag?post=4156"}],"curies":[{"name":"wp","href":"https:\/\/api.w.org\/{rel}","templated":true}]}}