{"id":4182,"date":"2022-01-03T17:28:40","date_gmt":"2022-01-03T16:28:40","guid":{"rendered":"https:\/\/stone-heap.com\/?post_type=product&#038;p=4182"},"modified":"2026-01-11T21:19:52","modified_gmt":"2026-01-11T20:19:52","slug":"wiener-linien-haltestellentafeln","status":"publish","type":"product","link":"https:\/\/stone-heap.com\/en\/shop\/komplettsets\/produkt\/wiener-linien-haltestellentafeln\/","title":{"rendered":"Wiener Linien - Bus stop signs"},"content":{"rendered":"<p>Anzahl der Steine: 40<br \/>\nLevel of difficulty: Easy<br \/>\nAge recommendation: 6+<br \/>\nDesigner: <a href=\"https:\/\/derklassiker.at\/\" rel=\"nofollow noopener\" target=\"_blank\">derKlassiker<\/a><br \/>\nLicensing partner: <a href=\"https:\/\/www.wienerlinien.at\/\" rel=\"nofollow noopener\" target=\"_blank\">Wiener Linien<\/a><\/p>\n<p>For a visible stop for your buses and trams, you naturally need stop signs or even a stop with display. With the stop sign sets and the stop stop sets you can place the original stop stops of the Wiener Linien in your city. To ensure that everyone sees the correct departure times, both sets include stickers for the digital display board and each bus set and tram set includes line stickers with departure times for the digital display board of the stop.<\/p>","protected":false},"excerpt":{"rendered":"<p>Anzahl der Steine: 40 Schwierigkeitsgrad: Leicht Altersempfehlung: 6+ Designer: derKlassiker Lizenzpartner: Wiener Linien F\u00fcr einen sichtbaren Stationsaufenthalt f\u00fcr deine Busse und Stra\u00dfenbahnen ben\u00f6tigst du nat\u00fcrlich Haltestellentafeln oder auch gleich eine Haltestelle mit Anzeige. Mit den Haltestellentaferlsets und den Halstestellensets kannst du dir die Originalgetreuen Haltestellenstops der Wiener Linien in deine City stellen. Damit auch jeder [&hellip;]<\/p>","protected":false},"featured_media":5011,"comment_status":"open","ping_status":"closed","template":"","meta":[],"product_brand":[],"product_cat":[44,128],"product_tag":[120,119],"class_list":{"0":"post-4182","1":"product","2":"type-product","3":"status-publish","4":"has-post-thumbnail","6":"product_cat-komplettsets","7":"product_cat-derklassiker","8":"product_tag-komplettsets","9":"product_tag-wiener-linien","10":"product_shipping_class-kleinartikel-versand","12":"first","13":"instock","14":"taxable","15":"shipping-taxable","16":"purchasable","17":"product-type-simple"},"jetpack_sharing_enabled":true,"_links":{"self":[{"href":"https:\/\/stone-heap.com\/en\/wp-json\/wp\/v2\/product\/4182","targetHints":{"allow":["GET"]}}],"collection":[{"href":"https:\/\/stone-heap.com\/en\/wp-json\/wp\/v2\/product"}],"about":[{"href":"https:\/\/stone-heap.com\/en\/wp-json\/wp\/v2\/types\/product"}],"replies":[{"embeddable":true,"href":"https:\/\/stone-heap.com\/en\/wp-json\/wp\/v2\/comments?post=4182"}],"version-history":[{"count":1,"href":"https:\/\/stone-heap.com\/en\/wp-json\/wp\/v2\/product\/4182\/revisions"}],"predecessor-version":[{"id":15850,"href":"https:\/\/stone-heap.com\/en\/wp-json\/wp\/v2\/product\/4182\/revisions\/15850"}],"wp:featuredmedia":[{"embeddable":true,"href":"https:\/\/stone-heap.com\/en\/wp-json\/wp\/v2\/media\/5011"}],"wp:attachment":[{"href":"https:\/\/stone-heap.com\/en\/wp-json\/wp\/v2\/media?parent=4182"}],"wp:term":[{"taxonomy":"product_brand","embeddable":true,"href":"https:\/\/stone-heap.com\/en\/wp-json\/wp\/v2\/product_brand?post=4182"},{"taxonomy":"product_cat","embeddable":true,"href":"https:\/\/stone-heap.com\/en\/wp-json\/wp\/v2\/product_cat?post=4182"},{"taxonomy":"product_tag","embeddable":true,"href":"https:\/\/stone-heap.com\/en\/wp-json\/wp\/v2\/product_tag?post=4182"}],"curies":[{"name":"wp","href":"https:\/\/api.w.org\/{rel}","templated":true}]}}