{"id":4866,"date":"2022-03-09T18:00:06","date_gmt":"2022-03-09T17:00:06","guid":{"rendered":"https:\/\/stone-heap.com\/?post_type=product&#038;p=4866"},"modified":"2023-11-04T23:56:45","modified_gmt":"2023-11-04T22:56:45","slug":"sbb-historic-b-3-4","status":"publish","type":"product","link":"https:\/\/stone-heap.com\/en\/shop\/pdf-bauanleitungen\/produkt\/sbb-historic-b-3-4\/","title":{"rendered":"SBB Historic &#8211; B 3\/4"},"content":{"rendered":"<p>The item offered here is a digital assembly instruction in PDF file format. <strong>There are no construction elements included in the offer! <\/strong>The image is a digitally created image and is only intended to represent the finished product.<\/p>\n<p>Anzahl der Steine: 968<br \/>\nLevel of difficulty: Hard<br \/>\nAge recommendation: 18+<br \/>\nDesigned by: <a href=\"https:\/\/stone-heap.com\/en\/ueber-uns\/\">Andi<\/a><\/p>\n<p>Die Lokomotiven der Klasse B 3\/4 der SBB Histroic wurden ab 1905 von der Schweizerischen Lokomotiv- und Maschinenfabrik in Winterthur gebaut. Die Hei\u00dfdampflokomotiven bef\u00f6rderten fast alle Arten von Z\u00fcgen, mit Ausnahme von schweren G\u00fcterz\u00fcgen.<\/p>\n<p>Die ersten Lokomotiven wurden 1934 ausgemustert, die letzte der 69 Triebfahrzeugen schied 1964 aus dem Betriebsdienst aus. Diese Lokomotive mit der Betriebsnummer 1367 wird noch heute von der SBB Historic betriebsf\u00e4hig erhalten.<\/p>\n<p>Das Modell kann mit dem Powered Up System motorisiert werden, der Zugmotor befindet sich in der Lok und der Batteriekasten ist im Tender verbaut. Au\u00dferdem sollte das Modell mindestens auf dem R72-Radius gefahren werden.<\/p>\n<p><strong><br \/>\nSave 10% on your first purchase at Webrick with code \"Stoneheap\".<\/strong><\/p>\n<div class=\"steine-button\" style=\"width: 250px; padding: 10px; border: 0px solid #105F8B; border-radius: 25px; height: 45px; background-color: #105f8b;\"><a style=\"color: #fff; text-align: center; font-weight: 900;\" href=\"https:\/\/www.webrick.com\/wp_collection\/share\/4Z79QD3LCgSsCO4oCUSe74lg11sQJhzm\/#aid=stoneheap\" rel=\"nofollow noopener\" target=\"_blank\"> Order parts EXTERNALLY now<\/a><\/div>\n<p>&nbsp;<\/p>","protected":false},"excerpt":{"rendered":"<p>Bei dem hier angebotenen Artikel handelt es sich um eine digitale Aufbauanleitung im PDF-Dateiformat. Es sind keine Bauelemente im Angebot enthalten! Bei der Abbildung handelt es sich um ein digital erstelltes Bild und soll lediglich das fertige Produkt darstellen. Anzahl der Steine: 968 Schwierigkeitsgrad: sehr schwer Altersempfehlung: 18+ Designt by: Andi Die Lokomotiven der Klasse [&hellip;]<\/p>","protected":false},"featured_media":4870,"comment_status":"open","ping_status":"closed","template":"","meta":[],"product_brand":[],"product_cat":[43,66,69],"product_tag":[16,30,50,81],"class_list":{"0":"post-4866","1":"product","2":"type-product","3":"status-publish","4":"has-post-thumbnail","6":"product_cat-pdf-bauanleitungen","7":"product_cat-pdf-bauanleitungen-pro","8":"product_cat-dampfloks","9":"product_tag-8-noppen","10":"product_tag-dampflok","11":"product_tag-pdf-bauanleitung","12":"product_tag-sbb","14":"first","15":"instock","16":"downloadable","17":"virtual","18":"sold-individually","19":"taxable","20":"purchasable","21":"product-type-simple"},"jetpack_sharing_enabled":true,"_links":{"self":[{"href":"https:\/\/stone-heap.com\/en\/wp-json\/wp\/v2\/product\/4866","targetHints":{"allow":["GET"]}}],"collection":[{"href":"https:\/\/stone-heap.com\/en\/wp-json\/wp\/v2\/product"}],"about":[{"href":"https:\/\/stone-heap.com\/en\/wp-json\/wp\/v2\/types\/product"}],"replies":[{"embeddable":true,"href":"https:\/\/stone-heap.com\/en\/wp-json\/wp\/v2\/comments?post=4866"}],"version-history":[{"count":0,"href":"https:\/\/stone-heap.com\/en\/wp-json\/wp\/v2\/product\/4866\/revisions"}],"wp:featuredmedia":[{"embeddable":true,"href":"https:\/\/stone-heap.com\/en\/wp-json\/wp\/v2\/media\/4870"}],"wp:attachment":[{"href":"https:\/\/stone-heap.com\/en\/wp-json\/wp\/v2\/media?parent=4866"}],"wp:term":[{"taxonomy":"product_brand","embeddable":true,"href":"https:\/\/stone-heap.com\/en\/wp-json\/wp\/v2\/product_brand?post=4866"},{"taxonomy":"product_cat","embeddable":true,"href":"https:\/\/stone-heap.com\/en\/wp-json\/wp\/v2\/product_cat?post=4866"},{"taxonomy":"product_tag","embeddable":true,"href":"https:\/\/stone-heap.com\/en\/wp-json\/wp\/v2\/product_tag?post=4866"}],"curies":[{"name":"wp","href":"https:\/\/api.w.org\/{rel}","templated":true}]}}