{"id":5452,"date":"2025-02-02T20:45:11","date_gmt":"2025-02-02T19:45:11","guid":{"rendered":"https:\/\/stone-heap.com\/?post_type=product&#038;p=5452"},"modified":"2025-08-02T21:43:34","modified_gmt":"2025-08-02T19:43:34","slug":"wiener-linien-strassenbahn-4-e1","status":"publish","type":"product","link":"https:\/\/stone-heap.com\/en\/shop\/komplettsets\/produkt\/wiener-linien-strassenbahn-4-e1\/","title":{"rendered":"Wiener Linien &#8211; Stra\u00dfenbahn 4 E1"},"content":{"rendered":"<p>Anzahl der Steine: 732<br \/>\nLevel of difficulty: Easy<br \/>\nAge recommendation: 8+<br \/>\nL\u00e4nge: 49 cm<br \/>\nDesigner: <a href=\"https:\/\/derklassiker.at\/\" rel=\"nofollow noopener\" target=\"_blank\">derKlassiker<\/a><br \/>\nLicensing partner: <a href=\"https:\/\/www.wienerlinien.at\/\" rel=\"nofollow noopener\" target=\"_blank\">Wiener Linien<\/a><\/p>\n<p>Hol dir ein St\u00fcck Wiener Geschichte in dein LEGO-Universum mit dem legend\u00e4ren Stra\u00dfenbahnmodell E1! Jahrzehntelang pr\u00e4gte diese klassische Stra\u00dfenbahn das Stadtbild Wiens und brachte Millionen von Fahrg\u00e4sten zuverl\u00e4ssig ans Ziel. Mit ihrem markanten Design in Rot-Creme und den typischen Schwenkt\u00fcren ist der E1 eine der bekanntesten Stra\u00dfenbahnen \u00d6sterreichs.<\/p>\n<p>Dieses detailgetreue LEGO-Modell besticht durch realistische Fenster, bewegliche T\u00fcren und einen originalgetreuen Stromabnehmer. Dank der Kompatibilit\u00e4t mit LEGO Schienen l\u00e4sst sich die Stra\u00dfenbahn problemlos in jede Stadtlandschaft integrieren.<\/p>","protected":false},"excerpt":{"rendered":"<p>Anzahl der Steine: 732 Schwierigkeitsgrad: Leicht Altersempfehlung: 8+ L\u00e4nge: 49 cm Designer: derKlassiker Lizenzpartner: Wiener Linien Hol dir ein St\u00fcck Wiener Geschichte in dein LEGO-Universum mit dem legend\u00e4ren Stra\u00dfenbahnmodell E1! Jahrzehntelang pr\u00e4gte diese klassische Stra\u00dfenbahn das Stadtbild Wiens und brachte Millionen von Fahrg\u00e4sten zuverl\u00e4ssig ans Ziel. Mit ihrem markanten Design in Rot-Creme und den typischen [&hellip;]<\/p>","protected":false},"featured_media":16325,"comment_status":"open","ping_status":"closed","template":"","meta":[],"product_brand":[],"product_cat":[44,128],"product_tag":[120,127,119],"class_list":{"0":"post-5452","1":"product","2":"type-product","3":"status-publish","4":"has-post-thumbnail","6":"product_cat-komplettsets","7":"product_cat-derklassiker","8":"product_tag-komplettsets","9":"product_tag-strassenbahn","10":"product_tag-wiener-linien","11":"product_shipping_class-set-versand-neu","13":"first","14":"outofstock","15":"taxable","16":"shipping-taxable","17":"purchasable","18":"product-type-simple"},"jetpack_sharing_enabled":true,"_links":{"self":[{"href":"https:\/\/stone-heap.com\/en\/wp-json\/wp\/v2\/product\/5452","targetHints":{"allow":["GET"]}}],"collection":[{"href":"https:\/\/stone-heap.com\/en\/wp-json\/wp\/v2\/product"}],"about":[{"href":"https:\/\/stone-heap.com\/en\/wp-json\/wp\/v2\/types\/product"}],"replies":[{"embeddable":true,"href":"https:\/\/stone-heap.com\/en\/wp-json\/wp\/v2\/comments?post=5452"}],"version-history":[{"count":2,"href":"https:\/\/stone-heap.com\/en\/wp-json\/wp\/v2\/product\/5452\/revisions"}],"predecessor-version":[{"id":16327,"href":"https:\/\/stone-heap.com\/en\/wp-json\/wp\/v2\/product\/5452\/revisions\/16327"}],"wp:featuredmedia":[{"embeddable":true,"href":"https:\/\/stone-heap.com\/en\/wp-json\/wp\/v2\/media\/16325"}],"wp:attachment":[{"href":"https:\/\/stone-heap.com\/en\/wp-json\/wp\/v2\/media?parent=5452"}],"wp:term":[{"taxonomy":"product_brand","embeddable":true,"href":"https:\/\/stone-heap.com\/en\/wp-json\/wp\/v2\/product_brand?post=5452"},{"taxonomy":"product_cat","embeddable":true,"href":"https:\/\/stone-heap.com\/en\/wp-json\/wp\/v2\/product_cat?post=5452"},{"taxonomy":"product_tag","embeddable":true,"href":"https:\/\/stone-heap.com\/en\/wp-json\/wp\/v2\/product_tag?post=5452"}],"curies":[{"name":"wp","href":"https:\/\/api.w.org\/{rel}","templated":true}]}}