{"id":5454,"date":"2024-03-02T20:39:55","date_gmt":"2024-03-02T19:39:55","guid":{"rendered":"https:\/\/stone-heap.com\/?post_type=product&#038;p=5454"},"modified":"2025-12-02T21:21:41","modified_gmt":"2025-12-02T20:21:41","slug":"vor-regio-bus","status":"publish","type":"product","link":"https:\/\/stone-heap.com\/en\/shop\/komplettsets\/produkt\/vor-regio-bus\/","title":{"rendered":"VOR &#8211; Regio Bus"},"content":{"rendered":"<p>Number of stones: 295<br \/>\nLevel of difficulty: Easy<br \/>\nAge recommendation: 7+<br \/>\nLength: 24 cm<br \/>\nDesigner: <a href=\"https:\/\/derklassiker.at\/\" rel=\"nofollow noopener\" target=\"_blank\">derKlassiker<\/a><br \/>\nLicensing partner: <a href=\"https:\/\/www.vor.at\/\" rel=\"nofollow noopener\" target=\"_blank\">VOR<\/a><\/p>\n<p>This beautiful bus from Vor will make every eye light up. Just like the original, there are 2 doors which can be easily opened or closed. The roof can also be removed so that various minifigures can be placed inside. There is space inside for 6 passengers and a driver. The bus can be given its original look with the corresponding stickers. If required, the bus can also be equipped with lights. However, a Bluetooth hub and the matching lights are required for this.<\/p>","protected":false},"excerpt":{"rendered":"<p>Anzahl der Steine: 295 Schwierigkeitsgrad: Leicht Altersempfehlung: 7+ L\u00e4nge: 24 cm Designer: derKlassiker Lizenzpartner: VOR Dieser wundersch\u00f6ne Linienbus von Vor l\u00e4sst jede Augen zum Strahlen bringen. Wie im Original sind 2 T\u00fcren vorhanden, welche man ganz einfach \u00f6ffnen oder schlie\u00dfen kann. Au\u00dferdem kann man das Dach abnehmen, sodass man diverse Minifiguren hineinsetzen kann. Im inneren [&hellip;]<\/p>","protected":false},"featured_media":12795,"comment_status":"open","ping_status":"closed","template":"","meta":[],"product_brand":[],"product_cat":[44,128],"product_tag":[121,120,143],"class_list":{"0":"post-5454","1":"product","2":"type-product","3":"status-publish","4":"has-post-thumbnail","6":"product_cat-komplettsets","7":"product_cat-derklassiker","8":"product_tag-bus","9":"product_tag-komplettsets","10":"product_tag-vor","11":"product_shipping_class-set-versand-neu","13":"first","14":"outofstock","15":"taxable","16":"shipping-taxable","17":"purchasable","18":"product-type-simple"},"jetpack_sharing_enabled":true,"_links":{"self":[{"href":"https:\/\/stone-heap.com\/en\/wp-json\/wp\/v2\/product\/5454","targetHints":{"allow":["GET"]}}],"collection":[{"href":"https:\/\/stone-heap.com\/en\/wp-json\/wp\/v2\/product"}],"about":[{"href":"https:\/\/stone-heap.com\/en\/wp-json\/wp\/v2\/types\/product"}],"replies":[{"embeddable":true,"href":"https:\/\/stone-heap.com\/en\/wp-json\/wp\/v2\/comments?post=5454"}],"version-history":[{"count":1,"href":"https:\/\/stone-heap.com\/en\/wp-json\/wp\/v2\/product\/5454\/revisions"}],"predecessor-version":[{"id":16129,"href":"https:\/\/stone-heap.com\/en\/wp-json\/wp\/v2\/product\/5454\/revisions\/16129"}],"wp:featuredmedia":[{"embeddable":true,"href":"https:\/\/stone-heap.com\/en\/wp-json\/wp\/v2\/media\/12795"}],"wp:attachment":[{"href":"https:\/\/stone-heap.com\/en\/wp-json\/wp\/v2\/media?parent=5454"}],"wp:term":[{"taxonomy":"product_brand","embeddable":true,"href":"https:\/\/stone-heap.com\/en\/wp-json\/wp\/v2\/product_brand?post=5454"},{"taxonomy":"product_cat","embeddable":true,"href":"https:\/\/stone-heap.com\/en\/wp-json\/wp\/v2\/product_cat?post=5454"},{"taxonomy":"product_tag","embeddable":true,"href":"https:\/\/stone-heap.com\/en\/wp-json\/wp\/v2\/product_tag?post=5454"}],"curies":[{"name":"wp","href":"https:\/\/api.w.org\/{rel}","templated":true}]}}