{"id":5456,"date":"2024-07-02T20:19:48","date_gmt":"2024-07-02T18:19:48","guid":{"rendered":"https:\/\/stone-heap.com\/?post_type=product&#038;p=5456"},"modified":"2025-08-30T15:37:07","modified_gmt":"2025-08-30T13:37:07","slug":"wiener-linien-gelenkbus-5-citaro","status":"publish","type":"product","link":"https:\/\/stone-heap.com\/en\/shop\/komplettsets\/produkt\/wiener-linien-gelenkbus-5-citaro\/","title":{"rendered":"Wiener Linien &#8211; Gelenkbus 5 Citaro"},"content":{"rendered":"<p>Anzahl der Steine: 480<br \/>\nLevel of difficulty: Easy<br \/>\nAge recommendation: 7+<br \/>\nL\u00e4nge: 40 cm<br \/>\nDesigner: <a href=\"https:\/\/derklassiker.at\/\" rel=\"nofollow noopener\" target=\"_blank\">derKlassiker<\/a><br \/>\nLicensing partner: <a href=\"https:\/\/www.wienerlinien.at\/\" rel=\"nofollow noopener\" target=\"_blank\">Wiener Linien<\/a><\/p>\n<p>Dieser wundersch\u00f6ne Gelenkbus von den Wiener Linien l\u00e4sst jede Augen zum Strahlen bringen. Es sind 4 T\u00fcren vorhanden, welche man ganz einfach \u00f6ffnen oder schlie\u00dfen kann. Au\u00dferdem kann man das Dach abnehmen, sodass man diverse Minifiguren hineinsetzen kann. Wir Empfehlen nat\u00fcrlich die passenden Wiener Linien Figuren dazu, welche sich ideal zum Modell integrieren lassen. Im inneren haben 10 Passagiere und ein Fahrer platz. Mit den dazugeh\u00f6rigen Sticker l\u00e4sst sich der Bus in seine originale Optik einf\u00fcgen. Je nach Bedarf kann man den Bus auch mit Licht ausstatten. Hierf\u00fcr wird aber ein Bluetoothhub und die passenden Lichter ben\u00f6tigt.<\/p>","protected":false},"excerpt":{"rendered":"<p>Anzahl der Steine: 480 Schwierigkeitsgrad: Leicht Altersempfehlung: 7+ L\u00e4nge: 40 cm Designer: derKlassiker Lizenzpartner: Wiener Linien Dieser wundersch\u00f6ne Gelenkbus von den Wiener Linien l\u00e4sst jede Augen zum Strahlen bringen. Es sind 4 T\u00fcren vorhanden, welche man ganz einfach \u00f6ffnen oder schlie\u00dfen kann. Au\u00dferdem kann man das Dach abnehmen, sodass man diverse Minifiguren hineinsetzen kann. Wir [&hellip;]<\/p>","protected":false},"featured_media":14504,"comment_status":"open","ping_status":"closed","template":"","meta":[],"product_brand":[],"product_cat":[44,128],"product_tag":[121,120,119],"class_list":{"0":"post-5456","1":"product","2":"type-product","3":"status-publish","4":"has-post-thumbnail","6":"product_cat-komplettsets","7":"product_cat-derklassiker","8":"product_tag-bus","9":"product_tag-komplettsets","10":"product_tag-wiener-linien","11":"product_shipping_class-set-versand-neu","13":"first","14":"outofstock","15":"taxable","16":"shipping-taxable","17":"purchasable","18":"product-type-simple"},"jetpack_sharing_enabled":true,"_links":{"self":[{"href":"https:\/\/stone-heap.com\/en\/wp-json\/wp\/v2\/product\/5456","targetHints":{"allow":["GET"]}}],"collection":[{"href":"https:\/\/stone-heap.com\/en\/wp-json\/wp\/v2\/product"}],"about":[{"href":"https:\/\/stone-heap.com\/en\/wp-json\/wp\/v2\/types\/product"}],"replies":[{"embeddable":true,"href":"https:\/\/stone-heap.com\/en\/wp-json\/wp\/v2\/comments?post=5456"}],"version-history":[{"count":1,"href":"https:\/\/stone-heap.com\/en\/wp-json\/wp\/v2\/product\/5456\/revisions"}],"predecessor-version":[{"id":15851,"href":"https:\/\/stone-heap.com\/en\/wp-json\/wp\/v2\/product\/5456\/revisions\/15851"}],"wp:featuredmedia":[{"embeddable":true,"href":"https:\/\/stone-heap.com\/en\/wp-json\/wp\/v2\/media\/14504"}],"wp:attachment":[{"href":"https:\/\/stone-heap.com\/en\/wp-json\/wp\/v2\/media?parent=5456"}],"wp:term":[{"taxonomy":"product_brand","embeddable":true,"href":"https:\/\/stone-heap.com\/en\/wp-json\/wp\/v2\/product_brand?post=5456"},{"taxonomy":"product_cat","embeddable":true,"href":"https:\/\/stone-heap.com\/en\/wp-json\/wp\/v2\/product_cat?post=5456"},{"taxonomy":"product_tag","embeddable":true,"href":"https:\/\/stone-heap.com\/en\/wp-json\/wp\/v2\/product_tag?post=5456"}],"curies":[{"name":"wp","href":"https:\/\/api.w.org\/{rel}","templated":true}]}}