{"id":5469,"date":"2025-03-03T20:48:37","date_gmt":"2025-03-03T19:48:37","guid":{"rendered":"https:\/\/stone-heap.com\/?post_type=product&#038;p=5469"},"modified":"2025-08-02T21:43:34","modified_gmt":"2025-08-02T19:43:34","slug":"vor-regio-gelenkbus","status":"publish","type":"product","link":"https:\/\/stone-heap.com\/en\/shop\/komplettsets\/produkt\/vor-regio-gelenkbus\/","title":{"rendered":"VOR &#8211; Regio Gelenkbus"},"content":{"rendered":"<p>Anzahl der Steine: 519<br \/>\nLevel of difficulty: Easy<br \/>\nAge recommendation: 8+<br \/>\nL\u00e4nge: 36,5 cm<br \/>\nDesigner: <a href=\"https:\/\/derklassiker.at\/\" rel=\"nofollow noopener\" target=\"_blank\">derKlassiker<\/a><br \/>\nLicensing partner: <a href=\"https:\/\/www.vor.at\/\" rel=\"nofollow noopener\" target=\"_blank\">VOR<\/a><\/p>\n<p data-start=\"106\" data-end=\"476\">Dieser detailreiche Gelenkbus der Verkehrsverbund Ost-Region begeistert Gro\u00df und Klein! Das Modell besteht aus 519 Bausteinen und \u00fcberzeugt mit einer L\u00e4nge von 36,5 cm. Es verf\u00fcgt \u00fcber vier T\u00fcren. Das abnehmbare Dach erm\u00f6glicht es, Minifiguren im Innenraum zu platzieren \u2013 ideal f\u00fcr ein realistisches Spielerlebnis!<br \/>\nIm Inneren finden 7 Passagiere sowie ein Fahrer Platz. Mit den beiliegenden Stickern l\u00e4sst sich der Bus originalgetreu gestalten. Wer noch mehr Details m\u00f6chte, kann den Bus optional mit einer Beleuchtung ausstatten. Daf\u00fcr werden ein Bluetooth-Hub und passende Lichter ben\u00f6tigt.<\/p>","protected":false},"excerpt":{"rendered":"<p>Anzahl der Steine: 519 Schwierigkeitsgrad: Leicht Altersempfehlung: 8+ L\u00e4nge: 36,5 cm Designer: derKlassiker Lizenzpartner: VOR Dieser detailreiche Gelenkbus der Verkehrsverbund Ost-Region begeistert Gro\u00df und Klein! Das Modell besteht aus 519 Bausteinen und \u00fcberzeugt mit einer L\u00e4nge von 36,5 cm. Es verf\u00fcgt \u00fcber vier T\u00fcren. Das abnehmbare Dach erm\u00f6glicht es, Minifiguren im Innenraum zu platzieren \u2013 [&hellip;]<\/p>","protected":false},"featured_media":16497,"comment_status":"open","ping_status":"closed","template":"","meta":[],"product_brand":[],"product_cat":[44,128],"product_tag":[121,120,143],"class_list":{"0":"post-5469","1":"product","2":"type-product","3":"status-publish","4":"has-post-thumbnail","6":"product_cat-komplettsets","7":"product_cat-derklassiker","8":"product_tag-bus","9":"product_tag-komplettsets","10":"product_tag-vor","11":"product_shipping_class-set-versand-neu","13":"first","14":"outofstock","15":"taxable","16":"shipping-taxable","17":"purchasable","18":"product-type-simple"},"jetpack_sharing_enabled":true,"_links":{"self":[{"href":"https:\/\/stone-heap.com\/en\/wp-json\/wp\/v2\/product\/5469","targetHints":{"allow":["GET"]}}],"collection":[{"href":"https:\/\/stone-heap.com\/en\/wp-json\/wp\/v2\/product"}],"about":[{"href":"https:\/\/stone-heap.com\/en\/wp-json\/wp\/v2\/types\/product"}],"replies":[{"embeddable":true,"href":"https:\/\/stone-heap.com\/en\/wp-json\/wp\/v2\/comments?post=5469"}],"version-history":[{"count":3,"href":"https:\/\/stone-heap.com\/en\/wp-json\/wp\/v2\/product\/5469\/revisions"}],"predecessor-version":[{"id":16499,"href":"https:\/\/stone-heap.com\/en\/wp-json\/wp\/v2\/product\/5469\/revisions\/16499"}],"wp:featuredmedia":[{"embeddable":true,"href":"https:\/\/stone-heap.com\/en\/wp-json\/wp\/v2\/media\/16497"}],"wp:attachment":[{"href":"https:\/\/stone-heap.com\/en\/wp-json\/wp\/v2\/media?parent=5469"}],"wp:term":[{"taxonomy":"product_brand","embeddable":true,"href":"https:\/\/stone-heap.com\/en\/wp-json\/wp\/v2\/product_brand?post=5469"},{"taxonomy":"product_cat","embeddable":true,"href":"https:\/\/stone-heap.com\/en\/wp-json\/wp\/v2\/product_cat?post=5469"},{"taxonomy":"product_tag","embeddable":true,"href":"https:\/\/stone-heap.com\/en\/wp-json\/wp\/v2\/product_tag?post=5469"}],"curies":[{"name":"wp","href":"https:\/\/api.w.org\/{rel}","templated":true}]}}