{"id":5471,"date":"2023-11-19T21:59:01","date_gmt":"2023-11-19T20:59:01","guid":{"rendered":"https:\/\/stone-heap.com\/?post_type=product&#038;p=5471"},"modified":"2026-03-06T13:49:17","modified_gmt":"2026-03-06T12:49:17","slug":"wiener-linien-wartehaus-2","status":"publish","type":"product","link":"https:\/\/stone-heap.com\/en\/shop\/komplettsets\/produkt\/wiener-linien-wartehaus-2\/","title":{"rendered":"Wiener Linien &#8211; Wartehaus 2"},"content":{"rendered":"<p>Anzahl der Steine: 134<br \/>\nLevel of difficulty: Easy<br \/>\nAge recommendation: 6+<br \/>\nDesigner: <a href=\"https:\/\/derklassiker.at\/\" rel=\"nofollow noopener\" target=\"_blank\">derKlassiker<\/a><br \/>\nLicensing partner: <a href=\"https:\/\/www.wienerlinien.at\/\" rel=\"nofollow noopener\" target=\"_blank\">Wiener Linien<\/a><\/p>\n<p>Das Wartehaus 2 ist ein Refresh des erfolgreichen Wartehaus 1 Sets. Nun mit seitlicher Gewista Werbetafel und<br \/>\nnun zus\u00e4tzlich zu den Haltestellentaferln f\u00fcr Strassenbahn und Bus eine digitale Warteanzeige.<br \/>\nDie enthaltenen Aufkleber &#8222;Derzeit keine Echtzeitinfo&#8220; k\u00f6nnen dann mit den Warteanzeigeaufklebern welche in<br \/>\nden Strassenbahn oder Bussets enthalten sind ersetzt werden.<\/p>","protected":false},"excerpt":{"rendered":"<p>Anzahl der Steine: 134 Schwierigkeitsgrad: Leicht Altersempfehlung: 6+ Designer: derKlassiker Lizenzpartner: Wiener Linien Das Wartehaus 2 ist ein Refresh des erfolgreichen Wartehaus 1 Sets. Nun mit seitlicher Gewista Werbetafel und nun zus\u00e4tzlich zu den Haltestellentaferln f\u00fcr Strassenbahn und Bus eine digitale Warteanzeige. Die enthaltenen Aufkleber &#8222;Derzeit keine Echtzeitinfo&#8220; k\u00f6nnen dann mit den Warteanzeigeaufklebern welche in [&hellip;]<\/p>","protected":false},"featured_media":11983,"comment_status":"open","ping_status":"closed","template":"","meta":[],"product_brand":[],"product_cat":[44,128],"product_tag":[120,119],"class_list":{"0":"post-5471","1":"product","2":"type-product","3":"status-publish","4":"has-post-thumbnail","6":"product_cat-komplettsets","7":"product_cat-derklassiker","8":"product_tag-komplettsets","9":"product_tag-wiener-linien","10":"product_shipping_class-set-versand-neu","12":"first","13":"outofstock","14":"taxable","15":"shipping-taxable","16":"purchasable","17":"product-type-simple"},"jetpack_sharing_enabled":true,"_links":{"self":[{"href":"https:\/\/stone-heap.com\/en\/wp-json\/wp\/v2\/product\/5471","targetHints":{"allow":["GET"]}}],"collection":[{"href":"https:\/\/stone-heap.com\/en\/wp-json\/wp\/v2\/product"}],"about":[{"href":"https:\/\/stone-heap.com\/en\/wp-json\/wp\/v2\/types\/product"}],"replies":[{"embeddable":true,"href":"https:\/\/stone-heap.com\/en\/wp-json\/wp\/v2\/comments?post=5471"}],"version-history":[{"count":1,"href":"https:\/\/stone-heap.com\/en\/wp-json\/wp\/v2\/product\/5471\/revisions"}],"predecessor-version":[{"id":15853,"href":"https:\/\/stone-heap.com\/en\/wp-json\/wp\/v2\/product\/5471\/revisions\/15853"}],"wp:featuredmedia":[{"embeddable":true,"href":"https:\/\/stone-heap.com\/en\/wp-json\/wp\/v2\/media\/11983"}],"wp:attachment":[{"href":"https:\/\/stone-heap.com\/en\/wp-json\/wp\/v2\/media?parent=5471"}],"wp:term":[{"taxonomy":"product_brand","embeddable":true,"href":"https:\/\/stone-heap.com\/en\/wp-json\/wp\/v2\/product_brand?post=5471"},{"taxonomy":"product_cat","embeddable":true,"href":"https:\/\/stone-heap.com\/en\/wp-json\/wp\/v2\/product_cat?post=5471"},{"taxonomy":"product_tag","embeddable":true,"href":"https:\/\/stone-heap.com\/en\/wp-json\/wp\/v2\/product_tag?post=5471"}],"curies":[{"name":"wp","href":"https:\/\/api.w.org\/{rel}","templated":true}]}}