{"id":5672,"date":"2022-06-15T18:00:57","date_gmt":"2022-06-15T16:00:57","guid":{"rendered":"https:\/\/stone-heap.com\/?post_type=product&#038;p=5672"},"modified":"2024-03-18T17:52:37","modified_gmt":"2024-03-18T16:52:37","slug":"drg-e-19","status":"publish","type":"product","link":"https:\/\/stone-heap.com\/en\/shop\/pdf-bauanleitungen\/produkt\/drg-e-19\/","title":{"rendered":"DRG E-19"},"content":{"rendered":"<p>The item offered here is a digital assembly instruction in PDF file format. <strong>There are no construction elements included in the offer! <\/strong>The image is a digitally created image and is only intended to represent the finished product.<\/p>\n<p>Anzahl der Steine: 1.105<br \/>\nLevel of difficulty: Hard<br \/>\nAge recommendation: 16+<br \/>\nDesigned by: <a href=\"https:\/\/stone-heap.com\/en\/ueber-uns\/\">Andi<\/a><\/p>\n<p>Zus\u00e4tzlich zur Teileliste ben\u00f6tigt ihr folgende R\u00e4der in der Farbe Rot :<br \/>\n8x <a href=\"https:\/\/stone-heap.com\/en\/shop\/zubehoer\/zugraeder-zubehoer\/produkt\/2x-m-rad\/\">M-wheels 24mm<\/a><br \/>\n4x <a href=\"https:\/\/stone-heap.com\/en\/shop\/zubehoer\/zugraeder-zubehoer\/produkt\/s-rad-9\/\">S-wheels 17,6mm<\/a><\/p>\n<p>Die Lokomotiven der Reihe E-19 z\u00e4hlen neben den der E-18 zweifellos zu den sch\u00f6nsten Elektrolokomotiven Deutschlands. Viele geben der E-19 aufgrund ihrer Sch\u00fcrze den Vorzug.<\/p>\n<p>Die DRG ben\u00f6tigte eine 180 km\/h schnelle Ellok f\u00fcr die Strecke Berlin \u2013 Halle (S) \u2013 M\u00fcnchen, zus\u00e4tzlich sollte die M\u00f6glichkeit bestehen die H\u00f6chstgeschwindigkeit auf 200 km\/h zu erh\u00f6hen.<\/p>\n<p>Als Grundlage diente die damals schon bew\u00e4hrte E-18, \u00e4u\u00dferlich unterscheidet sich die E-19 durch die ver\u00e4nderte Fenster-L\u00fcfter-Anordnung und durch die dunkelrote Farbgebung. Des Weiteren erhielten sie eine Sch\u00fcrze, die von den Puffern bis zur Schienenoberkante reichte.<\/p>\n<p>Alle 4 Lokomotiven verblieben in Westdeutschland, sie verloren ihre Sch\u00fcrzen und wurden stahlblau und dunkelgr\u00fcn lackiert. Au\u00dferdem wurde die H\u00f6chstgeschwindigkeit auf 140 km\/h gedrosselt. Zwei blieben erhalten und sie repr\u00e4sentieren wieder den dunkelroten Ursprungszustand.<\/p>\n<p>Das Modell zeigt die DRG Ausf\u00fchrung mit Sch\u00fcrze, Adler und dunkelroter Lackierung. Das Modell kann mit einem L-Motor des Power Functions motorisiert werden. Au\u00dferdem ist das Modell schon auf dem R40 Radius fahrbar.<\/p>\n<p><strong><br \/>\nSave 10% on your first purchase at Webrick with code \"Stoneheap\".<\/strong><\/p>\n<div class=\"steine-button\" style=\"width: 250px; padding: 10px; border: 0px solid #105F8B; border-radius: 25px; height: 45px; background-color: #105f8b;\"><a style=\"color: #fff; text-align: center; font-weight: 900;\" href=\"https:\/\/www.webrick.com\/wp_collection\/share\/4JZZlZLl15Y4ZMFmTpLQfcpb48UvrLjY\/#aid=stoneheap\" rel=\"nofollow noopener\" target=\"_blank\"> Order parts EXTERNALLY now<\/a><\/div>\n<p>&nbsp;<\/p>","protected":false},"excerpt":{"rendered":"<p>Bei dem hier angebotenen Artikel handelt es sich um eine digitale Aufbauanleitung im PDF-Dateiformat. Es sind keine Bauelemente im Angebot enthalten! Bei der Abbildung handelt es sich um ein digital erstelltes Bild und soll lediglich das fertige Produkt darstellen. Anzahl der Steine: 1.105 Schwierigkeitsgrad: schwer Altersempfehlung: 16+ Designt by: Andi Zus\u00e4tzlich zur Teileliste ben\u00f6tigt ihr [&hellip;]<\/p>","protected":false},"featured_media":5676,"comment_status":"open","ping_status":"closed","template":"","meta":[],"product_brand":[],"product_cat":[43,65,68],"product_tag":[20,21,50],"class_list":{"0":"post-5672","1":"product","2":"type-product","3":"status-publish","4":"has-post-thumbnail","6":"product_cat-pdf-bauanleitungen","7":"product_cat-pdf-bauanleitungen-easy","8":"product_cat-elektroloks","9":"product_tag-6-noppen","10":"product_tag-elektrolok","11":"product_tag-pdf-bauanleitung","13":"first","14":"instock","15":"downloadable","16":"virtual","17":"sold-individually","18":"taxable","19":"purchasable","20":"product-type-simple"},"jetpack_sharing_enabled":true,"_links":{"self":[{"href":"https:\/\/stone-heap.com\/en\/wp-json\/wp\/v2\/product\/5672","targetHints":{"allow":["GET"]}}],"collection":[{"href":"https:\/\/stone-heap.com\/en\/wp-json\/wp\/v2\/product"}],"about":[{"href":"https:\/\/stone-heap.com\/en\/wp-json\/wp\/v2\/types\/product"}],"replies":[{"embeddable":true,"href":"https:\/\/stone-heap.com\/en\/wp-json\/wp\/v2\/comments?post=5672"}],"version-history":[{"count":0,"href":"https:\/\/stone-heap.com\/en\/wp-json\/wp\/v2\/product\/5672\/revisions"}],"wp:featuredmedia":[{"embeddable":true,"href":"https:\/\/stone-heap.com\/en\/wp-json\/wp\/v2\/media\/5676"}],"wp:attachment":[{"href":"https:\/\/stone-heap.com\/en\/wp-json\/wp\/v2\/media?parent=5672"}],"wp:term":[{"taxonomy":"product_brand","embeddable":true,"href":"https:\/\/stone-heap.com\/en\/wp-json\/wp\/v2\/product_brand?post=5672"},{"taxonomy":"product_cat","embeddable":true,"href":"https:\/\/stone-heap.com\/en\/wp-json\/wp\/v2\/product_cat?post=5672"},{"taxonomy":"product_tag","embeddable":true,"href":"https:\/\/stone-heap.com\/en\/wp-json\/wp\/v2\/product_tag?post=5672"}],"curies":[{"name":"wp","href":"https:\/\/api.w.org\/{rel}","templated":true}]}}