{"id":5720,"date":"2022-06-17T21:30:29","date_gmt":"2022-06-17T19:30:29","guid":{"rendered":"https:\/\/stone-heap.com\/?post_type=product&#038;p=5720"},"modified":"2025-11-14T23:12:43","modified_gmt":"2025-11-14T22:12:43","slug":"wiener-linien-xl-bus","status":"publish","type":"product","link":"https:\/\/stone-heap.com\/en\/shop\/komplettsets\/produkt\/wiener-linien-xl-bus\/","title":{"rendered":"Wiener Linien &#8211; XL &#8211; Gelenkbus"},"content":{"rendered":"<p>Number of stones: 539<br \/>\nLevel of difficulty: Easy<br \/>\nAge recommendation: 6+<br \/>\nDesigner: <a href=\"https:\/\/derklassiker.at\/\" rel=\"nofollow noopener\" target=\"_blank\">derKlassiker<\/a><br \/>\nLicensing partner: <a href=\"https:\/\/www.wienerlinien.at\/\" rel=\"nofollow noopener\" target=\"_blank\">Wiener Linien<\/a><\/p>\n<p>The XL articulated bus is the perfect addition to existing buses if you need to transport several people in your city. The roofs can be removed over a large area and the bus includes a deteilgetreuen driver's cab, a ticket machine and a pram parking space. Lines 48A, 26A, 11 B and 11A with their respective terminuses are included. Also the bus shelter display stickers and line stickers for the bus shelter 2 set 1903.<\/p>","protected":false},"excerpt":{"rendered":"<p>Anzahl der Steine: 539 Schwierigkeitsgrad: Leicht Altersempfehlung: 6+ Designer: derKlassiker Lizenzpartner: Wiener Linien Der XL Gelenkbus ist die Perfekte Erg\u00e4nzug den bestehenden Bussen wenn du mehrere Personen in deiner City bef\u00f6rdern musst. Die D\u00e4cher lassen sich gro\u00dffl\u00e4chig abnehmen und der Bus enth\u00e4lt neben einer deteilgetreuen Fahrerkabine auch einen Ticketautomaten und einen Kinderwagenabstellplatz. Es sind die [&hellip;]<\/p>","protected":false},"featured_media":5724,"comment_status":"open","ping_status":"closed","template":"","meta":[],"product_brand":[],"product_cat":[44,128],"product_tag":[121,120,119],"class_list":{"0":"post-5720","1":"product","2":"type-product","3":"status-publish","4":"has-post-thumbnail","6":"product_cat-komplettsets","7":"product_cat-derklassiker","8":"product_tag-bus","9":"product_tag-komplettsets","10":"product_tag-wiener-linien","11":"product_shipping_class-set-versand-neu","13":"first","14":"outofstock","15":"taxable","16":"shipping-taxable","17":"purchasable","18":"product-type-simple"},"jetpack_sharing_enabled":true,"_links":{"self":[{"href":"https:\/\/stone-heap.com\/en\/wp-json\/wp\/v2\/product\/5720","targetHints":{"allow":["GET"]}}],"collection":[{"href":"https:\/\/stone-heap.com\/en\/wp-json\/wp\/v2\/product"}],"about":[{"href":"https:\/\/stone-heap.com\/en\/wp-json\/wp\/v2\/types\/product"}],"replies":[{"embeddable":true,"href":"https:\/\/stone-heap.com\/en\/wp-json\/wp\/v2\/comments?post=5720"}],"version-history":[{"count":1,"href":"https:\/\/stone-heap.com\/en\/wp-json\/wp\/v2\/product\/5720\/revisions"}],"predecessor-version":[{"id":15848,"href":"https:\/\/stone-heap.com\/en\/wp-json\/wp\/v2\/product\/5720\/revisions\/15848"}],"wp:featuredmedia":[{"embeddable":true,"href":"https:\/\/stone-heap.com\/en\/wp-json\/wp\/v2\/media\/5724"}],"wp:attachment":[{"href":"https:\/\/stone-heap.com\/en\/wp-json\/wp\/v2\/media?parent=5720"}],"wp:term":[{"taxonomy":"product_brand","embeddable":true,"href":"https:\/\/stone-heap.com\/en\/wp-json\/wp\/v2\/product_brand?post=5720"},{"taxonomy":"product_cat","embeddable":true,"href":"https:\/\/stone-heap.com\/en\/wp-json\/wp\/v2\/product_cat?post=5720"},{"taxonomy":"product_tag","embeddable":true,"href":"https:\/\/stone-heap.com\/en\/wp-json\/wp\/v2\/product_tag?post=5720"}],"curies":[{"name":"wp","href":"https:\/\/api.w.org\/{rel}","templated":true}]}}