{"id":5771,"date":"2022-07-02T20:12:51","date_gmt":"2022-07-02T18:12:51","guid":{"rendered":"https:\/\/stone-heap.com\/?post_type=product&#038;p=5771"},"modified":"2025-12-14T13:25:34","modified_gmt":"2025-12-14T12:25:34","slug":"wiener-linien-minifiguren-2","status":"publish","type":"product","link":"https:\/\/stone-heap.com\/en\/shop\/komplettsets\/produkt\/wiener-linien-minifiguren-2\/","title":{"rendered":"Wiener Linien - Minifigures 2"},"content":{"rendered":"<p>Number of stones: 8<br \/>\nLevel of difficulty: Easy<br \/>\nAge recommendation: 7+<br \/>\nDesigner: <a href=\"https:\/\/derklassiker.at\/\" target=\"_blank\" rel=\"nofollow noopener\">derKlassiker<\/a><br \/>\nLicensing partner: <a href=\"https:\/\/www.wienerlinien.at\/\" target=\"_blank\" rel=\"nofollow noopener\">Wiener Linien<\/a><\/p>\n<p>Die Wiener Linien Minifiguren sind die die perfekte Erg\u00e4nzung zu deinen Bussen, Stra\u00dfenbahnen und U-Bahn Z\u00fcgen. Als Fahrer oder Fahrerin hast du jederzeit die Kontrolle \u00fcber deine Modelle und kannst deine Fahrg\u00e4ste in der City mit den \u00d6ffentlichen Verkehrsmitteln deiner Wahl zum gew\u00fcnschten Ziel bringen.<\/p>","protected":false},"excerpt":{"rendered":"<p>Anzahl der Steine: 8 Schwierigkeitsgrad: Leicht Altersempfehlung: 7+ Designer: derKlassiker Lizenzpartner: Wiener Linien Die Wiener Linien Minifiguren sind die die perfekte Erg\u00e4nzung zu deinen Bussen, Stra\u00dfenbahnen und U-Bahn Z\u00fcgen. Als Fahrer oder Fahrerin hast du jederzeit die Kontrolle \u00fcber deine Modelle und kannst deine Fahrg\u00e4ste in der City mit den \u00d6ffentlichen Verkehrsmitteln deiner Wahl zum [&hellip;]<\/p>","protected":false},"featured_media":5772,"comment_status":"open","ping_status":"closed","template":"","meta":[],"product_brand":[],"product_cat":[44,128],"product_tag":[120,71,119],"class_list":{"0":"post-5771","1":"product","2":"type-product","3":"status-publish","4":"has-post-thumbnail","6":"product_cat-komplettsets","7":"product_cat-derklassiker","8":"product_tag-komplettsets","9":"product_tag-minifiguren","10":"product_tag-wiener-linien","11":"product_shipping_class-kleinartikel-versand","13":"first","14":"instock","15":"taxable","16":"shipping-taxable","17":"purchasable","18":"product-type-simple"},"jetpack_sharing_enabled":true,"_links":{"self":[{"href":"https:\/\/stone-heap.com\/en\/wp-json\/wp\/v2\/product\/5771","targetHints":{"allow":["GET"]}}],"collection":[{"href":"https:\/\/stone-heap.com\/en\/wp-json\/wp\/v2\/product"}],"about":[{"href":"https:\/\/stone-heap.com\/en\/wp-json\/wp\/v2\/types\/product"}],"replies":[{"embeddable":true,"href":"https:\/\/stone-heap.com\/en\/wp-json\/wp\/v2\/comments?post=5771"}],"version-history":[{"count":2,"href":"https:\/\/stone-heap.com\/en\/wp-json\/wp\/v2\/product\/5771\/revisions"}],"predecessor-version":[{"id":16593,"href":"https:\/\/stone-heap.com\/en\/wp-json\/wp\/v2\/product\/5771\/revisions\/16593"}],"wp:featuredmedia":[{"embeddable":true,"href":"https:\/\/stone-heap.com\/en\/wp-json\/wp\/v2\/media\/5772"}],"wp:attachment":[{"href":"https:\/\/stone-heap.com\/en\/wp-json\/wp\/v2\/media?parent=5771"}],"wp:term":[{"taxonomy":"product_brand","embeddable":true,"href":"https:\/\/stone-heap.com\/en\/wp-json\/wp\/v2\/product_brand?post=5771"},{"taxonomy":"product_cat","embeddable":true,"href":"https:\/\/stone-heap.com\/en\/wp-json\/wp\/v2\/product_cat?post=5771"},{"taxonomy":"product_tag","embeddable":true,"href":"https:\/\/stone-heap.com\/en\/wp-json\/wp\/v2\/product_tag?post=5771"}],"curies":[{"name":"wp","href":"https:\/\/api.w.org\/{rel}","templated":true}]}}