{"id":6205,"date":"2022-08-01T18:00:34","date_gmt":"2022-08-01T16:00:34","guid":{"rendered":"https:\/\/stone-heap.com\/?post_type=product&#038;p=6205"},"modified":"2023-03-14T10:22:37","modified_gmt":"2023-03-14T09:22:37","slug":"nohab-strabag-santa-fe-design","status":"publish","type":"product","link":"https:\/\/stone-heap.com\/en\/shop\/pdf-bauanleitungen\/produkt\/nohab-strabag-santa-fe-design\/","title":{"rendered":"Nohab Strabag \u201cSanta Fe\u201d Design"},"content":{"rendered":"<p>The item offered here is a digital assembly instruction in PDF file format. <strong>There are no construction elements included in the offer! <\/strong>The image is a digitally created image and is only intended to represent the finished product.<\/p>\n<p>Number of stones: 664<br \/>\nLevel of difficulty: Easy<br \/>\nAge recommendation: 12+<br \/>\nDesigned by: <a href=\"https:\/\/stone-heap.com\/en\/ueber-uns\/\">Mario<\/a><\/p>\n<p>Die DSB MY (II) sind dieselelektrische Lokomotiven, die Danske Statsbaner ab Mitte der 1950er Jahre beschaffte, um Dampflokomotiven auf Hauptbahnen mit hoher Achslast zu ersetzen. Bei den DSB wurden die Lokomotiven f\u00fcr s\u00e4mtliche Zugarten verwendet, in ihren letzten Betriebsjahren noch vor leichten und mittelschweren G\u00fcterz\u00fcgen. Seit 1992 wird dieser Lokomotivtyp bei den DSB nicht mehr planm\u00e4\u00dfig eingesetzt. In Deutschland haben einige Lokomotiven h\u00e4ufiger den Eigent\u00fcmer gewechselt: Nach Eins\u00e4tzen der Eurotrac-Lokomotiven bei der Norddeutschen Eisenbahn-Gesellschaft (NEG), bei Eichholz Verkehr und Logistik sowie Eichholz Eivel GmbH wurden sie an verschiedene Unternehmen weiterverkauft. Diese Version der Nohab geh\u00f6rt dem deutschen Privatunternehmen NEG. Diese Lok stellt die Strabag Lok im Santa Fe Design dar.<\/p>\n<p>The model can be equipped with one or two powered up drives or one or two 9V motors.<\/p>\n<p>The minimum radius is R40.<\/p>\n<p><strong>Save 10% on your first purchase at Webrick with code \"Stoneheap\".<\/strong><\/p>\n<div class=\"steine-button\" style=\"width: 250px; padding: 10px; border: 0px solid #105F8B; border-radius: 25px; height: 45px; background-color: #105f8b;\"><a style=\"color: #fff; text-align: center; font-weight: 900;\" href=\"https:\/\/www.webrick.com\/wp_collection\/share\/gDkdhOxITjx55q1JJNjtfBgE5SVxyADp\/#aid=stoneheap\" rel=\"nofollow noopener\" target=\"_blank\"> Order parts EXTERNALLY now<\/a><\/div>","protected":false},"excerpt":{"rendered":"<p>Bei dem hier angebotenen Artikel handelt es sich um eine digitale Aufbauanleitung im PDF-Dateiformat. Es sind keine Bauelemente im Angebot enthalten! Bei der Abbildung handelt es sich um ein digital erstelltes Bild und soll lediglich das fertige Produkt darstellen. Anzahl der ben\u00f6tigten Steine: 664 Schwierigkeitsgrad: leicht Altersempfehlung: 12+ Designt by: Mario Die DSB MY (II) [&hellip;]<\/p>","protected":false},"featured_media":6208,"comment_status":"open","ping_status":"closed","template":"","meta":[],"product_brand":[],"product_cat":[43,65,84],"product_tag":[20,26,50],"class_list":{"0":"post-6205","1":"product","2":"type-product","3":"status-publish","4":"has-post-thumbnail","6":"product_cat-pdf-bauanleitungen","7":"product_cat-pdf-bauanleitungen-easy","8":"product_cat-dieselloks","9":"product_tag-6-noppen","10":"product_tag-diesellok","11":"product_tag-pdf-bauanleitung","13":"first","14":"instock","15":"downloadable","16":"virtual","17":"sold-individually","18":"taxable","19":"purchasable","20":"product-type-simple"},"jetpack_sharing_enabled":true,"_links":{"self":[{"href":"https:\/\/stone-heap.com\/en\/wp-json\/wp\/v2\/product\/6205","targetHints":{"allow":["GET"]}}],"collection":[{"href":"https:\/\/stone-heap.com\/en\/wp-json\/wp\/v2\/product"}],"about":[{"href":"https:\/\/stone-heap.com\/en\/wp-json\/wp\/v2\/types\/product"}],"replies":[{"embeddable":true,"href":"https:\/\/stone-heap.com\/en\/wp-json\/wp\/v2\/comments?post=6205"}],"version-history":[{"count":0,"href":"https:\/\/stone-heap.com\/en\/wp-json\/wp\/v2\/product\/6205\/revisions"}],"wp:featuredmedia":[{"embeddable":true,"href":"https:\/\/stone-heap.com\/en\/wp-json\/wp\/v2\/media\/6208"}],"wp:attachment":[{"href":"https:\/\/stone-heap.com\/en\/wp-json\/wp\/v2\/media?parent=6205"}],"wp:term":[{"taxonomy":"product_brand","embeddable":true,"href":"https:\/\/stone-heap.com\/en\/wp-json\/wp\/v2\/product_brand?post=6205"},{"taxonomy":"product_cat","embeddable":true,"href":"https:\/\/stone-heap.com\/en\/wp-json\/wp\/v2\/product_cat?post=6205"},{"taxonomy":"product_tag","embeddable":true,"href":"https:\/\/stone-heap.com\/en\/wp-json\/wp\/v2\/product_tag?post=6205"}],"curies":[{"name":"wp","href":"https:\/\/api.w.org\/{rel}","templated":true}]}}