{"id":6317,"date":"2023-04-01T18:00:10","date_gmt":"2023-04-01T16:00:10","guid":{"rendered":"https:\/\/stone-heap.com\/?post_type=product&#038;p=6317"},"modified":"2023-09-21T13:15:42","modified_gmt":"2023-09-21T11:15:42","slug":"getreidewagen","status":"publish","type":"product","link":"https:\/\/stone-heap.com\/en\/shop\/pdf-bauanleitungen\/produkt\/getreidewagen\/","title":{"rendered":"SNCF Getreidewagen"},"content":{"rendered":"<p>The item offered here is a digital assembly instruction in PDF file format. <strong>There are no construction elements included in the offer! <\/strong>The image is a digitally created image and is only intended to represent the finished product.<\/p>\n<p>Anzahl der ben\u00f6tigten Steine: 388<br \/>\nLevel of difficulty: Easy<br \/>\nAge recommendation: 10+<br \/>\nDesigned by: <a href=\"https:\/\/stone-heap.com\/en\/ueber-uns\/\">Mario<\/a><\/p>\n<p>Der Wagen Typ Uagps ist eine metallische Schwei\u00dfkonstruktion mit Schwerkraftentladung, f\u00fcr den Transport der Getreide (Roggen, Mais, Gerste, Hafer, Weizen, Rohreis), sowie Sonnenblumenkerne, Sojabohnen und Schrot geeignet. Der Wagen ist auf dem Dach auf der L\u00e4ngstachse mit einer Einf\u00fclll\u00f6ffnung auf der ganzen Dachl\u00e4nge ausgestattet, die die Einf\u00fcllung mittels Bahntransport oder direkt aus dem Silos erm\u00f6glicht. Die Einf\u00fcll\u00f6ffnung wird durch 4 klappbaren Abdeckungen vorgesehen. F\u00fcr die Entladung ist der Wagen mit 3 Entlade\u00f6ffnungen zwischen den Drehgestellen vorgesehen, liegend in der Kastenl\u00e4ngsachse. Die Entladung erfolgt durch Schwerkraft, mittels eines Zahnradsystems zum Antrieb der Entladungs\u00f6ffnungen.<\/p>\n<p>Minimum radius is R40.<\/p>\n<p><strong>Save 10% on your first purchase at Webrick with code \"Stoneheap\".<\/strong><\/p>\n<div class=\"steine-button\" style=\"width: 250px; padding: 10px; border: 0px solid #105F8B; border-radius: 25px; height: 45px; background-color: #105f8b;\"><a style=\"color: #fff; text-align: center; font-weight: 900;\" href=\"https:\/\/www.webrick.com\/wp_collection\/share\/UBDbQFBBg4QN9cWSya2i5X3JEktGAR3U\/#aid=stoneheap\" rel=\"nofollow noopener\" target=\"_blank\"> Order parts EXTERNALLY now<\/a><\/div>","protected":false},"excerpt":{"rendered":"<p>Bei dem hier angebotenen Artikel handelt es sich um eine digitale Aufbauanleitung im PDF-Dateiformat. Es sind keine Bauelemente im Angebot enthalten! Bei der Abbildung handelt es sich um ein digital erstelltes Bild und soll lediglich das fertige Produkt darstellen. Anzahl der ben\u00f6tigten Steine: 388 Schwierigkeitsgrad: leicht Altersempfehlung: 10+ Designt by: Mario Der Wagen Typ Uagps [&hellip;]<\/p>","protected":false},"featured_media":8995,"comment_status":"open","ping_status":"closed","template":"","meta":[],"product_brand":[],"product_cat":[43,65,115],"product_tag":[20,79,50],"class_list":{"0":"post-6317","1":"product","2":"type-product","3":"status-publish","4":"has-post-thumbnail","6":"product_cat-pdf-bauanleitungen","7":"product_cat-pdf-bauanleitungen-easy","8":"product_cat-gueterwagen","9":"product_tag-6-noppen","10":"product_tag-gueterwagen","11":"product_tag-pdf-bauanleitung","13":"first","14":"instock","15":"downloadable","16":"virtual","17":"sold-individually","18":"taxable","19":"purchasable","20":"product-type-simple"},"jetpack_sharing_enabled":true,"_links":{"self":[{"href":"https:\/\/stone-heap.com\/en\/wp-json\/wp\/v2\/product\/6317","targetHints":{"allow":["GET"]}}],"collection":[{"href":"https:\/\/stone-heap.com\/en\/wp-json\/wp\/v2\/product"}],"about":[{"href":"https:\/\/stone-heap.com\/en\/wp-json\/wp\/v2\/types\/product"}],"replies":[{"embeddable":true,"href":"https:\/\/stone-heap.com\/en\/wp-json\/wp\/v2\/comments?post=6317"}],"version-history":[{"count":0,"href":"https:\/\/stone-heap.com\/en\/wp-json\/wp\/v2\/product\/6317\/revisions"}],"wp:featuredmedia":[{"embeddable":true,"href":"https:\/\/stone-heap.com\/en\/wp-json\/wp\/v2\/media\/8995"}],"wp:attachment":[{"href":"https:\/\/stone-heap.com\/en\/wp-json\/wp\/v2\/media?parent=6317"}],"wp:term":[{"taxonomy":"product_brand","embeddable":true,"href":"https:\/\/stone-heap.com\/en\/wp-json\/wp\/v2\/product_brand?post=6317"},{"taxonomy":"product_cat","embeddable":true,"href":"https:\/\/stone-heap.com\/en\/wp-json\/wp\/v2\/product_cat?post=6317"},{"taxonomy":"product_tag","embeddable":true,"href":"https:\/\/stone-heap.com\/en\/wp-json\/wp\/v2\/product_tag?post=6317"}],"curies":[{"name":"wp","href":"https:\/\/api.w.org\/{rel}","templated":true}]}}