{"id":6451,"date":"2022-08-16T19:44:42","date_gmt":"2022-08-16T17:44:42","guid":{"rendered":"https:\/\/stone-heap.com\/?post_type=product&#038;p=6451"},"modified":"2025-08-02T21:41:37","modified_gmt":"2025-08-02T19:41:37","slug":"havag-stadtlinienbus-citaro-2","status":"publish","type":"product","link":"https:\/\/stone-heap.com\/en\/shop\/komplettsets\/produkt\/havag-stadtlinienbus-citaro-2\/","title":{"rendered":"Havag - Citaro 2 city bus"},"content":{"rendered":"<p>Number of stones: 292<br \/>\nLevel of difficulty: Easy<br \/>\nAge recommendation: 8+<br \/>\nLength: 24 cm<br \/>\nDesigner: <a href=\"https:\/\/derklassiker.at\/\" target=\"_blank\" rel=\"nofollow noopener\">derKlassiker<\/a><br \/>\nLicensing partner: <a href=\"https:\/\/havag.com\/\" rel=\"nofollow noopener\" target=\"_blank\">Havag<\/a><\/p>\n<p>This beautiful city bus from HAVAG makes every eye sparkle. Just like the original, there are 3 doors that you can easily open or close. You can also remove the roof so that you can put various minifigures inside. Inside, there is room for 6 passengers and a driver. With the corresponding stickers, the bus can be fitted into its original look. Depending on your needs, you can also equip the bus with lights. For this, however, a Bluetooth hub and the matching lights are required.<\/p>","protected":false},"excerpt":{"rendered":"<p>Anzahl der Steine: 292 Schwierigkeitsgrad: Leicht Altersempfehlung: 8+ L\u00e4nge: 24 cm Designer: derKlassiker Lizenzpartner: Havag Dieser wundersch\u00f6ne Stadtlinienbus von HAVAG l\u00e4sst jede Augen zum Strahlen bringen. Wie im Original sind 3 T\u00fcren vorhanden, welche man ganz einfach \u00f6ffnen oder schlie\u00dfen kann. Au\u00dferdem kann man das Dach abnehmen, sodass man diverse Minifiguren hineinsetzen kann. Im inneren [&hellip;]<\/p>","protected":false},"featured_media":6455,"comment_status":"open","ping_status":"closed","template":"","meta":[],"product_brand":[],"product_cat":[44,128],"product_tag":[121,224,120],"class_list":{"0":"post-6451","1":"product","2":"type-product","3":"status-publish","4":"has-post-thumbnail","6":"product_cat-komplettsets","7":"product_cat-derklassiker","8":"product_tag-bus","9":"product_tag-havag","10":"product_tag-komplettsets","11":"product_shipping_class-set-versand-neu","13":"first","14":"outofstock","15":"taxable","16":"shipping-taxable","17":"purchasable","18":"product-type-simple"},"jetpack_sharing_enabled":true,"_links":{"self":[{"href":"https:\/\/stone-heap.com\/en\/wp-json\/wp\/v2\/product\/6451","targetHints":{"allow":["GET"]}}],"collection":[{"href":"https:\/\/stone-heap.com\/en\/wp-json\/wp\/v2\/product"}],"about":[{"href":"https:\/\/stone-heap.com\/en\/wp-json\/wp\/v2\/types\/product"}],"replies":[{"embeddable":true,"href":"https:\/\/stone-heap.com\/en\/wp-json\/wp\/v2\/comments?post=6451"}],"version-history":[{"count":2,"href":"https:\/\/stone-heap.com\/en\/wp-json\/wp\/v2\/product\/6451\/revisions"}],"predecessor-version":[{"id":16224,"href":"https:\/\/stone-heap.com\/en\/wp-json\/wp\/v2\/product\/6451\/revisions\/16224"}],"wp:featuredmedia":[{"embeddable":true,"href":"https:\/\/stone-heap.com\/en\/wp-json\/wp\/v2\/media\/6455"}],"wp:attachment":[{"href":"https:\/\/stone-heap.com\/en\/wp-json\/wp\/v2\/media?parent=6451"}],"wp:term":[{"taxonomy":"product_brand","embeddable":true,"href":"https:\/\/stone-heap.com\/en\/wp-json\/wp\/v2\/product_brand?post=6451"},{"taxonomy":"product_cat","embeddable":true,"href":"https:\/\/stone-heap.com\/en\/wp-json\/wp\/v2\/product_cat?post=6451"},{"taxonomy":"product_tag","embeddable":true,"href":"https:\/\/stone-heap.com\/en\/wp-json\/wp\/v2\/product_tag?post=6451"}],"curies":[{"name":"wp","href":"https:\/\/api.w.org\/{rel}","templated":true}]}}