{"id":6563,"date":"2023-01-14T10:30:56","date_gmt":"2023-01-14T09:30:56","guid":{"rendered":"https:\/\/stone-heap.com\/?post_type=product&#038;p=6563"},"modified":"2025-10-23T16:07:36","modified_gmt":"2025-10-23T14:07:36","slug":"rosewein-set","status":"publish","type":"product","link":"https:\/\/stone-heap.com\/en\/shop\/zubehoer\/produkt\/rosewein-set\/","title":{"rendered":"Rose wine set"},"content":{"rendered":"<p class=\"translation-block\">Made and reworked from <strong>original LEGO\u00ae components<\/strong>. Not an official LEGO\u00ae product. Image similar. Final product may vary in colour and may contain small air pockets.<\/p>\n<p>Probably the oldest drink in the world by far and once the staple food of the Romans, it still finds its way into the mouths of your minifigures today, elegantly packaged in tetra packs or disposable glass bottles. Whether white, rose or red ... fermented grape must is apparently somehow delicious. If you mean ... did you know that wine used to be made by walking on it with bare feet? Disgusting, isn't it? But now we know why cheese goes so well with it.<\/p>","protected":false},"excerpt":{"rendered":"<p>Hergestellt und nachbearbeitet aus original LEGO\u00ae Komponenten. Kein offizielles LEGO\u00ae Produkt. Abbildung \u00e4hnlich. Endprodukt kann farblich abweichen und ggf. kleine Lufteinschl\u00fcsse enthalten. Das wohl mit Abstand \u00e4lteste Getr\u00e4nk der Welt und einstige Grundnahrungsmittel der R\u00f6mer findet auch heute noch, edel verpackt in Tetrapacks oder Einwegglasfalschen, den Weg in die M\u00fcnder deiner Minifiguren. Egal ob wei\u00df, [&hellip;]<\/p>","protected":false},"featured_media":6554,"comment_status":"open","ping_status":"closed","template":"","meta":[],"product_brand":[],"product_cat":[98,225],"product_tag":[226,231],"class_list":{"0":"post-6563","1":"product","2":"type-product","3":"status-publish","4":"has-post-thumbnail","6":"product_cat-zubehoer","7":"product_cat-minifigur-accessoires","8":"product_tag-minifigur-accessoires","9":"product_tag-wein","10":"product_shipping_class-kleinartikel-versand","12":"first","13":"outofstock","14":"sale","15":"taxable","16":"shipping-taxable","17":"purchasable","18":"product-type-simple"},"jetpack_sharing_enabled":true,"_links":{"self":[{"href":"https:\/\/stone-heap.com\/en\/wp-json\/wp\/v2\/product\/6563","targetHints":{"allow":["GET"]}}],"collection":[{"href":"https:\/\/stone-heap.com\/en\/wp-json\/wp\/v2\/product"}],"about":[{"href":"https:\/\/stone-heap.com\/en\/wp-json\/wp\/v2\/types\/product"}],"replies":[{"embeddable":true,"href":"https:\/\/stone-heap.com\/en\/wp-json\/wp\/v2\/comments?post=6563"}],"version-history":[{"count":1,"href":"https:\/\/stone-heap.com\/en\/wp-json\/wp\/v2\/product\/6563\/revisions"}],"predecessor-version":[{"id":16104,"href":"https:\/\/stone-heap.com\/en\/wp-json\/wp\/v2\/product\/6563\/revisions\/16104"}],"wp:featuredmedia":[{"embeddable":true,"href":"https:\/\/stone-heap.com\/en\/wp-json\/wp\/v2\/media\/6554"}],"wp:attachment":[{"href":"https:\/\/stone-heap.com\/en\/wp-json\/wp\/v2\/media?parent=6563"}],"wp:term":[{"taxonomy":"product_brand","embeddable":true,"href":"https:\/\/stone-heap.com\/en\/wp-json\/wp\/v2\/product_brand?post=6563"},{"taxonomy":"product_cat","embeddable":true,"href":"https:\/\/stone-heap.com\/en\/wp-json\/wp\/v2\/product_cat?post=6563"},{"taxonomy":"product_tag","embeddable":true,"href":"https:\/\/stone-heap.com\/en\/wp-json\/wp\/v2\/product_tag?post=6563"}],"curies":[{"name":"wp","href":"https:\/\/api.w.org\/{rel}","templated":true}]}}