{"id":6573,"date":"2022-09-14T00:01:20","date_gmt":"2022-09-13T22:01:20","guid":{"rendered":"https:\/\/stone-heap.com\/?post_type=product&#038;p=6573"},"modified":"2025-09-23T20:48:00","modified_gmt":"2025-09-23T18:48:00","slug":"swimmingpool-cocktail","status":"publish","type":"product","link":"https:\/\/stone-heap.com\/en\/shop\/zubehoer\/produkt\/swimmingpool-cocktail\/","title":{"rendered":"Swimming pool - Cocktail"},"content":{"rendered":"<p class=\"translation-block\">Made and reworked from <strong>original LEGO\u00ae components<\/strong>. Not an official LEGO\u00ae product. Image similar. Final product may vary in colour and may contain small air pockets.<\/p>\n<p>Splash ... how refreshing! Such a jump into the cool water ... Stop! Wait a minute. This is not a description of a paddling pool, but a real tasty classic from the cocktail menu! A symbiosis of creamy coconut, fruity fresh pineapple and a little Blue Curacao for colour ... simply delicious, isn't it? Our minifigures are certainly enjoying themselves by the pool.<\/p>","protected":false},"excerpt":{"rendered":"<p>Hergestellt und nachbearbeitet aus original LEGO\u00ae Komponenten. Kein offizielles LEGO\u00ae Produkt. Abbildung \u00e4hnlich. Endprodukt kann farblich abweichen und ggf. kleine Lufteinschl\u00fcsse enthalten. Platsch &#8230; hach wie erfrischend! So ein Sprung ins k\u00fchle Nass \u2026 Halt! Moment. Hier geht es doch nicht um die Beschreibung eines Planschbeckens, sondern um einen echten leckeren Klassiker von der Cocktailkarte! [&hellip;]<\/p>","protected":false},"featured_media":6558,"comment_status":"open","ping_status":"closed","template":"","meta":[],"product_brand":[],"product_cat":[98,225],"product_tag":[227,226],"class_list":{"0":"post-6573","1":"product","2":"type-product","3":"status-publish","4":"has-post-thumbnail","6":"product_cat-zubehoer","7":"product_cat-minifigur-accessoires","8":"product_tag-cocktails","9":"product_tag-minifigur-accessoires","10":"product_shipping_class-kleinartikel-versand","12":"first","13":"outofstock","14":"sale","15":"taxable","16":"shipping-taxable","17":"purchasable","18":"product-type-simple"},"jetpack_sharing_enabled":true,"_links":{"self":[{"href":"https:\/\/stone-heap.com\/en\/wp-json\/wp\/v2\/product\/6573","targetHints":{"allow":["GET"]}}],"collection":[{"href":"https:\/\/stone-heap.com\/en\/wp-json\/wp\/v2\/product"}],"about":[{"href":"https:\/\/stone-heap.com\/en\/wp-json\/wp\/v2\/types\/product"}],"replies":[{"embeddable":true,"href":"https:\/\/stone-heap.com\/en\/wp-json\/wp\/v2\/comments?post=6573"}],"version-history":[{"count":1,"href":"https:\/\/stone-heap.com\/en\/wp-json\/wp\/v2\/product\/6573\/revisions"}],"predecessor-version":[{"id":16119,"href":"https:\/\/stone-heap.com\/en\/wp-json\/wp\/v2\/product\/6573\/revisions\/16119"}],"wp:featuredmedia":[{"embeddable":true,"href":"https:\/\/stone-heap.com\/en\/wp-json\/wp\/v2\/media\/6558"}],"wp:attachment":[{"href":"https:\/\/stone-heap.com\/en\/wp-json\/wp\/v2\/media?parent=6573"}],"wp:term":[{"taxonomy":"product_brand","embeddable":true,"href":"https:\/\/stone-heap.com\/en\/wp-json\/wp\/v2\/product_brand?post=6573"},{"taxonomy":"product_cat","embeddable":true,"href":"https:\/\/stone-heap.com\/en\/wp-json\/wp\/v2\/product_cat?post=6573"},{"taxonomy":"product_tag","embeddable":true,"href":"https:\/\/stone-heap.com\/en\/wp-json\/wp\/v2\/product_tag?post=6573"}],"curies":[{"name":"wp","href":"https:\/\/api.w.org\/{rel}","templated":true}]}}