{"id":6635,"date":"2022-09-14T00:24:56","date_gmt":"2022-09-13T22:24:56","guid":{"rendered":"https:\/\/stone-heap.com\/?post_type=product&#038;p=6635"},"modified":"2025-10-23T16:07:54","modified_gmt":"2025-10-23T14:07:54","slug":"lagerbier","status":"publish","type":"product","link":"https:\/\/stone-heap.com\/en\/shop\/zubehoer\/produkt\/lagerbier\/","title":{"rendered":"Lager beer"},"content":{"rendered":"<p class=\"translation-block\">Made and reworked from <strong>original LEGO\u00ae components<\/strong>. Not an official LEGO\u00ae product. Image similar. Final product may vary in colour and may contain small air pockets.<\/p>\n<p>With the beers from the Stone Heap Brewery, neither hops nor malt are lost! Whether Pilsner style, strong black beer or a delicious lager - here your minifigures will always find the right after-work drink after a hard day on the rocky construction site.<\/p>","protected":false},"excerpt":{"rendered":"<p>Hergestellt und nachbearbeitet aus original LEGO\u00ae Komponenten. Kein offizielles LEGO\u00ae Produkt. Abbildung \u00e4hnlich. Endprodukt kann farblich abweichen und ggf. kleine Lufteinschl\u00fcsse enthalten. Mit den Bieren aus der Stone Heap Brewery ist weder Hopfen noch Malz verloren! Egal ob Pilsner Art, kr\u00e4ftiges Schwarzbier oder ein leckeres Lager \u2013 hier finden deine Minifiguren immer das passende Feierabendgetr\u00e4nk [&hellip;]<\/p>","protected":false},"featured_media":6640,"comment_status":"open","ping_status":"closed","template":"","meta":[],"product_brand":[],"product_cat":[98,225],"product_tag":[228,226],"class_list":{"0":"post-6635","1":"product","2":"type-product","3":"status-publish","4":"has-post-thumbnail","6":"product_cat-zubehoer","7":"product_cat-minifigur-accessoires","8":"product_tag-bier","9":"product_tag-minifigur-accessoires","10":"product_shipping_class-kleinartikel-versand","11":"pa_set-1x","12":"pa_set-5x","14":"first","15":"outofstock","16":"sale","17":"taxable","18":"shipping-taxable","19":"purchasable","20":"product-type-variable"},"jetpack_sharing_enabled":true,"_links":{"self":[{"href":"https:\/\/stone-heap.com\/en\/wp-json\/wp\/v2\/product\/6635","targetHints":{"allow":["GET"]}}],"collection":[{"href":"https:\/\/stone-heap.com\/en\/wp-json\/wp\/v2\/product"}],"about":[{"href":"https:\/\/stone-heap.com\/en\/wp-json\/wp\/v2\/types\/product"}],"replies":[{"embeddable":true,"href":"https:\/\/stone-heap.com\/en\/wp-json\/wp\/v2\/comments?post=6635"}],"version-history":[{"count":1,"href":"https:\/\/stone-heap.com\/en\/wp-json\/wp\/v2\/product\/6635\/revisions"}],"predecessor-version":[{"id":16111,"href":"https:\/\/stone-heap.com\/en\/wp-json\/wp\/v2\/product\/6635\/revisions\/16111"}],"wp:featuredmedia":[{"embeddable":true,"href":"https:\/\/stone-heap.com\/en\/wp-json\/wp\/v2\/media\/6640"}],"wp:attachment":[{"href":"https:\/\/stone-heap.com\/en\/wp-json\/wp\/v2\/media?parent=6635"}],"wp:term":[{"taxonomy":"product_brand","embeddable":true,"href":"https:\/\/stone-heap.com\/en\/wp-json\/wp\/v2\/product_brand?post=6635"},{"taxonomy":"product_cat","embeddable":true,"href":"https:\/\/stone-heap.com\/en\/wp-json\/wp\/v2\/product_cat?post=6635"},{"taxonomy":"product_tag","embeddable":true,"href":"https:\/\/stone-heap.com\/en\/wp-json\/wp\/v2\/product_tag?post=6635"}],"curies":[{"name":"wp","href":"https:\/\/api.w.org\/{rel}","templated":true}]}}