{"id":8403,"date":"2023-02-22T19:00:31","date_gmt":"2023-02-22T18:00:31","guid":{"rendered":"https:\/\/stone-heap.com\/?post_type=product&#038;p=8403"},"modified":"2026-04-24T10:29:18","modified_gmt":"2026-04-24T08:29:18","slug":"2x-m-rad-24mm-blind","status":"publish","type":"product","link":"https:\/\/stone-heap.com\/en\/shop\/zubehoer\/produkt\/2x-m-rad-24mm-blind\/","title":{"rendered":"2x M-wheel 24mm blind"},"content":{"rendered":"<p>Our towing wheel is made from high-strength and durable injection-moulded material that can withstand even the most demanding operating conditions.<\/p>\n<p>Unsere R\u00e4der werden <strong>NICHT<\/strong> mit O-Ringen geliefert.<\/p>\n<p>Not suitable for children under 3 years due to small parts that can be swallowed! Choking hazard, please do not leave your child unattended while playing as components or parts can be swallowed or inhaled!<\/p>","protected":false},"excerpt":{"rendered":"<p>Unser Zugrad wird aus hochfestem und langlebigem Spritzgussmaterial gefertigt, das selbst den anspruchsvollsten Betriebsbedingungen standh\u00e4lt. Unsere R\u00e4der werden NICHT mit O-Ringen geliefert. Nicht geeignet f\u00fcr Kinder unter 3 Jahren aufgrund verschluckbarer Kleinteile! Erstickungsgefahr, bitte lassen Sie Ihr Kind beim spielen nicht unbeaufsichtigt, da Bauteile oder Teile davon verschluckt oder eingeatmet werden k\u00f6nnen!<\/p>","protected":false},"featured_media":12847,"comment_status":"open","ping_status":"closed","template":"","meta":[],"product_brand":[],"product_cat":[98,101,449,43],"product_tag":[124,123],"class_list":{"0":"post-8403","1":"product","2":"type-product","3":"status-publish","4":"has-post-thumbnail","6":"product_cat-zubehoer","7":"product_cat-zugraeder-zubehoer","8":"product_cat-rot","9":"product_cat-pdf-bauanleitungen","10":"product_tag-raeder","11":"product_tag-zubehoer","12":"product_shipping_class-kleinartikel-versand","14":"first","15":"instock","16":"sale","17":"taxable","18":"shipping-taxable","19":"purchasable","20":"product-type-simple"},"jetpack_sharing_enabled":true,"_links":{"self":[{"href":"https:\/\/stone-heap.com\/en\/wp-json\/wp\/v2\/product\/8403","targetHints":{"allow":["GET"]}}],"collection":[{"href":"https:\/\/stone-heap.com\/en\/wp-json\/wp\/v2\/product"}],"about":[{"href":"https:\/\/stone-heap.com\/en\/wp-json\/wp\/v2\/types\/product"}],"replies":[{"embeddable":true,"href":"https:\/\/stone-heap.com\/en\/wp-json\/wp\/v2\/comments?post=8403"}],"version-history":[{"count":4,"href":"https:\/\/stone-heap.com\/en\/wp-json\/wp\/v2\/product\/8403\/revisions"}],"predecessor-version":[{"id":21527,"href":"https:\/\/stone-heap.com\/en\/wp-json\/wp\/v2\/product\/8403\/revisions\/21527"}],"wp:featuredmedia":[{"embeddable":true,"href":"https:\/\/stone-heap.com\/en\/wp-json\/wp\/v2\/media\/12847"}],"wp:attachment":[{"href":"https:\/\/stone-heap.com\/en\/wp-json\/wp\/v2\/media?parent=8403"}],"wp:term":[{"taxonomy":"product_brand","embeddable":true,"href":"https:\/\/stone-heap.com\/en\/wp-json\/wp\/v2\/product_brand?post=8403"},{"taxonomy":"product_cat","embeddable":true,"href":"https:\/\/stone-heap.com\/en\/wp-json\/wp\/v2\/product_cat?post=8403"},{"taxonomy":"product_tag","embeddable":true,"href":"https:\/\/stone-heap.com\/en\/wp-json\/wp\/v2\/product_tag?post=8403"}],"curies":[{"name":"wp","href":"https:\/\/api.w.org\/{rel}","templated":true}]}}