{"id":9305,"date":"2023-06-01T10:51:20","date_gmt":"2023-06-01T08:51:20","guid":{"rendered":"https:\/\/stone-heap.com\/?post_type=product&#038;p=9305"},"modified":"2023-06-01T10:51:20","modified_gmt":"2023-06-01T08:51:20","slug":"dr-br-52-2","status":"publish","type":"product","link":"https:\/\/stone-heap.com\/en\/shop\/pdf-bauanleitungen\/produkt\/dr-br-52-2\/","title":{"rendered":"DR BR 52"},"content":{"rendered":"<p>The item offered here is a digital assembly instruction in PDF file format. <b>There are no construction elements included in the offer! <\/b>The image is a digitally created image and is only intended to represent the finished product.<\/p>\n<p>Number of bricks required: 1,303<br \/>\nLevel of difficulty: Hard<br \/>\nAge recommendation: 18+<br \/>\nDesigned by: <a href=\"https:\/\/stone-heap.com\/en\/ueber-uns\/\">Andi<\/a><\/p>\n<p>In addition to the parts list, you will need the following wheels in the colour red:<\/p>\n<p>8x <a href=\"https:\/\/stone-heap.com\/en\/shop\/zubehoer\/produkt\/2-s-raeder-176mm\/\">S-wheels 17,6mm<\/a> (alternatively, normal railway wheels can also be used)<br \/>\n4x <a href=\"https:\/\/stone-heap.com\/en\/shop\/pdf-bauanleitungen\/produkt\/2x-ml-raeder-272mm-2\/\">ML wheel<\/a><br \/>\n6x <a href=\"https:\/\/stone-heap.com\/en\/shop\/pdf-bauanleitungen\/produkt\/2x-ml-raeder-272mm-blind\/\">ML wheel without wheel flange<\/a><\/p>\n<p>During the Second World War, the demand for freight locomotives rose sharply. In order to be able to put machines into service as quickly and cheaply as possible, the DRG commissioned so-called war locomotives. Probably the best known of these war locomotives is the class 52, of which a total of more than 7000 units were built.<\/p>\n<p>They are closely related to the class 50, but the design was greatly simplified. This resulted in a 30% saving in working time and 12 tonnes of steel per locomotive.<\/p>\n<p>The original plan of the management at the time gave the machines a maximum lifespan of 10 years, but nothing came of it due to the lost war. In the GDR, the locomotives remained in service, partially modernised, until the official end of steam locomotives in 1988 and beyond. Even the DBAG used modernised, so-called recolocomotives in scheduled service in the greater Berlin area until 1994.<\/p>\n<p>The German Federal Railway, on the other hand, phased out its 52s by October 1957. The boilers were recycled to replace the non-ageing steam generators of the 50 series.<\/p>\n<p>The model shows the DR or early DB condition with old building boiler and tub tender. The locomotive is powered by an L-engine and Powerfuctions system, a steam module can also be installed. The model can be driven from the R-56 radius.<\/p>\n<p>You can purchase a steam generator here: <a href=\"https:\/\/joooooy.com\/products\/1pcs-fogger?_pos=1&amp;_sid=20125db98&amp;_ss=r\" target=\"_blank\" rel=\"nofollow noopener\">www.joooooy.com<\/a><\/p>\n<p><strong>Save 10% on your first purchase at Webrick with code \"Stoneheap\".<\/strong><\/p>\n<div class=\"steine-button\" style=\"width: 250px; padding: 10px; border: 0px solid #105F8B; border-radius: 25px; height: 45px; background-color: #105f8b;\"><a style=\"color: #fff; text-align: center; font-weight: 900;\" href=\"https:\/\/www.webrick.com\/wp_collection\/share\/DXqJAaaYA5XHjdUNuXQKQjE5aIXIfM5v\/#aid=stoneheap\" rel=\"nofollow noopener\" target=\"_blank\"> Order parts EXTERNALLY now<\/a><\/div>\n<p>&nbsp;<\/p>","protected":false},"excerpt":{"rendered":"<p>Bei dem hier angebotenen Artikel handelt es sich um eine digitale Aufbauanleitung im PDF-Dateiformat. Es sind keine Bauelemente im Angebot enthalten! Bei der Abbildung handelt es sich um ein digital erstelltes Bild und soll lediglich das fertige Produkt darstellen. Anzahl der ben\u00f6tigten Steine: 1.303 Schwierigkeitsgrad: schwer Altersempfehlung: 18+ Designt by: Andi Zus\u00e4tzlich zur Teileliste ben\u00f6tigen [&hellip;]<\/p>","protected":false},"featured_media":9312,"comment_status":"open","ping_status":"closed","template":"","meta":[],"product_brand":[],"product_cat":[43,66,69],"product_tag":[16,30,50],"class_list":{"0":"post-9305","1":"product","2":"type-product","3":"status-publish","4":"has-post-thumbnail","6":"product_cat-pdf-bauanleitungen","7":"product_cat-pdf-bauanleitungen-pro","8":"product_cat-dampfloks","9":"product_tag-8-noppen","10":"product_tag-dampflok","11":"product_tag-pdf-bauanleitung","13":"first","14":"instock","15":"downloadable","16":"virtual","17":"sold-individually","18":"taxable","19":"purchasable","20":"product-type-simple"},"jetpack_sharing_enabled":true,"_links":{"self":[{"href":"https:\/\/stone-heap.com\/en\/wp-json\/wp\/v2\/product\/9305","targetHints":{"allow":["GET"]}}],"collection":[{"href":"https:\/\/stone-heap.com\/en\/wp-json\/wp\/v2\/product"}],"about":[{"href":"https:\/\/stone-heap.com\/en\/wp-json\/wp\/v2\/types\/product"}],"replies":[{"embeddable":true,"href":"https:\/\/stone-heap.com\/en\/wp-json\/wp\/v2\/comments?post=9305"}],"version-history":[{"count":0,"href":"https:\/\/stone-heap.com\/en\/wp-json\/wp\/v2\/product\/9305\/revisions"}],"wp:featuredmedia":[{"embeddable":true,"href":"https:\/\/stone-heap.com\/en\/wp-json\/wp\/v2\/media\/9312"}],"wp:attachment":[{"href":"https:\/\/stone-heap.com\/en\/wp-json\/wp\/v2\/media?parent=9305"}],"wp:term":[{"taxonomy":"product_brand","embeddable":true,"href":"https:\/\/stone-heap.com\/en\/wp-json\/wp\/v2\/product_brand?post=9305"},{"taxonomy":"product_cat","embeddable":true,"href":"https:\/\/stone-heap.com\/en\/wp-json\/wp\/v2\/product_cat?post=9305"},{"taxonomy":"product_tag","embeddable":true,"href":"https:\/\/stone-heap.com\/en\/wp-json\/wp\/v2\/product_tag?post=9305"}],"curies":[{"name":"wp","href":"https:\/\/api.w.org\/{rel}","templated":true}]}}